{"id":1648,"date":"2021-09-06T15:12:35","date_gmt":"2021-09-06T13:12:35","guid":{"rendered":"https:\/\/www.savoiaterme.it\/sport-golf-co\/"},"modified":"2022-10-14T11:57:07","modified_gmt":"2022-10-14T09:57:07","slug":"sport-golf-co","status":"publish","type":"page","link":"https:\/\/www.savoiaterme.it\/de\/hotel\/aktivitaeten\/sport-golf-co\/","title":{"rendered":"Sport, Golf &#038; co"},"content":{"rendered":"<div  class=\"grids-section grids-is-advanced alignfull\" style=\"--_gs-gap-desktop:0px 0px;--_gs-m-desktop:0 0 0 0;--_gs-p-desktop:0 0 0 0;--_gs-bg-desktop:#f7f6f8 none;--_gs-bg-xp-desktop:0px;--_gs-zi-desktop:auto;--_gs-d-desktop:block;--_gs-mw-desktop:calc(100% - 0 - 0);--_gs-gap-tablet:0px 0px;--_gs-m-tablet:0 0 0 0;--_gs-p-tablet:0 0 0 0;--_gs-bg-tablet:#f7f6f8 none;--_gs-bg-xp-tablet:0px;--_gs-zi-tablet:auto;--_gs-d-tablet:block;--_gs-mw-tablet:calc(100% - 0 - 0);--_gs-gap-mobile:0px 0px;--_gs-m-mobile:0 0 0 0;--_gs-p-mobile:0 0 0 0;--_gs-bg-mobile:#f7f6f8 none;--_gs-bg-xp-mobile:0px;--_gs-zi-mobile:auto;--_gs-d-mobile:block;--_gs-mw-mobile:calc(100% - 0 - 0);--_gs-columns:12;--_gs-rows:6\"><div class=\"grids-s-w_i\">\n<div class=\"grids-area\" style=\"--_ga-column:2\/12;--_ga-row:1\/5;--_ga-m-desktop:0 0 0 0;--_ga-p-desktop:10px 10px 10px 10px;--_ga-bg-desktop:transparent none;--_ga-zi-desktop:auto;--_ga-d-desktop:flex;--_ga-mw-desktop:calc(100% - 0 - 0);--_ga-m-tablet:0 0 0 0;--_ga-p-tablet:10px 10px 10px 10px;--_ga-bg-tablet:transparent none;--_ga-zi-tablet:auto;--_ga-d-tablet:flex;--_ga-mw-tablet:calc(100% - 0 - 0);--_ga-m-mobile:0 0 0 0;--_ga-p-mobile:10px 10px 10px 10px;--_ga-bg-mobile:transparent none;--_ga-zi-mobile:auto;--_ga-d-mobile:flex;--_ga-mw-mobile:calc(100% - 0 - 0)\">\n\n<p><strong>Neue Luft atmen. <\/strong>Urlaubs- und Freizeitduft. Wohlbefinden einatmen, Stress ausatmen. An der frischen Luft sein, sich der Zeit hingeben, sich neuen Raum schenken. <strong>Den K\u00f6rper und den Geist befreien<\/strong>. Sich f\u00fcr neue Erlebnisse begeistern und ihnen hingeben.<\/p>\n\n<\/div>\n<\/div><\/div>\n\n<div  class=\"grids-section grids-is-advanced alignfull\" style=\"--_gs-gap-desktop:0px 0px;--_gs-m-desktop:0 0 0 0;--_gs-p-desktop:0 0 0 0;--_gs-bg-desktop:transparent none;--_gs-bg-xp-desktop:0px;--_gs-zi-desktop:auto;--_gs-d-desktop:block;--_gs-mw-desktop:calc(100% - 0 - 0);--_gs-gap-tablet:0px 0px;--_gs-m-tablet:0 0 0 0;--_gs-p-tablet:0 0 0 0;--_gs-bg-tablet:transparent none;--_gs-bg-xp-tablet:0px;--_gs-zi-tablet:auto;--_gs-d-tablet:block;--_gs-mw-tablet:calc(100% - 0 - 0);--_gs-gap-mobile:0px 0px;--_gs-m-mobile:20px 0 20px 0;--_gs-p-mobile:0 0 0 0;--_gs-bg-mobile:transparent none;--_gs-bg-xp-mobile:0px;--_gs-zi-mobile:auto;--_gs-d-mobile:block;--_gs-mw-mobile:calc(100% - 0 - 0);--_gs-columns:12;--_gs-rows:6\"><div class=\"grids-s-w_i\">\n<div class=\"grids-area\" style=\"--_ga-column:2\/7;--_ga-row:1\/7;--_ga-va:center;--_ga-m-desktop:0 20px 0 0;--_ga-p-desktop:0 0 0 0;--_ga-bg-desktop:transparent none;--_ga-zi-desktop:auto;--_ga-d-desktop:flex;--_ga-mw-desktop:calc(100% - 0 - 20px);--_ga-m-tablet:0 20px 0 0;--_ga-p-tablet:0 0 0 0;--_ga-bg-tablet:transparent none;--_ga-zi-tablet:auto;--_ga-d-tablet:flex;--_ga-mw-tablet:calc(100% - 0 - 20px);--_ga-m-mobile:0 0px 0 0;--_ga-p-mobile:20px 0 20px 0;--_ga-bg-mobile:transparent none;--_ga-zi-mobile:auto;--_ga-d-mobile:flex;--_ga-mw-mobile:calc(100% - 0 - 0px)\">\n\n<h2 class=\"wp-block-heading\"><meta charset=\"utf-8\">Easy activities<\/h2>\n\n\n\n<p><strong>Euganeische H\u00fcgel Fahrradtour<\/strong><meta charset=\"utf-8\"><\/p>\n\n\n\n<p>Radfahrern bieten die Euganeischen H\u00fcgel <strong>zahlreiche Routen, um in die Natur einzutauchen<\/strong>, D\u00f6rfer, Schl\u00f6sser und Villen zu entdecken und einen Tag an der frischen Luft inmitten dieser wundersch\u00f6nen H\u00fcgel zu verbringen.<\/p>\n\n\n\n<p>Zu den bekanntesten und faszinierendsten Routen geh\u00f6ren die folgenden:<\/p>\n\n\n\n<ul class=\"wp-block-list\"><li>Der <strong>64 km<\/strong> <strong>lange<\/strong> <strong>Ring der Euganeischen H\u00fcgel<\/strong>, der einen Rundgang durch die ummauerten St\u00e4dte von Nieder-Padua bietet;<\/li><li>Die <strong>15 km lange Salz- und Zuckerroute<\/strong>, eine Route entlang der ruhigen Gew\u00e4sser der Kan\u00e4le, die einst von gro\u00dfen Schiffen f\u00fcr den Transport von Salz und Zucker durchquert wurden.<\/li><\/ul>\n\n<\/div>\n\n<div class=\"grids-area\" style=\"--_ga-column:7\/12;--_ga-row:1\/7;--_ga-va:center;--_ga-m-desktop:0 0 0 20px;--_ga-p-desktop:0 0 0 0;--_ga-bg-desktop:transparent none;--_ga-zi-desktop:auto;--_ga-d-desktop:flex;--_ga-mw-desktop:calc(100% - 20px - 0);--_ga-m-tablet:0 0 0 20px;--_ga-p-tablet:0 0 0 0;--_ga-bg-tablet:transparent none;--_ga-zi-tablet:auto;--_ga-d-tablet:flex;--_ga-mw-tablet:calc(100% - 20px - 0);--_ga-m-mobile:0 0 0 0px;--_ga-p-mobile:0 0 0 0;--_ga-bg-mobile:transparent none;--_ga-zi-mobile:auto;--_ga-d-mobile:flex;--_ga-mw-mobile:calc(100% - 0px - 0)\">\n\n<figure class=\"wp-block-image size-large image-background-overlay-effect\"><img style=\"background-color: #4d4e20;\" loading=\"lazy\" decoding=\"async\" width=\"1024\" height=\"683\" src=\"https:\/\/www.savoiaterme.it\/wp-content\/uploads\/2022\/08\/bici-colli-euganei-savoia-terme-abano-01-1024x683.jpg\" alt=\"\" class=\"wp-image-13287\" srcset=\"https:\/\/www.savoiaterme.it\/wp-content\/uploads\/2022\/08\/bici-colli-euganei-savoia-terme-abano-01-1024x683.jpg 1024w, https:\/\/www.savoiaterme.it\/wp-content\/uploads\/2022\/08\/bici-colli-euganei-savoia-terme-abano-01-300x200.jpg 300w, https:\/\/www.savoiaterme.it\/wp-content\/uploads\/2022\/08\/bici-colli-euganei-savoia-terme-abano-01-768x512.jpg 768w, https:\/\/www.savoiaterme.it\/wp-content\/uploads\/2022\/08\/bici-colli-euganei-savoia-terme-abano-01-1536x1024.jpg 1536w, https:\/\/www.savoiaterme.it\/wp-content\/uploads\/2022\/08\/bici-colli-euganei-savoia-terme-abano-01-1568x1045.jpg 1568w, https:\/\/www.savoiaterme.it\/wp-content\/uploads\/2022\/08\/bici-colli-euganei-savoia-terme-abano-01.jpg 1800w\" sizes=\"auto, (max-width: 1024px) 100vw, 1024px\" \/><\/figure>\n\n<\/div>\n<\/div><\/div>\n\n<div  class=\"grids-section grids-is-advanced alignfull\" style=\"--_gs-gap-desktop:0px 0px;--_gs-m-desktop:0 0 0 0;--_gs-p-desktop:0 0 0 0;--_gs-bg-desktop:transparent none;--_gs-bg-xp-desktop:0px;--_gs-zi-desktop:auto;--_gs-d-desktop:block;--_gs-mw-desktop:calc(100% - 0 - 0);--_gs-gap-tablet:0px 0px;--_gs-m-tablet:0 0 0 0;--_gs-p-tablet:0 0 0 0;--_gs-bg-tablet:transparent none;--_gs-bg-xp-tablet:0px;--_gs-zi-tablet:auto;--_gs-d-tablet:block;--_gs-mw-tablet:calc(100% - 0 - 0);--_gs-gap-mobile:0px 0px;--_gs-m-mobile:20px 0 20px 0;--_gs-p-mobile:0 0 0 0;--_gs-bg-mobile:transparent none;--_gs-bg-xp-mobile:0px;--_gs-zi-mobile:auto;--_gs-d-mobile:block;--_gs-mw-mobile:calc(100% - 0 - 0);--_gs-columns:12;--_gs-rows:6\"><div class=\"grids-s-w_i\">\n<div class=\"grids-area\" style=\"--_ga-column:7\/12;--_ga-row:1\/7;--_ga-va:center;--_ga-m-desktop:0 0 0 20px;--_ga-p-desktop:0 0 0 0;--_ga-bg-desktop:transparent none;--_ga-zi-desktop:auto;--_ga-d-desktop:flex;--_ga-mw-desktop:calc(100% - 20px - 0);--_ga-m-tablet:0 0 0 20px;--_ga-p-tablet:0 0 0 0;--_ga-bg-tablet:transparent none;--_ga-zi-tablet:auto;--_ga-d-tablet:flex;--_ga-mw-tablet:calc(100% - 20px - 0);--_ga-m-mobile:0 0 0 0px;--_ga-p-mobile:20px 0 20px 0;--_ga-bg-mobile:transparent none;--_ga-zi-mobile:auto;--_ga-d-mobile:flex;--_ga-mw-mobile:calc(100% - 0px - 0)\">\n\n<h2 class=\"wp-block-heading\">Golf<\/h2>\n\n\n\n<p><meta charset=\"utf-8\"><\/p>\n\n\n\n<p>Das Hotel Savoia Therm\u00e6 &amp; SPA ist Mitglied in den <strong>wichtigsten Golf Clubs der Gegend<\/strong> und bietet spezielle Konditionen f\u00fcr die \u201eGreen Fees\u201c. <br>Auf Anfrage ist es m\u00f6glich, die Abschlagszeiten und den Shuttle-Service direkt im Hotel zu buchen.<br><strong>Klicken Sie auf den Namen<\/strong> des einzelnen Golfplatzes und Sie k\u00f6nnen so den Parcours sehen und alle n\u00f6tigen Informationen f\u00fcr Ihren Urlaub auf dem Green bekommen.<\/p>\n\n\n<div  class=\"grids-section grids-is-advanced\" style=\"--_gs-gap-desktop:0px 0px;--_gs-m-desktop:0 0 0 0;--_gs-p-desktop:0 0 0 0;--_gs-bg-desktop:transparent none;--_gs-bg-xp-desktop:0px;--_gs-zi-desktop:auto;--_gs-d-desktop:block;--_gs-mw-desktop:calc(100% - 0 - 0);--_gs-gap-tablet:0px 0px;--_gs-m-tablet:0 0 0 0;--_gs-p-tablet:0 0 0 0;--_gs-bg-tablet:transparent none;--_gs-bg-xp-tablet:0px;--_gs-zi-tablet:auto;--_gs-d-tablet:block;--_gs-mw-tablet:calc(100% - 0 - 0);--_gs-gap-mobile:0px 0px;--_gs-m-mobile:0 0 0 0;--_gs-p-mobile:0 0 0 0;--_gs-bg-mobile:transparent none;--_gs-bg-xp-mobile:0px;--_gs-zi-mobile:auto;--_gs-d-mobile:block;--_gs-mw-mobile:calc(100% - 0 - 0);--_gs-columns:12;--_gs-rows:6\"><div class=\"grids-s-w_i\">\n<div class=\"grids-area\" style=\"--_ga-column:1\/7;--_ga-row:1\/7;--_ga-m-desktop:0 5px 0 0;--_ga-p-desktop:0 0 0 0;--_ga-bg-desktop:transparent none;--_ga-zi-desktop:auto;--_ga-d-desktop:flex;--_ga-mw-desktop:calc(100% - 0 - 5px);--_ga-m-tablet:0 5px 0 0;--_ga-p-tablet:0 0 0 0;--_ga-bg-tablet:transparent none;--_ga-zi-tablet:auto;--_ga-d-tablet:flex;--_ga-mw-tablet:calc(100% - 0 - 5px);--_ga-m-mobile:0 5px 0 0;--_ga-p-mobile:0 0 0 0;--_ga-bg-mobile:transparent none;--_ga-zi-mobile:auto;--_ga-d-mobile:flex;--_ga-mw-mobile:calc(100% - 0 - 5px)\">\n\n<p class=\"has-text-align-left\"><a href=\"https:\/\/www.golfmontecchia.it\/\" target=\"_blank\" rel=\"noreferrer noopener\">Golf della Montecchia (5 km) &gt;<\/a><\/p>\n\n\n\n<p class=\"has-text-align-left\"><a href=\"https:\/\/www.golffrassanelle.it\/\" target=\"_blank\" rel=\"noreferrer noopener\">ASD Golf Club Frassanelle (10 km) &gt;<\/a><\/p>\n\n\n\n<p class=\"has-text-align-left\"><a href=\"https:\/\/www.golfclubpadova.it\/\/\" target=\"_blank\" rel=\"noreferrer noopener\">Golf Club Padova A.S.D. (12 km) &gt;<\/a><\/p>\n\n\n\n<p class=\"has-text-align-left\"><a href=\"http:\/\/www.cadellanave.com\/\" target=\"_blank\" rel=\"noreferrer noopener\">Ca\u2019 della Nave (48 km) &gt;<\/a><\/p>\n\n\n\n<a href=\"\/de\/angebot\/golf-relax-euganeische-huegel\/\" class=\"btn\">ENTDECKEN SIE DAS ANGEBOT<\/a>\n\n<\/div>\n<\/div><\/div>\n<\/div>\n\n<div class=\"grids-area\" style=\"--_ga-column:2\/7;--_ga-row:1\/7;--_ga-va:center;--_ga-m-desktop:0 20px 0 0;--_ga-p-desktop:0 0 0 0;--_ga-bg-desktop:transparent none;--_ga-zi-desktop:auto;--_ga-d-desktop:flex;--_ga-mw-desktop:calc(100% - 0 - 20px);--_ga-m-tablet:0 20px 0 0;--_ga-p-tablet:0 0 0 0;--_ga-bg-tablet:transparent none;--_ga-zi-tablet:auto;--_ga-d-tablet:flex;--_ga-mw-tablet:calc(100% - 0 - 20px);--_ga-m-mobile:0 0px 0 0;--_ga-p-mobile:0 0 0 0;--_ga-bg-mobile:transparent none;--_ga-zi-mobile:auto;--_ga-d-mobile:flex;--_ga-mw-mobile:calc(100% - 0 - 0px)\">\n\n<figure class=\"wp-block-image size-large image-background-overlay-effect\"><img style=\"background-color: #8f9382;\" loading=\"lazy\" decoding=\"async\" width=\"1024\" height=\"683\" src=\"https:\/\/www.savoiaterme.it\/wp-content\/uploads\/2021\/09\/golf-hotel-savoia-terme-abano-1024x683.jpg\" alt=\"\" class=\"wp-image-830\" srcset=\"https:\/\/www.savoiaterme.it\/wp-content\/uploads\/2021\/09\/golf-hotel-savoia-terme-abano-1024x683.jpg 1024w, https:\/\/www.savoiaterme.it\/wp-content\/uploads\/2021\/09\/golf-hotel-savoia-terme-abano-300x200.jpg 300w, https:\/\/www.savoiaterme.it\/wp-content\/uploads\/2021\/09\/golf-hotel-savoia-terme-abano-768x512.jpg 768w, https:\/\/www.savoiaterme.it\/wp-content\/uploads\/2021\/09\/golf-hotel-savoia-terme-abano-1536x1024.jpg 1536w, https:\/\/www.savoiaterme.it\/wp-content\/uploads\/2021\/09\/golf-hotel-savoia-terme-abano-1568x1045.jpg 1568w, https:\/\/www.savoiaterme.it\/wp-content\/uploads\/2021\/09\/golf-hotel-savoia-terme-abano.jpg 1800w\" sizes=\"auto, (max-width: 1024px) 100vw, 1024px\" \/><\/figure>\n\n<\/div>\n<\/div><\/div>","protected":false},"excerpt":{"rendered":"","protected":false},"author":1,"featured_media":810,"parent":6566,"menu_order":0,"comment_status":"closed","ping_status":"closed","template":"","meta":{"_acf_changed":false,"advgb_blocks_editor_width":"","advgb_blocks_columns_visual_guide":"","footnotes":""},"class_list":["post-1648","page","type-page","status-publish","has-post-thumbnail","hentry","entry"],"acf":{"page_custom_gallery":null,"element_single_page":null,"second_element_single_page":null},"yoast_head":"<!-- This site is optimized with the Yoast SEO plugin v25.7 - https:\/\/yoast.com\/wordpress\/plugins\/seo\/ -->\n<title>Sport, Golf &amp; co - Hotel Savoia Therm\u00e6 &amp; Spa<\/title>\n<meta name=\"description\" content=\"Bewegung, SPA\u00df und Wohlbefinden, an der frischen Luft, in der gr\u00fcnen Natur der Euganeischen H\u00fcgel!\" \/>\n<meta name=\"robots\" content=\"index, follow, max-snippet:-1, max-image-preview:large, max-video-preview:-1\" \/>\n<link rel=\"canonical\" href=\"https:\/\/www.savoiaterme.it\/de\/hotel\/aktivitaeten\/sport-golf-co\/\" \/>\n<meta property=\"og:locale\" content=\"de_DE\" \/>\n<meta property=\"og:type\" content=\"article\" \/>\n<meta property=\"og:title\" content=\"Sport, Golf &amp; co - Hotel Savoia Therm\u00e6 &amp; Spa\" \/>\n<meta property=\"og:description\" content=\"Bewegung, SPA\u00df und Wohlbefinden, an der frischen Luft, in der gr\u00fcnen Natur der Euganeischen H\u00fcgel!\" \/>\n<meta property=\"og:url\" content=\"https:\/\/www.savoiaterme.it\/de\/hotel\/aktivitaeten\/sport-golf-co\/\" \/>\n<meta property=\"og:site_name\" content=\"Hotel Savoia Therm\u00e6 &amp; Spa\" \/>\n<meta property=\"article:modified_time\" content=\"2022-10-14T09:57:07+00:00\" \/>\n<meta property=\"og:image\" content=\"https:\/\/www.savoiaterme.it\/wp-content\/uploads\/2021\/09\/golf-e-sport-hotel-savoia-terme-abano.jpg\" \/>\n\t<meta property=\"og:image:width\" content=\"2000\" \/>\n\t<meta property=\"og:image:height\" content=\"714\" \/>\n\t<meta property=\"og:image:type\" content=\"image\/jpeg\" \/>\n<meta name=\"twitter:card\" content=\"summary_large_image\" \/>\n<meta name=\"twitter:label1\" content=\"Gesch\u00e4tzte Lesezeit\" \/>\n\t<meta name=\"twitter:data1\" content=\"2\u00a0Minuten\" \/>\n<script type=\"application\/ld+json\" class=\"yoast-schema-graph\">{\"@context\":\"https:\/\/schema.org\",\"@graph\":[{\"@type\":\"WebPage\",\"@id\":\"https:\/\/www.savoiaterme.it\/de\/hotel\/aktivitaeten\/sport-golf-co\/\",\"url\":\"https:\/\/www.savoiaterme.it\/de\/hotel\/aktivitaeten\/sport-golf-co\/\",\"name\":\"Sport, Golf & co - Hotel Savoia Therm\u00e6 &amp; Spa\",\"isPartOf\":{\"@id\":\"https:\/\/www.savoiaterme.it\/de\/#website\"},\"primaryImageOfPage\":{\"@id\":\"https:\/\/www.savoiaterme.it\/de\/hotel\/aktivitaeten\/sport-golf-co\/#primaryimage\"},\"image\":{\"@id\":\"https:\/\/www.savoiaterme.it\/de\/hotel\/aktivitaeten\/sport-golf-co\/#primaryimage\"},\"thumbnailUrl\":\"https:\/\/www.savoiaterme.it\/wp-content\/uploads\/2021\/09\/golf-e-sport-hotel-savoia-terme-abano.jpg\",\"datePublished\":\"2021-09-06T13:12:35+00:00\",\"dateModified\":\"2022-10-14T09:57:07+00:00\",\"description\":\"Bewegung, SPA\u00df und Wohlbefinden, an der frischen Luft, in der gr\u00fcnen Natur der Euganeischen H\u00fcgel!\",\"breadcrumb\":{\"@id\":\"https:\/\/www.savoiaterme.it\/de\/hotel\/aktivitaeten\/sport-golf-co\/#breadcrumb\"},\"inLanguage\":\"de\",\"potentialAction\":[{\"@type\":\"ReadAction\",\"target\":[\"https:\/\/www.savoiaterme.it\/de\/hotel\/aktivitaeten\/sport-golf-co\/\"]}]},{\"@type\":\"ImageObject\",\"inLanguage\":\"de\",\"@id\":\"https:\/\/www.savoiaterme.it\/de\/hotel\/aktivitaeten\/sport-golf-co\/#primaryimage\",\"url\":\"https:\/\/www.savoiaterme.it\/wp-content\/uploads\/2021\/09\/golf-e-sport-hotel-savoia-terme-abano.jpg\",\"contentUrl\":\"https:\/\/www.savoiaterme.it\/wp-content\/uploads\/2021\/09\/golf-e-sport-hotel-savoia-terme-abano.jpg\",\"width\":2000,\"height\":714,\"caption\":\"Close up of golf ball on a tee with golf club on the fairway.\"},{\"@type\":\"BreadcrumbList\",\"@id\":\"https:\/\/www.savoiaterme.it\/de\/hotel\/aktivitaeten\/sport-golf-co\/#breadcrumb\",\"itemListElement\":[{\"@type\":\"ListItem\",\"position\":1,\"name\":\"\",\"item\":\"https:\/\/www.savoiaterme.it\/de\/\"},{\"@type\":\"ListItem\",\"position\":2,\"name\":\"Hotel Savoia Therm\u00e6 &amp; Spa\",\"item\":\"https:\/\/www.savoiaterme.it\/de\/hotel\/\"},{\"@type\":\"ListItem\",\"position\":3,\"name\":\"Aktivit\u00e4ten\",\"item\":\"https:\/\/www.savoiaterme.it\/de\/hotel\/aktivitaeten\/\"},{\"@type\":\"ListItem\",\"position\":4,\"name\":\"Sport, Golf &#038; co\"}]},{\"@type\":\"WebSite\",\"@id\":\"https:\/\/www.savoiaterme.it\/de\/#website\",\"url\":\"https:\/\/www.savoiaterme.it\/de\/\",\"name\":\"Hotel Savoia Therm\u00e6 &amp; Spa\",\"description\":\"ABANO TERME\",\"potentialAction\":[{\"@type\":\"SearchAction\",\"target\":{\"@type\":\"EntryPoint\",\"urlTemplate\":\"https:\/\/www.savoiaterme.it\/de\/?s={search_term_string}\"},\"query-input\":{\"@type\":\"PropertyValueSpecification\",\"valueRequired\":true,\"valueName\":\"search_term_string\"}}],\"inLanguage\":\"de\"}]}<\/script>\n<!-- \/ Yoast SEO plugin. -->","yoast_head_json":{"title":"Sport, Golf & co - Hotel Savoia Therm\u00e6 &amp; Spa","description":"Bewegung, SPA\u00df und Wohlbefinden, an der frischen Luft, in der gr\u00fcnen Natur der Euganeischen H\u00fcgel!","robots":{"index":"index","follow":"follow","max-snippet":"max-snippet:-1","max-image-preview":"max-image-preview:large","max-video-preview":"max-video-preview:-1"},"canonical":"https:\/\/www.savoiaterme.it\/de\/hotel\/aktivitaeten\/sport-golf-co\/","og_locale":"de_DE","og_type":"article","og_title":"Sport, Golf & co - Hotel Savoia Therm\u00e6 &amp; Spa","og_description":"Bewegung, SPA\u00df und Wohlbefinden, an der frischen Luft, in der gr\u00fcnen Natur der Euganeischen H\u00fcgel!","og_url":"https:\/\/www.savoiaterme.it\/de\/hotel\/aktivitaeten\/sport-golf-co\/","og_site_name":"Hotel Savoia Therm\u00e6 &amp; Spa","article_modified_time":"2022-10-14T09:57:07+00:00","og_image":[{"width":2000,"height":714,"url":"https:\/\/www.savoiaterme.it\/wp-content\/uploads\/2021\/09\/golf-e-sport-hotel-savoia-terme-abano.jpg","type":"image\/jpeg"}],"twitter_card":"summary_large_image","twitter_misc":{"Gesch\u00e4tzte Lesezeit":"2\u00a0Minuten"},"schema":{"@context":"https:\/\/schema.org","@graph":[{"@type":"WebPage","@id":"https:\/\/www.savoiaterme.it\/de\/hotel\/aktivitaeten\/sport-golf-co\/","url":"https:\/\/www.savoiaterme.it\/de\/hotel\/aktivitaeten\/sport-golf-co\/","name":"Sport, Golf & co - Hotel Savoia Therm\u00e6 &amp; Spa","isPartOf":{"@id":"https:\/\/www.savoiaterme.it\/de\/#website"},"primaryImageOfPage":{"@id":"https:\/\/www.savoiaterme.it\/de\/hotel\/aktivitaeten\/sport-golf-co\/#primaryimage"},"image":{"@id":"https:\/\/www.savoiaterme.it\/de\/hotel\/aktivitaeten\/sport-golf-co\/#primaryimage"},"thumbnailUrl":"https:\/\/www.savoiaterme.it\/wp-content\/uploads\/2021\/09\/golf-e-sport-hotel-savoia-terme-abano.jpg","datePublished":"2021-09-06T13:12:35+00:00","dateModified":"2022-10-14T09:57:07+00:00","description":"Bewegung, SPA\u00df und Wohlbefinden, an der frischen Luft, in der gr\u00fcnen Natur der Euganeischen H\u00fcgel!","breadcrumb":{"@id":"https:\/\/www.savoiaterme.it\/de\/hotel\/aktivitaeten\/sport-golf-co\/#breadcrumb"},"inLanguage":"de","potentialAction":[{"@type":"ReadAction","target":["https:\/\/www.savoiaterme.it\/de\/hotel\/aktivitaeten\/sport-golf-co\/"]}]},{"@type":"ImageObject","inLanguage":"de","@id":"https:\/\/www.savoiaterme.it\/de\/hotel\/aktivitaeten\/sport-golf-co\/#primaryimage","url":"https:\/\/www.savoiaterme.it\/wp-content\/uploads\/2021\/09\/golf-e-sport-hotel-savoia-terme-abano.jpg","contentUrl":"https:\/\/www.savoiaterme.it\/wp-content\/uploads\/2021\/09\/golf-e-sport-hotel-savoia-terme-abano.jpg","width":2000,"height":714,"caption":"Close up of golf ball on a tee with golf club on the fairway."},{"@type":"BreadcrumbList","@id":"https:\/\/www.savoiaterme.it\/de\/hotel\/aktivitaeten\/sport-golf-co\/#breadcrumb","itemListElement":[{"@type":"ListItem","position":1,"name":"","item":"https:\/\/www.savoiaterme.it\/de\/"},{"@type":"ListItem","position":2,"name":"Hotel Savoia Therm\u00e6 &amp; Spa","item":"https:\/\/www.savoiaterme.it\/de\/hotel\/"},{"@type":"ListItem","position":3,"name":"Aktivit\u00e4ten","item":"https:\/\/www.savoiaterme.it\/de\/hotel\/aktivitaeten\/"},{"@type":"ListItem","position":4,"name":"Sport, Golf &#038; co"}]},{"@type":"WebSite","@id":"https:\/\/www.savoiaterme.it\/de\/#website","url":"https:\/\/www.savoiaterme.it\/de\/","name":"Hotel Savoia Therm\u00e6 &amp; Spa","description":"ABANO TERME","potentialAction":[{"@type":"SearchAction","target":{"@type":"EntryPoint","urlTemplate":"https:\/\/www.savoiaterme.it\/de\/?s={search_term_string}"},"query-input":{"@type":"PropertyValueSpecification","valueRequired":true,"valueName":"search_term_string"}}],"inLanguage":"de"}]}},"coauthors":[],"author_meta":{"author_link":"https:\/\/www.savoiaterme.it\/de\/author\/sav014-t3rm294k\/","display_name":"sav014-t3rm294k"},"relative_dates":{"created":"Posted 5\u00a0Jahren ago","modified":"Updated 4\u00a0Jahren ago"},"absolute_dates":{"created":"Posted on September 6, 2021","modified":"Updated on Oktober 14, 2022"},"absolute_dates_time":{"created":"Posted on September 6, 2021 3:12 p.m.","modified":"Updated on Oktober 14, 2022 11:57 a.m."},"featured_img_caption":"Close up of golf ball on a tee with golf club on the fairway.","featured_img":"https:\/\/www.savoiaterme.it\/wp-content\/uploads\/2021\/09\/golf-e-sport-hotel-savoia-terme-abano-1568x560.jpg","series_order":"","_links":{"self":[{"href":"https:\/\/www.savoiaterme.it\/de\/wp-json\/wp\/v2\/pages\/1648","targetHints":{"allow":["GET"]}}],"collection":[{"href":"https:\/\/www.savoiaterme.it\/de\/wp-json\/wp\/v2\/pages"}],"about":[{"href":"https:\/\/www.savoiaterme.it\/de\/wp-json\/wp\/v2\/types\/page"}],"author":[{"embeddable":true,"href":"https:\/\/www.savoiaterme.it\/de\/wp-json\/wp\/v2\/users\/1"}],"replies":[{"embeddable":true,"href":"https:\/\/www.savoiaterme.it\/de\/wp-json\/wp\/v2\/comments?post=1648"}],"version-history":[{"count":0,"href":"https:\/\/www.savoiaterme.it\/de\/wp-json\/wp\/v2\/pages\/1648\/revisions"}],"up":[{"embeddable":true,"href":"https:\/\/www.savoiaterme.it\/de\/wp-json\/wp\/v2\/pages\/6566"}],"wp:featuredmedia":[{"embeddable":true,"href":"https:\/\/www.savoiaterme.it\/de\/wp-json\/wp\/v2\/media\/810"}],"wp:attachment":[{"href":"https:\/\/www.savoiaterme.it\/de\/wp-json\/wp\/v2\/media?parent=1648"}],"curies":[{"name":"wp","href":"https:\/\/api.w.org\/{rel}","templated":true}]}}