{"id":31840,"date":"2025-11-14T15:38:44","date_gmt":"2025-11-14T14:38:44","guid":{"rendered":"https:\/\/www.savoiaterme.it\/la-cena-della-vigilia-di-natale-del-nostro-ristorante-il-savoiardo\/"},"modified":"2025-11-21T15:01:14","modified_gmt":"2025-11-21T14:01:14","slug":"heiligabend-dinner-in-unserem-ristorante-il-savoiardo","status":"publish","type":"page","link":"https:\/\/www.savoiaterme.it\/de\/heiligabend-dinner-in-unserem-ristorante-il-savoiardo\/","title":{"rendered":"Heiligabend-Dinner in unserem \u201aRistorante il Savoiardo\u2018"},"content":{"rendered":"<div  class=\"grids-section image-boxed-blur-background grids-is-advanced alignfull\" style=\"--_gs-gap-desktop:0px 0px;--_gs-m-desktop:0 0 0 0;--_gs-p-desktop:0 0 0 0;--_gs-bg-desktop:transparent url(https:\/\/www.savoiaterme.it\/wp-content\/uploads\/2025\/11\/immagine-pranzo-di-natale-hotel-savoia-1-.jpg) no-repeat 50% 50%  \/ cover;--_gs-bg-xp-desktop:0px;--_gs-zi-desktop:auto;--_gs-d-desktop:block;--_gs-mw-desktop:calc(100% - 0 - 0);--_gs-gap-tablet:0px 0px;--_gs-m-tablet:0 0 0 0;--_gs-p-tablet:0 0 0 0;--_gs-bg-tablet:transparent url(https:\/\/www.savoiaterme.it\/wp-content\/uploads\/2025\/11\/immagine-pranzo-di-natale-hotel-savoia-1-.jpg) no-repeat 50% 50%  \/ cover;--_gs-bg-xp-tablet:0px;--_gs-zi-tablet:auto;--_gs-d-tablet:block;--_gs-mw-tablet:calc(100% - 0 - 0);--_gs-gap-mobile:0px 0px;--_gs-m-mobile:0 0 0 0;--_gs-p-mobile:0 0 0 0;--_gs-bg-mobile:transparent url(https:\/\/www.savoiaterme.it\/wp-content\/uploads\/2025\/11\/immagine-pranzo-di-natale-hotel-savoia-1-.jpg) no-repeat 50% 50%  \/ cover;--_gs-bg-xp-mobile:0px;--_gs-zi-mobile:auto;--_gs-d-mobile:block;--_gs-mw-mobile:calc(100% - 0 - 0);--_gs-columns:12;--_gs-rows:6\"><div class=\"grids-s-w_i\">\n<div class=\"grids-area\" style=\"--_ga-column:5\/9;--_ga-row:1\/7;--_ga-m-desktop:0px 0px 0px 0px;--_ga-p-desktop:0px 50px 0px 50px;--_ga-bg-desktop:transparent none;--_ga-zi-desktop:auto;--_ga-d-desktop:flex;--_ga-mw-desktop:calc(100% - 0px - 0px);--_ga-m-tablet:0px 0px 0px 0px;--_ga-p-tablet:0px 50px 0px 50px;--_ga-bg-tablet:transparent none;--_ga-zi-tablet:auto;--_ga-d-tablet:flex;--_ga-mw-tablet:calc(100% - 0px - 0px);--_ga-m-mobile:0px 0px 0px 0px;--_ga-p-mobile:0px 20px 0px 20px;--_ga-bg-mobile:transparent none;--_ga-zi-mobile:auto;--_ga-d-mobile:flex;--_ga-mw-mobile:calc(100% - 0px - 0px)\">\n\n<div style=\"text-align: center; margin-bottom: 20px;\"><lord-icon src=\"https:\/\/cdn.lordicon.com\/uphbloed.json\" trigger=\"loop\" colors=\"primary:#F6E29F,secondary:#F6E29F\" style=\"width:100px;height:100px\">\n<\/lord-icon><\/div>\n\n\n\n<h2 class=\"wp-block-heading has-text-align-center has-text-color has-link-color wp-elements-f275b8e2b3d805d3f9d2b3053ab80b23\" style=\"color:#f6e29f\"><strong>Abano Terme, 24. Dezember 2025<\/strong><\/h2>\n\n\n\n<p class=\"has-text-align-center has-white-color has-text-color has-link-color wp-elements-da89e2d354716be75c60418042ff4a83\">Ein besonderer Abend, um die Magie des Heiligen Abends mit Geschmack, Eleganz und Atmosph\u00e4re zu feiern. Unser Chef&nbsp;und sein Team haben einen gastronomischen Rundgang kreiert, der Tradition, Kreativit\u00e4t und regionale Zutaten vereint, begleitet von der Weinauswahl unseres Sommeliers&nbsp;<strong style=\"color:#F6E19F\">Giancarlo Dima<\/strong>.<\/p>\n\n\n\n<div style=\"text-align: center; margin-top: 5px; margin-bottom: 20px;\"><lord-icon src=\"https:\/\/cdn.lordicon.com\/hqrhprrj.json\" trigger=\"loop\" colors=\"primary:#F6E29F,secondary:#F6E29F\" style=\"width:75px;height:75px\">\n<\/lord-icon><\/div>\n\n\n\n<h3 class=\"wp-block-heading has-text-align-center has-text-color has-link-color wp-elements-5061dc5efc947101343c4ddf12aebb66\" style=\"color:#fff7e1;font-size:36px\"><strong>MEN\u00dc<\/strong><\/h3>\n\n\n\n<p class=\"has-text-align-center has-white-color has-text-color has-link-color wp-elements-c7625788463ff5a26cb660856bdea73d\">Das Gem\u00fcseg\u00e4rtchen der Saison \u2013 vom Buffet<\/p>\n\n\n\n<h3 class=\"wp-block-heading has-text-align-center title-margin-top has-text-color has-link-color wp-elements-65dea37cdc7915cfedb6dcdc6211a008\" style=\"color:#fff7e1\"><strong><strong>DIE VORSPEISE \u2013 ZUR WAHL:<\/strong><\/strong><\/h3>\n\n\n\n<p class=\"has-text-align-center has-white-color has-text-color has-link-color wp-elements-a64664436683b6c3100aa49b5c8f0196\"><strong style=\"color:#F6E19F\">Die Rosette vom norwegischen Lachs<\/strong>&nbsp;sanft gegart mit lauwarmem Salat aus wei\u00dfem Sellerie, orangefarbenen Kartoffeln und herzhaften Artischocken, verfeinert mit einem Dressing aus getrockneten Tomaten <br><br><strong style=\"color:#F6E19F\">Die Kleine Quiche Lorraine<\/strong>&nbsp;mit Splittern von Norcia-Rohschinken und Bastardo del Grappa K\u00e4se <\/p>\n\n\n\n<h3 class=\"wp-block-heading has-text-align-center title-margin-top has-text-color has-link-color wp-elements-aad29e0eebca2093de214fbc95060991\" style=\"color:#fff7e1\"><strong><strong>DIE ERSTEN G\u00c4NGE \u2013 ZUR WAHL:<\/strong><\/strong><\/h3>\n\n\n\n<p class=\"has-text-align-center has-white-color has-text-color has-link-color wp-elements-af2e1eff965cd005df2f1e418c6a612c\"><strong style=\"color:#F6E19F\">Vialone Nano Risotto mit Mascarpone<\/strong> cremig ger\u00fchrt, mit leicht pikantem Muschelfleisch und frittiertem Basilikum<br><br><strong style=\"color:#F6E19F\">Frische Fusilloni, am Torchietto gezogen, mit Rag\u00f9 di Chianina<\/strong> von Hand geschnitten und mit fein gehobelten Steinpilzen aromatisiert<\/p>\n\n\n\n<h3 class=\"wp-block-heading has-text-align-center title-margin-top has-text-color has-link-color wp-elements-ec7e8ebc9fcd7a92ccb08a8cbb0e6eab\" style=\"color:#fff7e1\"><strong><strong>DIE HAUPTG\u00c4NGE \u2013 ZUR WAHL:<\/strong><\/strong><\/h3>\n\n\n\n<p class=\"has-text-align-center has-white-color has-text-color has-link-color wp-elements-3285b2c734baedbdd5e07dbc41664027\"><strong style=\"color:#F6E19F\">Spie\u00df von Jakobsmuschel und K\u00f6nigsgarnele<\/strong>&nbsp;gegrillt mit ger\u00e4uchertem Tannen\u00f6l, serviert auf einem Bett aus geschmorten Julienne-Gem\u00fcsen<br><br><strong style=\"color:#F6E19F\">Gef\u00fcllter Kapaun nach venezianischer Art<\/strong> mit Kastanien-K\u00fcrbis-Sauce und Sahnekartoffeln<\/p>\n\n\n\n<h3 class=\"wp-block-heading has-text-align-center title-margin-top has-text-color has-link-color wp-elements-b0ef018bf547b4a15f924d5767d94010\" style=\"color:#fff7e1\"><strong><strong>DER VOR-DESSERT<\/strong><\/strong><\/h3>\n\n\n\n<p class=\"has-text-align-center has-white-color has-text-color has-link-color wp-elements-5b999d306fac14d65651b89ce5a214d2\">Frische K\u00f6stlichkeit im Glas mit Mandarine und Schokoladensplittern<\/p>\n\n\n\n<h3 class=\"wp-block-heading has-text-align-center title-margin-top has-text-color has-link-color wp-elements-7ee3685effb98b68535afdeb423be4ca\" style=\"color:#fff7e1\"><strong><strong>DAS DESSERT \u2013 ZUR WAHL:<\/strong><\/strong><\/h3>\n\n\n\n<p class=\"has-text-align-center has-white-color has-text-color has-link-color wp-elements-278e754cb47d2fb54b2b57504612eda9\"><strong style=\"color:#F6E19F\">K\u00e4seauswahl aus gereiften Sorten mit Konfit\u00fcren<\/strong><br><br><strong style=\"color:#F6E19F\">Frische Obstfantasie mit Mangocreme<\/strong><br><br><strong style=\"color:#F6E19F\">Klassischer Weihnachtsstollen-Rollen (\u201eTronchetto di Natale\u201c)<\/strong>.<\/p>\n\n\n\n<div style=\"text-align: center; margin-top: 5px; margin-bottom: 20px;\"><lord-icon src=\"https:\/\/cdn.lordicon.com\/wfnjmoty.json\" trigger=\"loop\" colors=\"primary:#F6E29F,secondary:#F6E29F\" style=\"width:75px;height:75px\">\n<\/lord-icon><\/div>\n\n\n\n<h3 class=\"wp-block-heading has-text-align-center has-text-color has-link-color wp-elements-24f67081b5692224d722882c4b69fe7a\" style=\"color:#fff7e1\"><strong>Die Empfehlungen unseres Sommeliers<\/strong><\/h3>\n\n\n<div  class=\"grids-section grids-is-stretch\" style=\"--_gs-gap-desktop:0px 0px;--_gs-m-desktop:0 0 0 0;--_gs-p-desktop:0 0 0 0;--_gs-bg-desktop:transparent none;--_gs-bg-xp-desktop:0px;--_gs-zi-desktop:auto;--_gs-d-desktop:block;--_gs-mw-desktop:calc(100% - 0 - 0);--_gs-gap-tablet:0px 0px;--_gs-m-tablet:0 0 0 0;--_gs-p-tablet:0 0 0 0;--_gs-bg-tablet:transparent none;--_gs-bg-xp-tablet:0px;--_gs-zi-tablet:auto;--_gs-d-tablet:block;--_gs-mw-tablet:calc(100% - 0 - 0);--_gs-gap-mobile:0px 0px;--_gs-m-mobile:0 0 0 0;--_gs-p-mobile:0 0 0 0;--_gs-bg-mobile:transparent none;--_gs-bg-xp-mobile:0px;--_gs-zi-mobile:auto;--_gs-d-mobile:block;--_gs-mw-mobile:calc(100% - 0 - 0);--_gs-columns:3;--_gs-rows:1\"><div class=\"grids-s-w_i\">\n<div class=\"grids-area\" style=\"--_ga-column:1\/2;--_ga-row:1\/2;--_ga-m-desktop:0 0 0 0;--_ga-p-desktop:0 10px 0 10px;--_ga-bg-desktop:transparent none;--_ga-zi-desktop:auto;--_ga-d-desktop:flex;--_ga-mw-desktop:calc(100% - 0 - 0);--_ga-m-tablet:0 0 0 0;--_ga-p-tablet:0 10px 0 10px;--_ga-bg-tablet:transparent none;--_ga-zi-tablet:auto;--_ga-d-tablet:flex;--_ga-mw-tablet:calc(100% - 0 - 0);--_ga-m-mobile:0 0 0 0;--_ga-p-mobile:0 10px 0 10px;--_ga-bg-mobile:transparent none;--_ga-zi-mobile:auto;--_ga-d-mobile:flex;--_ga-mw-mobile:calc(100% - 0 - 0)\">\n\n<p class=\"has-white-color has-text-color has-link-color wp-elements-50832b5d7394d15fd6b88b0bb30b428f\"><strong style=\"color:#F6E19F\">\u201eWei\u00dfweine\u201c<\/strong><br>Soave Classico DOC \u201eSan Michele\u201c Ca\u2018 Rugate<br>Sauvignon Collio DOC M. Felluga<\/p>\n\n<\/div>\n\n<div class=\"grids-area\" style=\"--_ga-column:2\/3;--_ga-row:1\/2;--_ga-m-desktop:0 0 0 0;--_ga-p-desktop:0 10px 0 10px;--_ga-bg-desktop:transparent none;--_ga-zi-desktop:auto;--_ga-d-desktop:flex;--_ga-mw-desktop:calc(100% - 0 - 0);--_ga-m-tablet:0 0 0 0;--_ga-p-tablet:0 10px 0 10px;--_ga-bg-tablet:transparent none;--_ga-zi-tablet:auto;--_ga-d-tablet:flex;--_ga-mw-tablet:calc(100% - 0 - 0);--_ga-m-mobile:0 0 0 0;--_ga-p-mobile:0 10px 0 10px;--_ga-bg-mobile:transparent none;--_ga-zi-mobile:auto;--_ga-d-mobile:flex;--_ga-mw-mobile:calc(100% - 0 - 0)\">\n\n<p class=\"has-white-color has-text-color has-link-color wp-elements-afab1aa1ef330639a22bc06c4d069380\"><strong style=\"color:#F6E19F\">\u201eRotweine\u201c<\/strong><br>Merlot DOC \u201eMalter\u00e8n\u201c Sengiari<br>Cabernet Riserva dei Colli Euganei DOC \u201eCecilia di Baone\u201c Fil\u00f2 delle Vigne<\/p>\n\n<\/div>\n\n<div class=\"grids-area\" style=\"--_ga-column:3\/4;--_ga-row:1\/2;--_ga-m-desktop:0 0 0 0;--_ga-p-desktop:0 10px 0 10px;--_ga-bg-desktop:transparent none;--_ga-zi-desktop:auto;--_ga-d-desktop:flex;--_ga-mw-desktop:calc(100% - 0 - 0);--_ga-m-tablet:0 0 0 0;--_ga-p-tablet:0 10px 0 10px;--_ga-bg-tablet:transparent none;--_ga-zi-tablet:auto;--_ga-d-tablet:flex;--_ga-mw-tablet:calc(100% - 0 - 0);--_ga-m-mobile:0 0 0 0;--_ga-p-mobile:0 10px 0 10px;--_ga-bg-mobile:transparent none;--_ga-zi-mobile:auto;--_ga-d-mobile:flex;--_ga-mw-mobile:calc(100% - 0 - 0)\">\n\n<p class=\"has-white-color has-text-color has-link-color wp-elements-445c5595d5e2cf3e5bb95075544b0cf4\"><strong style=\"color:#F6E19F\">\u201eSchaumweine\u201c<\/strong><br>Prosecco Superiore di Valdobbiadene DOCG Bortolomiol Extra Dry<br>Prosecco Superiore di Valdobbiadene DOCG Foss Marai Brut<\/p>\n\n<\/div>\n<\/div><\/div>\n\n\n<h3 class=\"wp-block-heading has-text-align-center has-text-color has-link-color wp-elements-ce3e2bb83e94c6c781e7d524e8b26751\" style=\"color:#fff7e1\"><strong>Unser Team<\/strong><\/h3>\n\n\n\n<p class=\"has-text-align-center has-white-color has-text-color has-link-color wp-elements-64cc694e6dfc6f2b980a6dea69cb282c\">Chef de Cuisine:&nbsp;<strong style=\"color:#F6E19F\">Daniele Veronese<\/strong><br>Ma\u00eetre:&nbsp;<strong style=\"color:#F6E19F\">Cristiano Gallimberti<\/strong><br>Sommelier:&nbsp;<strong style=\"color:#F6E19F\">Giancarlo Dima<\/strong><br>Head Barman:&nbsp;<strong style=\"color:#F6E19F\">Stefano Marchioro<\/strong><\/p>\n\n\n\n<a href=\"https:\/\/www.savoiaterme.it\/de\/winterfeiertage-2025\/\" class=\"btn btn-center\" rel=\"noopener\">ENTDECKEN SIE UNSER FESTPROGRAMM<\/a>\n\n<\/div>\n<\/div><\/div>","protected":false},"excerpt":{"rendered":"","protected":false},"author":26,"featured_media":31655,"parent":0,"menu_order":0,"comment_status":"closed","ping_status":"closed","template":"","meta":{"_acf_changed":false,"advgb_blocks_editor_width":"","advgb_blocks_columns_visual_guide":"","footnotes":""},"class_list":["post-31840","page","type-page","status-publish","has-post-thumbnail","hentry","entry"],"acf":{"page_custom_gallery":null,"element_single_page":null,"second_element_single_page":null},"yoast_head":"<!-- This site is optimized with the Yoast SEO plugin v25.7 - https:\/\/yoast.com\/wordpress\/plugins\/seo\/ -->\n<title>Heiligabend-Dinner in unserem \u201aRistorante il Savoiardo\u2018 - Hotel Savoia Therm\u00e6 &amp; Spa<\/title>\n<meta name=\"robots\" content=\"noindex, follow\" \/>\n<meta property=\"og:locale\" content=\"de_DE\" \/>\n<meta property=\"og:type\" content=\"article\" \/>\n<meta property=\"og:title\" content=\"Heiligabend-Dinner in unserem \u201aRistorante il Savoiardo\u2018 - Hotel Savoia Therm\u00e6 &amp; Spa\" \/>\n<meta property=\"og:url\" content=\"https:\/\/www.savoiaterme.it\/de\/heiligabend-dinner-in-unserem-ristorante-il-savoiardo\/\" \/>\n<meta property=\"og:site_name\" content=\"Hotel Savoia Therm\u00e6 &amp; Spa\" \/>\n<meta property=\"article:modified_time\" content=\"2025-11-21T14:01:14+00:00\" \/>\n<meta property=\"og:image\" content=\"https:\/\/www.savoiaterme.it\/wp-content\/uploads\/2025\/11\/immagine-pranzo-di-natale-hotel-savoia-1.webp\" \/>\n\t<meta property=\"og:image:width\" content=\"2000\" \/>\n\t<meta property=\"og:image:height\" content=\"1000\" \/>\n\t<meta property=\"og:image:type\" content=\"image\/webp\" \/>\n<meta name=\"twitter:card\" content=\"summary_large_image\" \/>\n<meta name=\"twitter:label1\" content=\"Gesch\u00e4tzte Lesezeit\" \/>\n\t<meta name=\"twitter:data1\" content=\"2\u00a0Minuten\" \/>\n<script type=\"application\/ld+json\" class=\"yoast-schema-graph\">{\"@context\":\"https:\/\/schema.org\",\"@graph\":[{\"@type\":\"WebPage\",\"@id\":\"https:\/\/www.savoiaterme.it\/de\/heiligabend-dinner-in-unserem-ristorante-il-savoiardo\/\",\"url\":\"https:\/\/www.savoiaterme.it\/de\/heiligabend-dinner-in-unserem-ristorante-il-savoiardo\/\",\"name\":\"Heiligabend-Dinner in unserem \u201aRistorante il Savoiardo\u2018 - Hotel Savoia Therm\u00e6 &amp; Spa\",\"isPartOf\":{\"@id\":\"https:\/\/www.savoiaterme.it\/de\/#website\"},\"primaryImageOfPage\":{\"@id\":\"https:\/\/www.savoiaterme.it\/de\/heiligabend-dinner-in-unserem-ristorante-il-savoiardo\/#primaryimage\"},\"image\":{\"@id\":\"https:\/\/www.savoiaterme.it\/de\/heiligabend-dinner-in-unserem-ristorante-il-savoiardo\/#primaryimage\"},\"thumbnailUrl\":\"https:\/\/www.savoiaterme.it\/wp-content\/uploads\/2025\/11\/immagine-pranzo-di-natale-hotel-savoia-1.webp\",\"datePublished\":\"2025-11-14T14:38:44+00:00\",\"dateModified\":\"2025-11-21T14:01:14+00:00\",\"breadcrumb\":{\"@id\":\"https:\/\/www.savoiaterme.it\/de\/heiligabend-dinner-in-unserem-ristorante-il-savoiardo\/#breadcrumb\"},\"inLanguage\":\"de\",\"potentialAction\":[{\"@type\":\"ReadAction\",\"target\":[\"https:\/\/www.savoiaterme.it\/de\/heiligabend-dinner-in-unserem-ristorante-il-savoiardo\/\"]}]},{\"@type\":\"ImageObject\",\"inLanguage\":\"de\",\"@id\":\"https:\/\/www.savoiaterme.it\/de\/heiligabend-dinner-in-unserem-ristorante-il-savoiardo\/#primaryimage\",\"url\":\"https:\/\/www.savoiaterme.it\/wp-content\/uploads\/2025\/11\/immagine-pranzo-di-natale-hotel-savoia-1.webp\",\"contentUrl\":\"https:\/\/www.savoiaterme.it\/wp-content\/uploads\/2025\/11\/immagine-pranzo-di-natale-hotel-savoia-1.webp\",\"width\":2000,\"height\":1000},{\"@type\":\"BreadcrumbList\",\"@id\":\"https:\/\/www.savoiaterme.it\/de\/heiligabend-dinner-in-unserem-ristorante-il-savoiardo\/#breadcrumb\",\"itemListElement\":[{\"@type\":\"ListItem\",\"position\":1,\"name\":\"\",\"item\":\"https:\/\/www.savoiaterme.it\/de\/\"},{\"@type\":\"ListItem\",\"position\":2,\"name\":\"Heiligabend-Dinner in unserem \u201aRistorante il Savoiardo\u2018\"}]},{\"@type\":\"WebSite\",\"@id\":\"https:\/\/www.savoiaterme.it\/de\/#website\",\"url\":\"https:\/\/www.savoiaterme.it\/de\/\",\"name\":\"Hotel Savoia Therm\u00e6 &amp; Spa\",\"description\":\"ABANO TERME\",\"potentialAction\":[{\"@type\":\"SearchAction\",\"target\":{\"@type\":\"EntryPoint\",\"urlTemplate\":\"https:\/\/www.savoiaterme.it\/de\/?s={search_term_string}\"},\"query-input\":{\"@type\":\"PropertyValueSpecification\",\"valueRequired\":true,\"valueName\":\"search_term_string\"}}],\"inLanguage\":\"de\"}]}<\/script>\n<!-- \/ Yoast SEO plugin. -->","yoast_head_json":{"title":"Heiligabend-Dinner in unserem \u201aRistorante il Savoiardo\u2018 - Hotel Savoia Therm\u00e6 &amp; Spa","robots":{"index":"noindex","follow":"follow"},"og_locale":"de_DE","og_type":"article","og_title":"Heiligabend-Dinner in unserem \u201aRistorante il Savoiardo\u2018 - Hotel Savoia Therm\u00e6 &amp; Spa","og_url":"https:\/\/www.savoiaterme.it\/de\/heiligabend-dinner-in-unserem-ristorante-il-savoiardo\/","og_site_name":"Hotel Savoia Therm\u00e6 &amp; Spa","article_modified_time":"2025-11-21T14:01:14+00:00","og_image":[{"width":2000,"height":1000,"url":"https:\/\/www.savoiaterme.it\/wp-content\/uploads\/2025\/11\/immagine-pranzo-di-natale-hotel-savoia-1.webp","type":"image\/webp"}],"twitter_card":"summary_large_image","twitter_misc":{"Gesch\u00e4tzte Lesezeit":"2\u00a0Minuten"},"schema":{"@context":"https:\/\/schema.org","@graph":[{"@type":"WebPage","@id":"https:\/\/www.savoiaterme.it\/de\/heiligabend-dinner-in-unserem-ristorante-il-savoiardo\/","url":"https:\/\/www.savoiaterme.it\/de\/heiligabend-dinner-in-unserem-ristorante-il-savoiardo\/","name":"Heiligabend-Dinner in unserem \u201aRistorante il Savoiardo\u2018 - Hotel Savoia Therm\u00e6 &amp; Spa","isPartOf":{"@id":"https:\/\/www.savoiaterme.it\/de\/#website"},"primaryImageOfPage":{"@id":"https:\/\/www.savoiaterme.it\/de\/heiligabend-dinner-in-unserem-ristorante-il-savoiardo\/#primaryimage"},"image":{"@id":"https:\/\/www.savoiaterme.it\/de\/heiligabend-dinner-in-unserem-ristorante-il-savoiardo\/#primaryimage"},"thumbnailUrl":"https:\/\/www.savoiaterme.it\/wp-content\/uploads\/2025\/11\/immagine-pranzo-di-natale-hotel-savoia-1.webp","datePublished":"2025-11-14T14:38:44+00:00","dateModified":"2025-11-21T14:01:14+00:00","breadcrumb":{"@id":"https:\/\/www.savoiaterme.it\/de\/heiligabend-dinner-in-unserem-ristorante-il-savoiardo\/#breadcrumb"},"inLanguage":"de","potentialAction":[{"@type":"ReadAction","target":["https:\/\/www.savoiaterme.it\/de\/heiligabend-dinner-in-unserem-ristorante-il-savoiardo\/"]}]},{"@type":"ImageObject","inLanguage":"de","@id":"https:\/\/www.savoiaterme.it\/de\/heiligabend-dinner-in-unserem-ristorante-il-savoiardo\/#primaryimage","url":"https:\/\/www.savoiaterme.it\/wp-content\/uploads\/2025\/11\/immagine-pranzo-di-natale-hotel-savoia-1.webp","contentUrl":"https:\/\/www.savoiaterme.it\/wp-content\/uploads\/2025\/11\/immagine-pranzo-di-natale-hotel-savoia-1.webp","width":2000,"height":1000},{"@type":"BreadcrumbList","@id":"https:\/\/www.savoiaterme.it\/de\/heiligabend-dinner-in-unserem-ristorante-il-savoiardo\/#breadcrumb","itemListElement":[{"@type":"ListItem","position":1,"name":"","item":"https:\/\/www.savoiaterme.it\/de\/"},{"@type":"ListItem","position":2,"name":"Heiligabend-Dinner in unserem \u201aRistorante il Savoiardo\u2018"}]},{"@type":"WebSite","@id":"https:\/\/www.savoiaterme.it\/de\/#website","url":"https:\/\/www.savoiaterme.it\/de\/","name":"Hotel Savoia Therm\u00e6 &amp; Spa","description":"ABANO TERME","potentialAction":[{"@type":"SearchAction","target":{"@type":"EntryPoint","urlTemplate":"https:\/\/www.savoiaterme.it\/de\/?s={search_term_string}"},"query-input":{"@type":"PropertyValueSpecification","valueRequired":true,"valueName":"search_term_string"}}],"inLanguage":"de"}]}},"coauthors":[],"author_meta":{"author_link":"https:\/\/www.savoiaterme.it\/de\/author\/mattia\/","display_name":"mattia"},"relative_dates":{"created":"Posted 5\u00a0Monaten ago","modified":"Updated 5\u00a0Monaten ago"},"absolute_dates":{"created":"Posted on November 14, 2025","modified":"Updated on November 21, 2025"},"absolute_dates_time":{"created":"Posted on November 14, 2025 3:38 p.m.","modified":"Updated on November 21, 2025 3:01 p.m."},"featured_img_caption":"","featured_img":"https:\/\/www.savoiaterme.it\/wp-content\/uploads\/2025\/11\/immagine-pranzo-di-natale-hotel-savoia-1-1568x784.webp","series_order":"","_links":{"self":[{"href":"https:\/\/www.savoiaterme.it\/de\/wp-json\/wp\/v2\/pages\/31840","targetHints":{"allow":["GET"]}}],"collection":[{"href":"https:\/\/www.savoiaterme.it\/de\/wp-json\/wp\/v2\/pages"}],"about":[{"href":"https:\/\/www.savoiaterme.it\/de\/wp-json\/wp\/v2\/types\/page"}],"author":[{"embeddable":true,"href":"https:\/\/www.savoiaterme.it\/de\/wp-json\/wp\/v2\/users\/26"}],"replies":[{"embeddable":true,"href":"https:\/\/www.savoiaterme.it\/de\/wp-json\/wp\/v2\/comments?post=31840"}],"version-history":[{"count":3,"href":"https:\/\/www.savoiaterme.it\/de\/wp-json\/wp\/v2\/pages\/31840\/revisions"}],"predecessor-version":[{"id":31857,"href":"https:\/\/www.savoiaterme.it\/de\/wp-json\/wp\/v2\/pages\/31840\/revisions\/31857"}],"wp:featuredmedia":[{"embeddable":true,"href":"https:\/\/www.savoiaterme.it\/de\/wp-json\/wp\/v2\/media\/31655"}],"wp:attachment":[{"href":"https:\/\/www.savoiaterme.it\/de\/wp-json\/wp\/v2\/media?parent=31840"}],"curies":[{"name":"wp","href":"https:\/\/api.w.org\/{rel}","templated":true}]}}