{"id":31881,"date":"2025-11-21T15:52:01","date_gmt":"2025-11-21T14:52:01","guid":{"rendered":"https:\/\/www.savoiaterme.it\/pranzo-di-natale-del-nostro-ristorante-il-savoiardo\/"},"modified":"2025-11-24T17:04:27","modified_gmt":"2025-11-24T16:04:27","slug":"weihnachtsmittagessen-in-unserem-ristorante-il-savoiardo","status":"publish","type":"page","link":"https:\/\/www.savoiaterme.it\/de\/weihnachtsmittagessen-in-unserem-ristorante-il-savoiardo\/","title":{"rendered":"Weihnachtsmittagessen in unserem \u201aRistorante il Savoiardo\u2018"},"content":{"rendered":"<div  class=\"grids-section image-boxed-blur-background grids-is-advanced alignfull\" style=\"--_gs-gap-desktop:0px 0px;--_gs-m-desktop:0 0 0 0;--_gs-p-desktop:0 0 0 0;--_gs-bg-desktop:transparent url(https:\/\/www.savoiaterme.it\/wp-content\/uploads\/2025\/11\/immagine-pranzo-di-natale-hotel-savoia-4.jpg) no-repeat 50% 50%  \/ cover;--_gs-bg-xp-desktop:0px;--_gs-zi-desktop:auto;--_gs-d-desktop:block;--_gs-mw-desktop:calc(100% - 0 - 0);--_gs-gap-tablet:0px 0px;--_gs-m-tablet:0 0 0 0;--_gs-p-tablet:0 0 0 0;--_gs-bg-tablet:transparent url(https:\/\/www.savoiaterme.it\/wp-content\/uploads\/2025\/11\/immagine-pranzo-di-natale-hotel-savoia-4.jpg) no-repeat 50% 50%  \/ cover;--_gs-bg-xp-tablet:0px;--_gs-zi-tablet:auto;--_gs-d-tablet:block;--_gs-mw-tablet:calc(100% - 0 - 0);--_gs-gap-mobile:0px 0px;--_gs-m-mobile:0 0 0 0;--_gs-p-mobile:0 0 0 0;--_gs-bg-mobile:transparent url(https:\/\/www.savoiaterme.it\/wp-content\/uploads\/2025\/11\/immagine-pranzo-di-natale-hotel-savoia-4.jpg) no-repeat 50% 50%  \/ cover;--_gs-bg-xp-mobile:0px;--_gs-zi-mobile:auto;--_gs-d-mobile:block;--_gs-mw-mobile:calc(100% - 0 - 0);--_gs-columns:12;--_gs-rows:6\"><div class=\"grids-s-w_i\">\n<div class=\"grids-area\" style=\"--_ga-column:5\/9;--_ga-row:1\/7;--_ga-m-desktop:0px 0px 0px 0px;--_ga-p-desktop:0px 50px 0px 50px;--_ga-bg-desktop:transparent none;--_ga-zi-desktop:auto;--_ga-d-desktop:flex;--_ga-mw-desktop:calc(100% - 0px - 0px);--_ga-m-tablet:0px 0px 0px 0px;--_ga-p-tablet:0px 50px 0px 50px;--_ga-bg-tablet:transparent none;--_ga-zi-tablet:auto;--_ga-d-tablet:flex;--_ga-mw-tablet:calc(100% - 0px - 0px);--_ga-m-mobile:0px 0px 0px 0px;--_ga-p-mobile:0px 20px 0px 20px;--_ga-bg-mobile:transparent none;--_ga-zi-mobile:auto;--_ga-d-mobile:flex;--_ga-mw-mobile:calc(100% - 0px - 0px)\">\n\n<div style=\"text-align: center; margin-bottom: 20px;\"><lord-icon src=\"https:\/\/cdn.lordicon.com\/chlwdifj.json\" trigger=\"loop\" colors=\"primary:#F6E29F,secondary:#F6E29F\" style=\"width:100px;height:100px\">\n<\/lord-icon><\/div>\n\n\n\n<h2 class=\"wp-block-heading has-text-align-center has-text-color has-link-color wp-elements-17e0d11335c6168ae36f8c40d1bcc837\" style=\"color:#f6e29f\"><strong>Abano Terme, 25. Dezember 2025<\/strong><\/h2>\n\n\n\n<p class=\"has-text-align-center has-white-color has-text-color has-link-color wp-elements-256b6334fe1cfe5fd2b6edafaa910957\">Der Zauber von Weihnachten zeigt sich in einem Mittagessen, in dem Tradition, Atmosph\u00e4re und die Aromen des Territoriums harmonisch miteinander verschmelzen. Unser Chef und sein Team haben ein Men\u00fc kreiert, das die Essenz des Festes hervorhebt, begleitet von ausgew\u00e4hlten Empfehlungen unseres Sommeliers&nbsp;<strong style=\"color:#F6E19F\">Giancarlo Dima<\/strong>.<\/p>\n\n\n\n<div style=\"text-align: center; margin-top: 5px; margin-bottom: 20px;\"><lord-icon src=\"https:\/\/cdn.lordicon.com\/umcbsody.json\" trigger=\"loop\" colors=\"primary:#F6E29F,secondary:#F6E29F\" style=\"width:75px;height:75px\">\n<\/lord-icon><\/div>\n\n\n\n<h3 class=\"wp-block-heading has-text-align-center has-text-color has-link-color wp-elements-5061dc5efc947101343c4ddf12aebb66\" style=\"color:#fff7e1;font-size:36px\"><strong>MEN\u00dc<\/strong><\/h3>\n\n\n\n<p class=\"has-text-align-center has-white-color has-text-color has-link-color wp-elements-55a0bd8b8530bbc523705f3ca62300a5\">Der \u201eChic\u201c-Weihnachtsaperitif mit Spezialit\u00e4ten von Land und Meer<\/p>\n\n\n\n<h3 class=\"wp-block-heading has-text-align-center title-margin-top has-text-color has-link-color wp-elements-085c702862244b072e443acbd6620671\" style=\"color:#fff7e1\"><strong><strong>DIE VORSPEISE \u2014 ZUR WAHL:<\/strong><\/strong><\/h3>\n\n\n\n<p class=\"has-text-align-center has-white-color has-text-color has-link-color wp-elements-3a315185cf9029f711abc8694f673c4f\"><strong style=\"color:#F6E19F\">Pan Brioche<\/strong>&nbsp;in der Pfanne getoastet, mit in Estragon mariniertem Rindfleisch, s\u00fc\u00dfer Gorgonzolasauce und typisch venezianischem *Radicchio in saor* <br><br><strong style=\"color:#F6E19F\">Geschmorter Ofen-Calamaro<\/strong>&nbsp;gef\u00fcllt mit zarter, ger\u00f6steter K\u00fcrbiscreme, auf einem Zucchinisalat mit rotem Basilikum <\/p>\n\n\n\n<h3 class=\"wp-block-heading has-text-align-center title-margin-top has-text-color has-link-color wp-elements-ef942d246b325946dd0c1686d757569a\" style=\"color:#fff7e1\"><strong><strong>DIE ERSTEN G\u00c4NGE \u2014 ZUR WAHL:<\/strong><\/strong><\/h3>\n\n\n\n<p class=\"has-text-align-center has-white-color has-text-color has-link-color wp-elements-dd5c486f5f0845b2d8b10f65819c2311\"><strong style=\"color:#F6E19F\">Reisperlen mit Riesling<\/strong> mit Rag\u00f9 aus kandierten Williamsbirnen und Tropfen von Walnuss\u00f6l<br><br><strong style=\"color:#F6E19F\">Frische Pastadreiecke<\/strong> gef\u00fcllt mit Wildschwein,<br>mit Pfifferlingssauce und goldener Vezzena-Pulverw\u00fcrze<\/p>\n\n\n\n<h3 class=\"wp-block-heading has-text-align-center title-margin-top has-text-color has-link-color wp-elements-dcf901c46989b7334b04d2a86a9586ce\" style=\"color:#fff7e1\"><strong><strong>DIE HAUPTG\u00c4NGE \u2014 ZUR WAHL:<\/strong><\/strong><\/h3>\n\n\n\n<p class=\"has-text-align-center has-white-color has-text-color has-link-color wp-elements-aa26fb6373aec880aac8a2ad7d01d2f5\"><strong style=\"color:#F6E19F\">Die Ricciola-Scaloppa<\/strong>&nbsp;gratiniert mit Brot aus Aktivkohle, auf Reduktion aus Fischfond mit gr\u00fcnen Kirschtomaten, dazu Safran-Kartoffelstampf<br><br><strong style=\"color:#F6E19F\">Die B\u00e4ckchen vom ausgewachsenen Rind<\/strong> geschmort in Rotwein der Colli Euganei,<br>mit Tropfen von Zartbitterschokolade auf goldenen Kartoffeln<\/p>\n\n\n\n<h3 class=\"wp-block-heading has-text-align-center title-margin-top has-text-color has-link-color wp-elements-b0ef018bf547b4a15f924d5767d94010\" style=\"color:#fff7e1\"><strong><strong>DER VOR-DESSERT<\/strong><\/strong><\/h3>\n\n\n\n<p class=\"has-text-align-center has-white-color has-text-color has-link-color wp-elements-6f041bf72eac8bee330de898b6acdcf0\">Kaltes Marasca-Kirschcreme-Dessert mit reduzierter Sauerrahmcreme<\/p>\n\n\n\n<h3 class=\"wp-block-heading has-text-align-center title-margin-top has-text-color has-link-color wp-elements-f821e193a4f0e201693831623ce8620f\" style=\"color:#fff7e1\">DAS BUFFET DER SCHLEMMEREIEN:<\/h3>\n\n\n\n<p class=\"has-text-align-center has-white-color has-text-color has-link-color wp-elements-95904e609c8fc56a7720edcb856c68ab\"><strong style=\"color:#F6E19F\">Panettone und Pandoro mit passenden Saucen<\/strong><br><br><strong style=\"color:#F6E19F\">Frische Obstfantasie<\/strong><br><br><strong style=\"color:#F6E19F\">Weihnachtliche K\u00f6stlichkeiten<\/strong>.<\/p>\n\n\n\n<div style=\"text-align: center; margin-top: 5px; margin-bottom: 20px;\"><lord-icon src=\"https:\/\/cdn.lordicon.com\/jzbpmcci.json\" trigger=\"loop\" colors=\"primary:#F6E29F,secondary:#F6E29F\" style=\"width:75px;height:75px\">\n<\/lord-icon><\/div>\n\n\n\n<h3 class=\"wp-block-heading has-text-align-center has-text-color has-link-color wp-elements-24f67081b5692224d722882c4b69fe7a\" style=\"color:#fff7e1\"><strong>Die Empfehlungen unseres Sommeliers<\/strong><\/h3>\n\n\n<div  class=\"grids-section grids-is-stretch\" style=\"--_gs-gap-desktop:0px 0px;--_gs-m-desktop:0 0 0 0;--_gs-p-desktop:0 0 0 0;--_gs-bg-desktop:transparent none;--_gs-bg-xp-desktop:0px;--_gs-zi-desktop:auto;--_gs-d-desktop:block;--_gs-mw-desktop:calc(100% - 0 - 0);--_gs-gap-tablet:0px 0px;--_gs-m-tablet:0 0 0 0;--_gs-p-tablet:0 0 0 0;--_gs-bg-tablet:transparent none;--_gs-bg-xp-tablet:0px;--_gs-zi-tablet:auto;--_gs-d-tablet:block;--_gs-mw-tablet:calc(100% - 0 - 0);--_gs-gap-mobile:0px 0px;--_gs-m-mobile:0 0 0 0;--_gs-p-mobile:0 0 0 0;--_gs-bg-mobile:transparent none;--_gs-bg-xp-mobile:0px;--_gs-zi-mobile:auto;--_gs-d-mobile:block;--_gs-mw-mobile:calc(100% - 0 - 0);--_gs-columns:3;--_gs-rows:1\"><div class=\"grids-s-w_i\">\n<div class=\"grids-area\" style=\"--_ga-column:1\/2;--_ga-row:1\/2;--_ga-m-desktop:0 0 0 0;--_ga-p-desktop:0 10px 0 10px;--_ga-bg-desktop:transparent none;--_ga-zi-desktop:auto;--_ga-d-desktop:flex;--_ga-mw-desktop:calc(100% - 0 - 0);--_ga-m-tablet:0 0 0 0;--_ga-p-tablet:0 10px 0 10px;--_ga-bg-tablet:transparent none;--_ga-zi-tablet:auto;--_ga-d-tablet:flex;--_ga-mw-tablet:calc(100% - 0 - 0);--_ga-m-mobile:0 0 0 0;--_ga-p-mobile:0 10px 0 10px;--_ga-bg-mobile:transparent none;--_ga-zi-mobile:auto;--_ga-d-mobile:flex;--_ga-mw-mobile:calc(100% - 0 - 0)\">\n\n<p class=\"has-text-align-center has-white-color has-text-color has-link-color wp-elements-37875c1b206058912ecccd75ff908605\"><strong style=\"color:#F6E19F\">\u201eWei\u00dfweine\u201c<\/strong><br>Chardonnay dei Colli Euganei DOC \u201cSass\u00e0ra\u201d Sengiari<br>Pinot Grigio del Collio DOC Cormons<\/p>\n\n<\/div>\n\n<div class=\"grids-area\" style=\"--_ga-column:2\/3;--_ga-row:1\/2;--_ga-m-desktop:0 0 0 0;--_ga-p-desktop:0 10px 0 10px;--_ga-bg-desktop:transparent none;--_ga-zi-desktop:auto;--_ga-d-desktop:flex;--_ga-mw-desktop:calc(100% - 0 - 0);--_ga-m-tablet:0 0 0 0;--_ga-p-tablet:0 10px 0 10px;--_ga-bg-tablet:transparent none;--_ga-zi-tablet:auto;--_ga-d-tablet:flex;--_ga-mw-tablet:calc(100% - 0 - 0);--_ga-m-mobile:0 0 0 0;--_ga-p-mobile:0 10px 0 10px;--_ga-bg-mobile:transparent none;--_ga-zi-mobile:auto;--_ga-d-mobile:flex;--_ga-mw-mobile:calc(100% - 0 - 0)\">\n\n<p class=\"has-text-align-center has-white-color has-text-color has-link-color wp-elements-1f82a56c7c554e854fda46e1abc374bf\"><strong style=\"color:#F6E19F\">\u201eRotweine\u201c<\/strong><br>Rosso dei Colli Euganei DOC \u201eVegro\u201c Sengiari<br>Cabernet dei Colli Euganei DOC \u201eGirapoggio\u201c Zanovello<\/p>\n\n<\/div>\n\n<div class=\"grids-area\" style=\"--_ga-column:3\/4;--_ga-row:1\/2;--_ga-m-desktop:0 0 0 0;--_ga-p-desktop:0 10px 0 10px;--_ga-bg-desktop:transparent none;--_ga-zi-desktop:auto;--_ga-d-desktop:flex;--_ga-mw-desktop:calc(100% - 0 - 0);--_ga-m-tablet:0 0 0 0;--_ga-p-tablet:0 10px 0 10px;--_ga-bg-tablet:transparent none;--_ga-zi-tablet:auto;--_ga-d-tablet:flex;--_ga-mw-tablet:calc(100% - 0 - 0);--_ga-m-mobile:0 0 0 0;--_ga-p-mobile:0 10px 0 10px;--_ga-bg-mobile:transparent none;--_ga-zi-mobile:auto;--_ga-d-mobile:flex;--_ga-mw-mobile:calc(100% - 0 - 0)\">\n\n<p class=\"has-text-align-center has-white-color has-text-color has-link-color wp-elements-44299c8863acbfd6068f8d01cba35b83\"><strong style=\"color:#F6E19F\">\u201eSchaumweine\u201c<\/strong><br>Ferrari DOC Brut<br>Fior D\u2019Arancio Spumante Dolce DOCG Borin<\/p>\n\n<\/div>\n<\/div><\/div>\n\n\n<h3 class=\"wp-block-heading has-text-align-center has-text-color has-link-color wp-elements-ce3e2bb83e94c6c781e7d524e8b26751\" style=\"color:#fff7e1\"><strong>Unser Team<\/strong><\/h3>\n\n\n\n<p class=\"has-text-align-center has-white-color has-text-color has-link-color wp-elements-64cc694e6dfc6f2b980a6dea69cb282c\">Chef de Cuisine:&nbsp;<strong style=\"color:#F6E19F\">Daniele Veronese<\/strong><br>Ma\u00eetre:&nbsp;<strong style=\"color:#F6E19F\">Cristiano Gallimberti<\/strong><br>Sommelier:&nbsp;<strong style=\"color:#F6E19F\">Giancarlo Dima<\/strong><br>Head Barman:&nbsp;<strong style=\"color:#F6E19F\">Stefano Marchioro<\/strong><\/p>\n\n\n\n<a href=\"https:\/\/www.savoiaterme.it\/de\/winterfeiertage-2025\/\" class=\"btn btn-center\" rel=\"noopener\">ENTDECKEN SIE DAS FESTPROGRAMM<\/a>\n\n<\/div>\n<\/div><\/div>","protected":false},"excerpt":{"rendered":"","protected":false},"author":26,"featured_media":31874,"parent":0,"menu_order":0,"comment_status":"closed","ping_status":"closed","template":"","meta":{"_acf_changed":false,"advgb_blocks_editor_width":"","advgb_blocks_columns_visual_guide":"","footnotes":""},"class_list":["post-31881","page","type-page","status-publish","has-post-thumbnail","hentry","entry"],"acf":{"page_custom_gallery":null,"element_single_page":null,"second_element_single_page":null},"yoast_head":"<!-- This site is optimized with the Yoast SEO plugin v25.7 - https:\/\/yoast.com\/wordpress\/plugins\/seo\/ -->\n<title>Weihnachtsmittagessen in unserem \u201aRistorante il Savoiardo\u2018 - Hotel Savoia Therm\u00e6 &amp; Spa<\/title>\n<meta name=\"robots\" content=\"noindex, follow\" \/>\n<meta property=\"og:locale\" content=\"de_DE\" \/>\n<meta property=\"og:type\" content=\"article\" \/>\n<meta property=\"og:title\" content=\"Weihnachtsmittagessen in unserem \u201aRistorante il Savoiardo\u2018 - Hotel Savoia Therm\u00e6 &amp; Spa\" \/>\n<meta property=\"og:url\" content=\"https:\/\/www.savoiaterme.it\/de\/weihnachtsmittagessen-in-unserem-ristorante-il-savoiardo\/\" \/>\n<meta property=\"og:site_name\" content=\"Hotel Savoia Therm\u00e6 &amp; Spa\" \/>\n<meta property=\"article:modified_time\" content=\"2025-11-24T16:04:27+00:00\" \/>\n<meta property=\"og:image\" content=\"https:\/\/www.savoiaterme.it\/wp-content\/uploads\/2025\/11\/immagine-di-copertina-menu-natale-2025.webp\" \/>\n\t<meta property=\"og:image:width\" content=\"2000\" \/>\n\t<meta property=\"og:image:height\" content=\"1000\" \/>\n\t<meta property=\"og:image:type\" content=\"image\/webp\" \/>\n<meta name=\"twitter:card\" content=\"summary_large_image\" \/>\n<meta name=\"twitter:label1\" content=\"Gesch\u00e4tzte Lesezeit\" \/>\n\t<meta name=\"twitter:data1\" content=\"2\u00a0Minuten\" \/>\n<script type=\"application\/ld+json\" class=\"yoast-schema-graph\">{\"@context\":\"https:\/\/schema.org\",\"@graph\":[{\"@type\":\"WebPage\",\"@id\":\"https:\/\/www.savoiaterme.it\/de\/weihnachtsmittagessen-in-unserem-ristorante-il-savoiardo\/\",\"url\":\"https:\/\/www.savoiaterme.it\/de\/weihnachtsmittagessen-in-unserem-ristorante-il-savoiardo\/\",\"name\":\"Weihnachtsmittagessen in unserem \u201aRistorante il Savoiardo\u2018 - Hotel Savoia Therm\u00e6 &amp; Spa\",\"isPartOf\":{\"@id\":\"https:\/\/www.savoiaterme.it\/de\/#website\"},\"primaryImageOfPage\":{\"@id\":\"https:\/\/www.savoiaterme.it\/de\/weihnachtsmittagessen-in-unserem-ristorante-il-savoiardo\/#primaryimage\"},\"image\":{\"@id\":\"https:\/\/www.savoiaterme.it\/de\/weihnachtsmittagessen-in-unserem-ristorante-il-savoiardo\/#primaryimage\"},\"thumbnailUrl\":\"https:\/\/www.savoiaterme.it\/wp-content\/uploads\/2025\/11\/immagine-di-copertina-menu-natale-2025.webp\",\"datePublished\":\"2025-11-21T14:52:01+00:00\",\"dateModified\":\"2025-11-24T16:04:27+00:00\",\"breadcrumb\":{\"@id\":\"https:\/\/www.savoiaterme.it\/de\/weihnachtsmittagessen-in-unserem-ristorante-il-savoiardo\/#breadcrumb\"},\"inLanguage\":\"de\",\"potentialAction\":[{\"@type\":\"ReadAction\",\"target\":[\"https:\/\/www.savoiaterme.it\/de\/weihnachtsmittagessen-in-unserem-ristorante-il-savoiardo\/\"]}]},{\"@type\":\"ImageObject\",\"inLanguage\":\"de\",\"@id\":\"https:\/\/www.savoiaterme.it\/de\/weihnachtsmittagessen-in-unserem-ristorante-il-savoiardo\/#primaryimage\",\"url\":\"https:\/\/www.savoiaterme.it\/wp-content\/uploads\/2025\/11\/immagine-di-copertina-menu-natale-2025.webp\",\"contentUrl\":\"https:\/\/www.savoiaterme.it\/wp-content\/uploads\/2025\/11\/immagine-di-copertina-menu-natale-2025.webp\",\"width\":2000,\"height\":1000},{\"@type\":\"BreadcrumbList\",\"@id\":\"https:\/\/www.savoiaterme.it\/de\/weihnachtsmittagessen-in-unserem-ristorante-il-savoiardo\/#breadcrumb\",\"itemListElement\":[{\"@type\":\"ListItem\",\"position\":1,\"name\":\"\",\"item\":\"https:\/\/www.savoiaterme.it\/de\/\"},{\"@type\":\"ListItem\",\"position\":2,\"name\":\"Weihnachtsmittagessen in unserem \u201aRistorante il Savoiardo\u2018\"}]},{\"@type\":\"WebSite\",\"@id\":\"https:\/\/www.savoiaterme.it\/de\/#website\",\"url\":\"https:\/\/www.savoiaterme.it\/de\/\",\"name\":\"Hotel Savoia Therm\u00e6 &amp; Spa\",\"description\":\"ABANO TERME\",\"potentialAction\":[{\"@type\":\"SearchAction\",\"target\":{\"@type\":\"EntryPoint\",\"urlTemplate\":\"https:\/\/www.savoiaterme.it\/de\/?s={search_term_string}\"},\"query-input\":{\"@type\":\"PropertyValueSpecification\",\"valueRequired\":true,\"valueName\":\"search_term_string\"}}],\"inLanguage\":\"de\"}]}<\/script>\n<!-- \/ Yoast SEO plugin. -->","yoast_head_json":{"title":"Weihnachtsmittagessen in unserem \u201aRistorante il Savoiardo\u2018 - Hotel Savoia Therm\u00e6 &amp; Spa","robots":{"index":"noindex","follow":"follow"},"og_locale":"de_DE","og_type":"article","og_title":"Weihnachtsmittagessen in unserem \u201aRistorante il Savoiardo\u2018 - Hotel Savoia Therm\u00e6 &amp; Spa","og_url":"https:\/\/www.savoiaterme.it\/de\/weihnachtsmittagessen-in-unserem-ristorante-il-savoiardo\/","og_site_name":"Hotel Savoia Therm\u00e6 &amp; Spa","article_modified_time":"2025-11-24T16:04:27+00:00","og_image":[{"width":2000,"height":1000,"url":"https:\/\/www.savoiaterme.it\/wp-content\/uploads\/2025\/11\/immagine-di-copertina-menu-natale-2025.webp","type":"image\/webp"}],"twitter_card":"summary_large_image","twitter_misc":{"Gesch\u00e4tzte Lesezeit":"2\u00a0Minuten"},"schema":{"@context":"https:\/\/schema.org","@graph":[{"@type":"WebPage","@id":"https:\/\/www.savoiaterme.it\/de\/weihnachtsmittagessen-in-unserem-ristorante-il-savoiardo\/","url":"https:\/\/www.savoiaterme.it\/de\/weihnachtsmittagessen-in-unserem-ristorante-il-savoiardo\/","name":"Weihnachtsmittagessen in unserem \u201aRistorante il Savoiardo\u2018 - Hotel Savoia Therm\u00e6 &amp; Spa","isPartOf":{"@id":"https:\/\/www.savoiaterme.it\/de\/#website"},"primaryImageOfPage":{"@id":"https:\/\/www.savoiaterme.it\/de\/weihnachtsmittagessen-in-unserem-ristorante-il-savoiardo\/#primaryimage"},"image":{"@id":"https:\/\/www.savoiaterme.it\/de\/weihnachtsmittagessen-in-unserem-ristorante-il-savoiardo\/#primaryimage"},"thumbnailUrl":"https:\/\/www.savoiaterme.it\/wp-content\/uploads\/2025\/11\/immagine-di-copertina-menu-natale-2025.webp","datePublished":"2025-11-21T14:52:01+00:00","dateModified":"2025-11-24T16:04:27+00:00","breadcrumb":{"@id":"https:\/\/www.savoiaterme.it\/de\/weihnachtsmittagessen-in-unserem-ristorante-il-savoiardo\/#breadcrumb"},"inLanguage":"de","potentialAction":[{"@type":"ReadAction","target":["https:\/\/www.savoiaterme.it\/de\/weihnachtsmittagessen-in-unserem-ristorante-il-savoiardo\/"]}]},{"@type":"ImageObject","inLanguage":"de","@id":"https:\/\/www.savoiaterme.it\/de\/weihnachtsmittagessen-in-unserem-ristorante-il-savoiardo\/#primaryimage","url":"https:\/\/www.savoiaterme.it\/wp-content\/uploads\/2025\/11\/immagine-di-copertina-menu-natale-2025.webp","contentUrl":"https:\/\/www.savoiaterme.it\/wp-content\/uploads\/2025\/11\/immagine-di-copertina-menu-natale-2025.webp","width":2000,"height":1000},{"@type":"BreadcrumbList","@id":"https:\/\/www.savoiaterme.it\/de\/weihnachtsmittagessen-in-unserem-ristorante-il-savoiardo\/#breadcrumb","itemListElement":[{"@type":"ListItem","position":1,"name":"","item":"https:\/\/www.savoiaterme.it\/de\/"},{"@type":"ListItem","position":2,"name":"Weihnachtsmittagessen in unserem \u201aRistorante il Savoiardo\u2018"}]},{"@type":"WebSite","@id":"https:\/\/www.savoiaterme.it\/de\/#website","url":"https:\/\/www.savoiaterme.it\/de\/","name":"Hotel Savoia Therm\u00e6 &amp; Spa","description":"ABANO TERME","potentialAction":[{"@type":"SearchAction","target":{"@type":"EntryPoint","urlTemplate":"https:\/\/www.savoiaterme.it\/de\/?s={search_term_string}"},"query-input":{"@type":"PropertyValueSpecification","valueRequired":true,"valueName":"search_term_string"}}],"inLanguage":"de"}]}},"coauthors":[],"author_meta":{"author_link":"https:\/\/www.savoiaterme.it\/de\/author\/mattia\/","display_name":"mattia"},"relative_dates":{"created":"Posted 5\u00a0Monaten ago","modified":"Updated 5\u00a0Monaten ago"},"absolute_dates":{"created":"Posted on November 21, 2025","modified":"Updated on November 24, 2025"},"absolute_dates_time":{"created":"Posted on November 21, 2025 3:52 p.m.","modified":"Updated on November 24, 2025 5:04 p.m."},"featured_img_caption":"","featured_img":"https:\/\/www.savoiaterme.it\/wp-content\/uploads\/2025\/11\/immagine-di-copertina-menu-natale-2025-1568x784.webp","series_order":"","_links":{"self":[{"href":"https:\/\/www.savoiaterme.it\/de\/wp-json\/wp\/v2\/pages\/31881","targetHints":{"allow":["GET"]}}],"collection":[{"href":"https:\/\/www.savoiaterme.it\/de\/wp-json\/wp\/v2\/pages"}],"about":[{"href":"https:\/\/www.savoiaterme.it\/de\/wp-json\/wp\/v2\/types\/page"}],"author":[{"embeddable":true,"href":"https:\/\/www.savoiaterme.it\/de\/wp-json\/wp\/v2\/users\/26"}],"replies":[{"embeddable":true,"href":"https:\/\/www.savoiaterme.it\/de\/wp-json\/wp\/v2\/comments?post=31881"}],"version-history":[{"count":1,"href":"https:\/\/www.savoiaterme.it\/de\/wp-json\/wp\/v2\/pages\/31881\/revisions"}],"predecessor-version":[{"id":31897,"href":"https:\/\/www.savoiaterme.it\/de\/wp-json\/wp\/v2\/pages\/31881\/revisions\/31897"}],"wp:featuredmedia":[{"embeddable":true,"href":"https:\/\/www.savoiaterme.it\/de\/wp-json\/wp\/v2\/media\/31874"}],"wp:attachment":[{"href":"https:\/\/www.savoiaterme.it\/de\/wp-json\/wp\/v2\/media?parent=31881"}],"curies":[{"name":"wp","href":"https:\/\/api.w.org\/{rel}","templated":true}]}}