{"id":31980,"date":"2025-11-26T09:17:11","date_gmt":"2025-11-26T08:17:11","guid":{"rendered":"https:\/\/www.savoiaterme.it\/la-notte-di-capodanno-ristorante-il-savoiardo\/"},"modified":"2025-11-26T10:32:12","modified_gmt":"2025-11-26T09:32:12","slug":"silvesternacht-im-ristorante-il-savoiardo","status":"publish","type":"page","link":"https:\/\/www.savoiaterme.it\/de\/silvesternacht-im-ristorante-il-savoiardo\/","title":{"rendered":"Silvesternacht im \u201aRistorante il Savoiardo\u2018"},"content":{"rendered":"<div  class=\"grids-section image-boxed-blur-background grids-is-advanced alignfull\" style=\"--_gs-gap-desktop:0px 0px;--_gs-m-desktop:0 0 0 0;--_gs-p-desktop:0 0 0 0;--_gs-bg-desktop:transparent url(https:\/\/www.savoiaterme.it\/wp-content\/uploads\/2025\/11\/immagine-capodanno-savoia-2025.webp) no-repeat 50% 50%  \/ cover;--_gs-bg-xp-desktop:0px;--_gs-zi-desktop:auto;--_gs-d-desktop:block;--_gs-mw-desktop:calc(100% - 0 - 0);--_gs-gap-tablet:0px 0px;--_gs-m-tablet:0 0 0 0;--_gs-p-tablet:0 0 0 0;--_gs-bg-tablet:transparent url(https:\/\/www.savoiaterme.it\/wp-content\/uploads\/2025\/11\/immagine-capodanno-savoia-2025.webp) no-repeat 50% 50%  \/ cover;--_gs-bg-xp-tablet:0px;--_gs-zi-tablet:auto;--_gs-d-tablet:block;--_gs-mw-tablet:calc(100% - 0 - 0);--_gs-gap-mobile:0px 0px;--_gs-m-mobile:0 0 0 0;--_gs-p-mobile:0 0 0 0;--_gs-bg-mobile:transparent url(https:\/\/www.savoiaterme.it\/wp-content\/uploads\/2025\/11\/immagine-capodanno-savoia-2025.webp) no-repeat 50% 50%  \/ cover;--_gs-bg-xp-mobile:0px;--_gs-zi-mobile:auto;--_gs-d-mobile:block;--_gs-mw-mobile:calc(100% - 0 - 0);--_gs-columns:12;--_gs-rows:6\"><div class=\"grids-s-w_i\">\n<div class=\"grids-area\" style=\"--_ga-column:5\/9;--_ga-row:1\/7;--_ga-m-desktop:0px 0px 0px 0px;--_ga-p-desktop:0px 50px 0px 50px;--_ga-bg-desktop:transparent none;--_ga-zi-desktop:auto;--_ga-d-desktop:flex;--_ga-mw-desktop:calc(100% - 0px - 0px);--_ga-m-tablet:0px 0px 0px 0px;--_ga-p-tablet:0px 50px 0px 50px;--_ga-bg-tablet:transparent none;--_ga-zi-tablet:auto;--_ga-d-tablet:flex;--_ga-mw-tablet:calc(100% - 0px - 0px);--_ga-m-mobile:0px 0px 0px 0px;--_ga-p-mobile:0px 20px 0px 20px;--_ga-bg-mobile:transparent none;--_ga-zi-mobile:auto;--_ga-d-mobile:flex;--_ga-mw-mobile:calc(100% - 0px - 0px)\">\n\n<div style=\"text-align: center; margin-bottom: 20px;\"><lord-icon src=\"https:\/\/cdn.lordicon.com\/jlgngnvz.json\" trigger=\"loop\" colors=\"primary:#F6E29F,secondary:#F6E29F\" style=\"width:100px;height:100px\">\n<\/lord-icon><\/div>\n\n\n\n<h2 class=\"wp-block-heading has-text-align-center has-text-color has-link-color wp-elements-8ab076a1719823b4b6be277d06d6c8a2\" style=\"color:#f6e29f\"><strong>Abano Terme, 31. Dezember 2025<\/strong><\/h2>\n\n\n\n<p class=\"has-text-align-center has-white-color has-text-color has-link-color wp-elements-6528fec6029074200e9afb0356fc8cc1\">Die Silvesternacht wird zu einer besonderen Gelegenheit, Geschmack, Atmosph\u00e4re und die Freude an guter K\u00fcche zu teilen. Ein gastronomischer Rundgang, der geschaffen wurde, um die Tradition mit einem zeitgen\u00f6ssischen Touch zu feiern \u2013 in einem eleganten und festlichen Ambiente.<\/p>\n\n\n\n<div style=\"text-align: center; margin-top: 5px; margin-bottom: 20px;\"><lord-icon src=\"https:\/\/cdn.lordicon.com\/yvgmrqny.json\" trigger=\"loop\" colors=\"primary:#F6E29F,secondary:#F6E29F\" style=\"width:75px;height:75px\">\n<\/lord-icon><\/div>\n\n\n\n<h2 class=\"wp-block-heading has-text-align-center has-text-color has-link-color wp-elements-716a0408510d185d88dd0154d9916914\" style=\"color:#f6e29f\"><strong><strong>MEN\u00dc<\/strong><\/strong><\/h2>\n\n\n\n<h3 class=\"wp-block-heading has-text-align-center has-text-color has-link-color wp-elements-926bab5c2b57d055cfa1349735a35cd2\" style=\"color:#fff7e1;font-size:36px\"><strong>DER APERITIF AN DER BAR \u201cTHE CLUB\u201d<\/strong><\/h3>\n\n\n\n<p class=\"has-text-align-center has-white-color has-text-color has-link-color wp-elements-aad2908f269349b42d6624c5d1e0ec4e\">Der \u201eChic\u201c-Aperitif zu Silvester mit Spezialit\u00e4ten von Land und Meer<\/p>\n\n\n\n<h3 class=\"wp-block-heading has-text-align-center title-margin-top has-text-color has-link-color wp-elements-89d92dccf1a2a5e111025555f9c98686\" style=\"color:#fff7e1\"><strong><strong><strong>DIE VORSPEISE :<\/strong><\/strong><\/strong><\/h3>\n\n\n\n<p class=\"has-text-align-center has-white-color has-text-color has-link-color wp-elements-0d1429a0dc66c5b80ac46223fe30bae5\"><strong style=\"color:#F6E19F\">Das gegrillte Hummerst\u00fcck<\/strong>&nbsp;mit salzigem Zabaione, auf einem Bett aus jungem Spinat, knusprigen Artischocken und frittierten S\u00fc\u00dfkartoffeln&nbsp;<\/p>\n\n\n\n<h3 class=\"wp-block-heading has-text-align-center title-margin-top has-text-color has-link-color wp-elements-bcc16b31f7f31faf8c8e87e82edfd36e\" style=\"color:#fff7e1\"><strong><strong><strong>DER ERSTE GANG :<\/strong><\/strong><\/strong><\/h3>\n\n\n\n<p class=\"has-text-align-center has-white-color has-text-color has-link-color wp-elements-c8535bcb93c1a6fbe3a2e25e7a75168e\"><strong style=\"color:#F6E19F\">Der Riso Vialone Nano<\/strong> mit Walderdbeeren&nbsp;und in Minze marinierten Scampi-Schw\u00e4nzen, dazu Burrata di Andria in feinen Streifen<\/p>\n\n\n\n<h3 class=\"wp-block-heading has-text-align-center title-margin-top has-text-color has-link-color wp-elements-d141cd669d61e3273a71df2fd9331066\" style=\"color:#fff7e1\"><strong><strong><strong>DER FISCHHAUPTGANG :<\/strong><\/strong><\/strong><\/h3>\n\n\n\n<p class=\"has-text-align-center has-white-color has-text-color has-link-color wp-elements-77098d3f17a9e2640bb390fc698f76a1\"><strong style=\"color:#F6E19F\">Das Schwertfisch-Bocconcino<\/strong>&nbsp;in Kruste aus Pistazien di Bronte,&nbsp;auf feiner Creme aus roter Bete und Dressing aus ger\u00e4uchertem \u00d6l<\/p>\n\n\n\n<h3 class=\"wp-block-heading has-text-align-center title-margin-top has-text-color has-link-color wp-elements-93808a8a5ee4043909c7a43904b9e52d\" style=\"color:#fff7e1\"><strong><strong><strong>DAS INTERMEZZO<\/strong><\/strong><\/strong><\/h3>\n\n\n\n<p class=\"has-text-align-center has-white-color has-text-color has-link-color wp-elements-99f578f7bd1f155c25b66d2b3693fdb8\"><strong style=\"color:#F6E19F\">Der Cremoso<\/strong>&nbsp;frisch mit Mangogeschmack, veredelt mit Tropfen von Batida de Coco<\/p>\n\n\n\n<h3 class=\"wp-block-heading has-text-align-center title-margin-top has-text-color has-link-color wp-elements-1ee67a9efed7811325e62b1d530caa4d\" style=\"color:#fff7e1\"><strong><strong><strong>DER FLEISCHHAUPTGANG :<\/strong><\/strong><\/strong><\/h3>\n\n\n\n<p class=\"has-text-align-center has-white-color has-text-color has-link-color wp-elements-d02409c5a3e2cbb56b3ca575a7475e3b\"><strong style=\"color:#F6E19F\">Tournedos<\/strong>&nbsp;vom irischen Rind, rosa gegart, ummantelt mit Lardo di Colonnata, aromatisiert mit Rosmarin und Zitrone, mit geschmorter Schalotte und schwarzer Knoblauchcreme, begleitet von einem Bonbon aus geschmorten violetten Kartoffeln<\/p>\n\n\n\n<h3 class=\"wp-block-heading has-text-align-center title-margin-top has-text-color has-link-color wp-elements-20064f153b419e03bef11c7cc3290989\" style=\"color:#fff7e1\"><strong><strong>DAS DESSERT :<\/strong><\/strong><\/h3>\n\n\n\n<p class=\"has-text-align-center has-white-color has-text-color has-link-color wp-elements-3ba5fe4bcb43f8f1ff72f1f62ead0fa3\"><strong style=\"color:#F6E19F\">Die Milchperle<\/strong>&nbsp;mit einem Kern aus Feigen und N\u00fcssen, umh\u00fcllt von wei\u00dfer Schokolade, gebettet auf einem exotischen Hauch von Passionsfrucht und Goldpuder als Wunsch f\u00fcr s\u00fc\u00dfes Gl\u00fcck<\/p>\n\n\n\n<div style=\"text-align: center; margin-top: 5px; margin-bottom: 20px;\"><lord-icon src=\"https:\/\/cdn.lordicon.com\/aylgudyz.json\" trigger=\"loop\" colors=\"primary:#F6E29F,secondary:#F6E29F\" style=\"width:75px;height:75px\">\n<\/lord-icon><\/div>\n\n\n\n<h3 class=\"wp-block-heading has-text-align-center title-margin-top has-text-color has-link-color wp-elements-703e3df58242660a2fe5e96c35d25061\" style=\"color:#fff7e1\"><strong><strong><strong>00:30 \u2013 01:00 Buffet des \u201eGuten Anfangs\u201c<\/strong><\/strong><\/strong><\/h3>\n\n\n<div  class=\"grids-section grids-is-stretch\" style=\"--_gs-gap-desktop:0px 0px;--_gs-m-desktop:0 0 0 0;--_gs-p-desktop:0 0 0 0;--_gs-bg-desktop:transparent none;--_gs-bg-xp-desktop:0px;--_gs-zi-desktop:auto;--_gs-d-desktop:none;--_gs-mw-desktop:calc(100% - 0 - 0);--_gs-gap-tablet:0px 0px;--_gs-m-tablet:0 0 0 0;--_gs-p-tablet:0 0 0 0;--_gs-bg-tablet:transparent none;--_gs-bg-xp-tablet:0px;--_gs-zi-tablet:auto;--_gs-d-tablet:none;--_gs-mw-tablet:calc(100% - 0 - 0);--_gs-gap-mobile:0px 0px;--_gs-m-mobile:0 0 0 0;--_gs-p-mobile:0 0 0 0;--_gs-bg-mobile:transparent none;--_gs-bg-xp-mobile:0px;--_gs-zi-mobile:auto;--_gs-d-mobile:none;--_gs-mw-mobile:calc(100% - 0 - 0);--_gs-columns:1;--_gs-rows:1\"><div class=\"grids-s-w_i\">\n<div class=\"grids-area\" style=\"--_ga-column:1\/2;--_ga-row:1\/2;--_ga-m-desktop:0 0 0 0;--_ga-p-desktop:0 0 0 0;--_ga-bg-desktop:transparent none;--_ga-zi-desktop:auto;--_ga-d-desktop:flex;--_ga-mw-desktop:calc(100% - 0 - 0);--_ga-m-tablet:0 0 0 0;--_ga-p-tablet:0 0 0 0;--_ga-bg-tablet:transparent none;--_ga-zi-tablet:auto;--_ga-d-tablet:flex;--_ga-mw-tablet:calc(100% - 0 - 0);--_ga-m-mobile:0 0 0 0;--_ga-p-mobile:0 0 0 0;--_ga-bg-mobile:transparent none;--_ga-zi-mobile:auto;--_ga-d-mobile:flex;--_ga-mw-mobile:calc(100% - 0 - 0)\">\n\n<h3 class=\"wp-block-heading has-text-align-center has-text-color has-link-color wp-elements-cd662ca7877e9456f77587967f4ca34b\" style=\"color:#fff7e1\"><strong>I consigli del nostro Sommelier<\/strong><\/h3>\n\n\n<div  class=\"grids-section grids-is-stretch\" style=\"--_gs-gap-desktop:0px 0px;--_gs-m-desktop:0 0 0 0;--_gs-p-desktop:0 0 0 0;--_gs-bg-desktop:transparent none;--_gs-bg-xp-desktop:0px;--_gs-zi-desktop:auto;--_gs-d-desktop:block;--_gs-mw-desktop:calc(100% - 0 - 0);--_gs-gap-tablet:0px 0px;--_gs-m-tablet:0 0 0 0;--_gs-p-tablet:0 0 0 0;--_gs-bg-tablet:transparent none;--_gs-bg-xp-tablet:0px;--_gs-zi-tablet:auto;--_gs-d-tablet:block;--_gs-mw-tablet:calc(100% - 0 - 0);--_gs-gap-mobile:0px 0px;--_gs-m-mobile:0 0 0 0;--_gs-p-mobile:0 0 0 0;--_gs-bg-mobile:transparent none;--_gs-bg-xp-mobile:0px;--_gs-zi-mobile:auto;--_gs-d-mobile:block;--_gs-mw-mobile:calc(100% - 0 - 0);--_gs-columns:3;--_gs-rows:1\"><div class=\"grids-s-w_i\">\n<div class=\"grids-area\" style=\"--_ga-column:1\/2;--_ga-row:1\/2;--_ga-m-desktop:0 0 0 0;--_ga-p-desktop:0 10px 0 10px;--_ga-bg-desktop:transparent none;--_ga-zi-desktop:auto;--_ga-d-desktop:flex;--_ga-mw-desktop:calc(100% - 0 - 0);--_ga-m-tablet:0 0 0 0;--_ga-p-tablet:0 10px 0 10px;--_ga-bg-tablet:transparent none;--_ga-zi-tablet:auto;--_ga-d-tablet:flex;--_ga-mw-tablet:calc(100% - 0 - 0);--_ga-m-mobile:0 0 0 0;--_ga-p-mobile:0 10px 0 10px;--_ga-bg-mobile:transparent none;--_ga-zi-mobile:auto;--_ga-d-mobile:flex;--_ga-mw-mobile:calc(100% - 0 - 0)\">\n\n<p class=\"has-white-color has-text-color has-link-color wp-elements-b87879be8ff9883cd881a7e282bedfc0\"><strong style=\"color:#F6E19F\">\u201eBianchi\u201c<\/strong><br>Soave Classico DOC \u201eSan Michele\u201c Ca\u2018 Rugate<br>Sauvignon Collio DOC M. Felluga<\/p>\n\n<\/div>\n\n<div class=\"grids-area\" style=\"--_ga-column:2\/3;--_ga-row:1\/2;--_ga-m-desktop:0 0 0 0;--_ga-p-desktop:0 10px 0 10px;--_ga-bg-desktop:transparent none;--_ga-zi-desktop:auto;--_ga-d-desktop:flex;--_ga-mw-desktop:calc(100% - 0 - 0);--_ga-m-tablet:0 0 0 0;--_ga-p-tablet:0 10px 0 10px;--_ga-bg-tablet:transparent none;--_ga-zi-tablet:auto;--_ga-d-tablet:flex;--_ga-mw-tablet:calc(100% - 0 - 0);--_ga-m-mobile:0 0 0 0;--_ga-p-mobile:0 10px 0 10px;--_ga-bg-mobile:transparent none;--_ga-zi-mobile:auto;--_ga-d-mobile:flex;--_ga-mw-mobile:calc(100% - 0 - 0)\">\n\n<p class=\"has-white-color has-text-color has-link-color wp-elements-f3e242949f9b61a0d9ef1aefffc7fab8\"><strong style=\"color:#F6E19F\">\u201eRossi\u201c<\/strong><br>Merlot DOC \u201eMalter\u00e8n\u201c Sengiari<br>Cabernet Riserva dei Colli Euganei DOC \u201eCecilia di Baone\u201c Fil\u00f2 delle Vigne<\/p>\n\n<\/div>\n\n<div class=\"grids-area\" style=\"--_ga-column:3\/4;--_ga-row:1\/2;--_ga-m-desktop:0 0 0 0;--_ga-p-desktop:0 10px 0 10px;--_ga-bg-desktop:transparent none;--_ga-zi-desktop:auto;--_ga-d-desktop:flex;--_ga-mw-desktop:calc(100% - 0 - 0);--_ga-m-tablet:0 0 0 0;--_ga-p-tablet:0 10px 0 10px;--_ga-bg-tablet:transparent none;--_ga-zi-tablet:auto;--_ga-d-tablet:flex;--_ga-mw-tablet:calc(100% - 0 - 0);--_ga-m-mobile:0 0 0 0;--_ga-p-mobile:0 10px 0 10px;--_ga-bg-mobile:transparent none;--_ga-zi-mobile:auto;--_ga-d-mobile:flex;--_ga-mw-mobile:calc(100% - 0 - 0)\">\n\n<p class=\"has-white-color has-text-color has-link-color wp-elements-176701754d158001a3add0a0f19f1274\"><strong style=\"color:#F6E19F\">\u201eBollicine\u201c<\/strong><br>Prosecco Superiore di Valdobbiadene DOCG Bortolomiol Extra Dry<br>Prosecco Superiore di Valdobbiadene DOCG Foss Marai Brut<\/p>\n\n<\/div>\n<\/div><\/div>\n\n\n<h3 class=\"wp-block-heading has-text-align-center has-text-color has-link-color wp-elements-01bea9dd4f3d0788c6e7a1135ffa8954\" style=\"color:#fff7e1\"><strong>Il nostro team<\/strong><\/h3>\n\n\n\n<p class=\"has-text-align-center has-white-color has-text-color has-link-color wp-elements-64cc694e6dfc6f2b980a6dea69cb282c\">Chef de Cuisine:&nbsp;<strong style=\"color:#F6E19F\">Daniele Veronese<\/strong><br>Ma\u00eetre:&nbsp;<strong style=\"color:#F6E19F\">Cristiano Gallimberti<\/strong><br>Sommelier:&nbsp;<strong style=\"color:#F6E19F\">Giancarlo Dima<\/strong><br>Head Barman:&nbsp;<strong style=\"color:#F6E19F\">Stefano Marchioro<\/strong><\/p>\n\n<\/div>\n<\/div><\/div>\n\n\n<a href=\"https:\/\/www.savoiaterme.it\/de\/winterfeiertage-2025\/\" class=\"btn btn-center\" rel=\"noopener\">ENTDECKEN SIE DAS FESTPROGRAMM<\/a>\n\n<\/div>\n<\/div><\/div>","protected":false},"excerpt":{"rendered":"","protected":false},"author":26,"featured_media":31966,"parent":0,"menu_order":0,"comment_status":"closed","ping_status":"closed","template":"","meta":{"_acf_changed":false,"advgb_blocks_editor_width":"","advgb_blocks_columns_visual_guide":"","footnotes":""},"class_list":["post-31980","page","type-page","status-publish","has-post-thumbnail","hentry","entry"],"acf":{"page_custom_gallery":null,"element_single_page":null,"second_element_single_page":null},"yoast_head":"<!-- This site is optimized with the Yoast SEO plugin v25.7 - https:\/\/yoast.com\/wordpress\/plugins\/seo\/ -->\n<title>Silvesternacht im \u201aRistorante il Savoiardo\u2018 - Hotel Savoia Therm\u00e6 &amp; Spa<\/title>\n<meta name=\"robots\" content=\"noindex, follow\" \/>\n<meta property=\"og:locale\" content=\"de_DE\" \/>\n<meta property=\"og:type\" content=\"article\" \/>\n<meta property=\"og:title\" content=\"Silvesternacht im \u201aRistorante il Savoiardo\u2018 - Hotel Savoia Therm\u00e6 &amp; Spa\" \/>\n<meta property=\"og:url\" content=\"https:\/\/www.savoiaterme.it\/de\/silvesternacht-im-ristorante-il-savoiardo\/\" \/>\n<meta property=\"og:site_name\" content=\"Hotel Savoia Therm\u00e6 &amp; Spa\" \/>\n<meta property=\"article:modified_time\" content=\"2025-11-26T09:32:12+00:00\" \/>\n<meta property=\"og:image\" content=\"https:\/\/www.savoiaterme.it\/wp-content\/uploads\/2025\/11\/immagine-copertina-2000x1000-capodanno-savoia-20205.webp\" \/>\n\t<meta property=\"og:image:width\" content=\"2000\" \/>\n\t<meta property=\"og:image:height\" content=\"1000\" \/>\n\t<meta property=\"og:image:type\" content=\"image\/webp\" \/>\n<meta name=\"twitter:card\" content=\"summary_large_image\" \/>\n<meta name=\"twitter:label1\" content=\"Gesch\u00e4tzte Lesezeit\" \/>\n\t<meta name=\"twitter:data1\" content=\"2\u00a0Minuten\" \/>\n<script type=\"application\/ld+json\" class=\"yoast-schema-graph\">{\"@context\":\"https:\/\/schema.org\",\"@graph\":[{\"@type\":\"WebPage\",\"@id\":\"https:\/\/www.savoiaterme.it\/de\/silvesternacht-im-ristorante-il-savoiardo\/\",\"url\":\"https:\/\/www.savoiaterme.it\/de\/silvesternacht-im-ristorante-il-savoiardo\/\",\"name\":\"Silvesternacht im \u201aRistorante il Savoiardo\u2018 - Hotel Savoia Therm\u00e6 &amp; Spa\",\"isPartOf\":{\"@id\":\"https:\/\/www.savoiaterme.it\/de\/#website\"},\"primaryImageOfPage\":{\"@id\":\"https:\/\/www.savoiaterme.it\/de\/silvesternacht-im-ristorante-il-savoiardo\/#primaryimage\"},\"image\":{\"@id\":\"https:\/\/www.savoiaterme.it\/de\/silvesternacht-im-ristorante-il-savoiardo\/#primaryimage\"},\"thumbnailUrl\":\"https:\/\/www.savoiaterme.it\/wp-content\/uploads\/2025\/11\/immagine-copertina-2000x1000-capodanno-savoia-20205.webp\",\"datePublished\":\"2025-11-26T08:17:11+00:00\",\"dateModified\":\"2025-11-26T09:32:12+00:00\",\"breadcrumb\":{\"@id\":\"https:\/\/www.savoiaterme.it\/de\/silvesternacht-im-ristorante-il-savoiardo\/#breadcrumb\"},\"inLanguage\":\"de\",\"potentialAction\":[{\"@type\":\"ReadAction\",\"target\":[\"https:\/\/www.savoiaterme.it\/de\/silvesternacht-im-ristorante-il-savoiardo\/\"]}]},{\"@type\":\"ImageObject\",\"inLanguage\":\"de\",\"@id\":\"https:\/\/www.savoiaterme.it\/de\/silvesternacht-im-ristorante-il-savoiardo\/#primaryimage\",\"url\":\"https:\/\/www.savoiaterme.it\/wp-content\/uploads\/2025\/11\/immagine-copertina-2000x1000-capodanno-savoia-20205.webp\",\"contentUrl\":\"https:\/\/www.savoiaterme.it\/wp-content\/uploads\/2025\/11\/immagine-copertina-2000x1000-capodanno-savoia-20205.webp\",\"width\":2000,\"height\":1000},{\"@type\":\"BreadcrumbList\",\"@id\":\"https:\/\/www.savoiaterme.it\/de\/silvesternacht-im-ristorante-il-savoiardo\/#breadcrumb\",\"itemListElement\":[{\"@type\":\"ListItem\",\"position\":1,\"name\":\"\",\"item\":\"https:\/\/www.savoiaterme.it\/de\/\"},{\"@type\":\"ListItem\",\"position\":2,\"name\":\"Silvesternacht im \u201aRistorante il Savoiardo\u2018\"}]},{\"@type\":\"WebSite\",\"@id\":\"https:\/\/www.savoiaterme.it\/de\/#website\",\"url\":\"https:\/\/www.savoiaterme.it\/de\/\",\"name\":\"Hotel Savoia Therm\u00e6 &amp; Spa\",\"description\":\"ABANO TERME\",\"potentialAction\":[{\"@type\":\"SearchAction\",\"target\":{\"@type\":\"EntryPoint\",\"urlTemplate\":\"https:\/\/www.savoiaterme.it\/de\/?s={search_term_string}\"},\"query-input\":{\"@type\":\"PropertyValueSpecification\",\"valueRequired\":true,\"valueName\":\"search_term_string\"}}],\"inLanguage\":\"de\"}]}<\/script>\n<!-- \/ Yoast SEO plugin. -->","yoast_head_json":{"title":"Silvesternacht im \u201aRistorante il Savoiardo\u2018 - Hotel Savoia Therm\u00e6 &amp; Spa","robots":{"index":"noindex","follow":"follow"},"og_locale":"de_DE","og_type":"article","og_title":"Silvesternacht im \u201aRistorante il Savoiardo\u2018 - Hotel Savoia Therm\u00e6 &amp; Spa","og_url":"https:\/\/www.savoiaterme.it\/de\/silvesternacht-im-ristorante-il-savoiardo\/","og_site_name":"Hotel Savoia Therm\u00e6 &amp; Spa","article_modified_time":"2025-11-26T09:32:12+00:00","og_image":[{"width":2000,"height":1000,"url":"https:\/\/www.savoiaterme.it\/wp-content\/uploads\/2025\/11\/immagine-copertina-2000x1000-capodanno-savoia-20205.webp","type":"image\/webp"}],"twitter_card":"summary_large_image","twitter_misc":{"Gesch\u00e4tzte Lesezeit":"2\u00a0Minuten"},"schema":{"@context":"https:\/\/schema.org","@graph":[{"@type":"WebPage","@id":"https:\/\/www.savoiaterme.it\/de\/silvesternacht-im-ristorante-il-savoiardo\/","url":"https:\/\/www.savoiaterme.it\/de\/silvesternacht-im-ristorante-il-savoiardo\/","name":"Silvesternacht im \u201aRistorante il Savoiardo\u2018 - Hotel Savoia Therm\u00e6 &amp; Spa","isPartOf":{"@id":"https:\/\/www.savoiaterme.it\/de\/#website"},"primaryImageOfPage":{"@id":"https:\/\/www.savoiaterme.it\/de\/silvesternacht-im-ristorante-il-savoiardo\/#primaryimage"},"image":{"@id":"https:\/\/www.savoiaterme.it\/de\/silvesternacht-im-ristorante-il-savoiardo\/#primaryimage"},"thumbnailUrl":"https:\/\/www.savoiaterme.it\/wp-content\/uploads\/2025\/11\/immagine-copertina-2000x1000-capodanno-savoia-20205.webp","datePublished":"2025-11-26T08:17:11+00:00","dateModified":"2025-11-26T09:32:12+00:00","breadcrumb":{"@id":"https:\/\/www.savoiaterme.it\/de\/silvesternacht-im-ristorante-il-savoiardo\/#breadcrumb"},"inLanguage":"de","potentialAction":[{"@type":"ReadAction","target":["https:\/\/www.savoiaterme.it\/de\/silvesternacht-im-ristorante-il-savoiardo\/"]}]},{"@type":"ImageObject","inLanguage":"de","@id":"https:\/\/www.savoiaterme.it\/de\/silvesternacht-im-ristorante-il-savoiardo\/#primaryimage","url":"https:\/\/www.savoiaterme.it\/wp-content\/uploads\/2025\/11\/immagine-copertina-2000x1000-capodanno-savoia-20205.webp","contentUrl":"https:\/\/www.savoiaterme.it\/wp-content\/uploads\/2025\/11\/immagine-copertina-2000x1000-capodanno-savoia-20205.webp","width":2000,"height":1000},{"@type":"BreadcrumbList","@id":"https:\/\/www.savoiaterme.it\/de\/silvesternacht-im-ristorante-il-savoiardo\/#breadcrumb","itemListElement":[{"@type":"ListItem","position":1,"name":"","item":"https:\/\/www.savoiaterme.it\/de\/"},{"@type":"ListItem","position":2,"name":"Silvesternacht im \u201aRistorante il Savoiardo\u2018"}]},{"@type":"WebSite","@id":"https:\/\/www.savoiaterme.it\/de\/#website","url":"https:\/\/www.savoiaterme.it\/de\/","name":"Hotel Savoia Therm\u00e6 &amp; Spa","description":"ABANO TERME","potentialAction":[{"@type":"SearchAction","target":{"@type":"EntryPoint","urlTemplate":"https:\/\/www.savoiaterme.it\/de\/?s={search_term_string}"},"query-input":{"@type":"PropertyValueSpecification","valueRequired":true,"valueName":"search_term_string"}}],"inLanguage":"de"}]}},"coauthors":[],"author_meta":{"author_link":"https:\/\/www.savoiaterme.it\/de\/author\/mattia\/","display_name":"mattia"},"relative_dates":{"created":"Posted 5\u00a0Monaten ago","modified":"Updated 5\u00a0Monaten ago"},"absolute_dates":{"created":"Posted on November 26, 2025","modified":"Updated on November 26, 2025"},"absolute_dates_time":{"created":"Posted on November 26, 2025 9:17 a.m.","modified":"Updated on November 26, 2025 10:32 a.m."},"featured_img_caption":"","featured_img":"https:\/\/www.savoiaterme.it\/wp-content\/uploads\/2025\/11\/immagine-copertina-2000x1000-capodanno-savoia-20205-1568x784.webp","series_order":"","_links":{"self":[{"href":"https:\/\/www.savoiaterme.it\/de\/wp-json\/wp\/v2\/pages\/31980","targetHints":{"allow":["GET"]}}],"collection":[{"href":"https:\/\/www.savoiaterme.it\/de\/wp-json\/wp\/v2\/pages"}],"about":[{"href":"https:\/\/www.savoiaterme.it\/de\/wp-json\/wp\/v2\/types\/page"}],"author":[{"embeddable":true,"href":"https:\/\/www.savoiaterme.it\/de\/wp-json\/wp\/v2\/users\/26"}],"replies":[{"embeddable":true,"href":"https:\/\/www.savoiaterme.it\/de\/wp-json\/wp\/v2\/comments?post=31980"}],"version-history":[{"count":2,"href":"https:\/\/www.savoiaterme.it\/de\/wp-json\/wp\/v2\/pages\/31980\/revisions"}],"predecessor-version":[{"id":31993,"href":"https:\/\/www.savoiaterme.it\/de\/wp-json\/wp\/v2\/pages\/31980\/revisions\/31993"}],"wp:featuredmedia":[{"embeddable":true,"href":"https:\/\/www.savoiaterme.it\/de\/wp-json\/wp\/v2\/media\/31966"}],"wp:attachment":[{"href":"https:\/\/www.savoiaterme.it\/de\/wp-json\/wp\/v2\/media?parent=31980"}],"curies":[{"name":"wp","href":"https:\/\/api.w.org\/{rel}","templated":true}]}}