{"id":33898,"date":"2026-04-07T09:31:56","date_gmt":"2026-04-07T07:31:56","guid":{"rendered":"https:\/\/www.savoiaterme.it\/pagina-nexi-pay\/"},"modified":"2026-04-13T15:50:47","modified_gmt":"2026-04-13T13:50:47","slug":"online-zahlung","status":"publish","type":"page","link":"https:\/\/www.savoiaterme.it\/de\/online-zahlung\/","title":{"rendered":"Online-Zahlung"},"content":{"rendered":"<div  class=\"grids-section grids-is-advanced\" style=\"--_gs-gap-desktop:0px 0px;--_gs-m-desktop:0 0 0 0;--_gs-p-desktop:0 0 0 0;--_gs-bg-desktop:transparent none;--_gs-bg-xp-desktop:0px;--_gs-zi-desktop:auto;--_gs-d-desktop:block;--_gs-mw-desktop:calc(100% - 0 - 0);--_gs-gap-tablet:0px 0px;--_gs-m-tablet:0 0 0 0;--_gs-p-tablet:0 0 0 0;--_gs-bg-tablet:transparent none;--_gs-bg-xp-tablet:0px;--_gs-zi-tablet:auto;--_gs-d-tablet:block;--_gs-mw-tablet:calc(100% - 0 - 0);--_gs-gap-mobile:0px 0px;--_gs-m-mobile:0 0 0 0;--_gs-p-mobile:0 0 0 0;--_gs-bg-mobile:transparent none;--_gs-bg-xp-mobile:0px;--_gs-zi-mobile:auto;--_gs-d-mobile:block;--_gs-mw-mobile:calc(100% - 0 - 0);--_gs-columns:12;--_gs-rows:6\"><div class=\"grids-s-w_i\">\n<div class=\"grids-area\" style=\"--_ga-column:3\/11;--_ga-row:2\/6;--_ga-m-desktop:0 0 0 0;--_ga-p-desktop:0 0 0 0;--_ga-bg-desktop:transparent none;--_ga-zi-desktop:auto;--_ga-d-desktop:flex;--_ga-mw-desktop:calc(100% - 0 - 0);--_ga-m-tablet:0 0 0 0;--_ga-p-tablet:0 0 0 0;--_ga-bg-tablet:transparent none;--_ga-zi-tablet:auto;--_ga-d-tablet:flex;--_ga-mw-tablet:calc(100% - 0 - 0);--_ga-m-mobile:0 0 0 0;--_ga-p-mobile:0 0 0 0;--_ga-bg-mobile:transparent none;--_ga-zi-mobile:auto;--_ga-d-mobile:flex;--_ga-mw-mobile:calc(100% - 0 - 0)\">\n\n<h2 class=\"wp-block-heading\">Sichere Online-Zahlung<\/h2>\n\n\n\n<p>Sehr geehrter Gast,<\/p>\n\n\n\n<p>Um eine individuelle Zahlung an unsere Einrichtung vorzunehmen, bitten wir Sie, dies \u00fcber unser sicheres Zahlungsportal zu tun.<\/p>\n\n\n\n<p>Bevor Sie den Vorgang abschlie\u00dfen, bitten wir Sie, unsere Verkaufsbedingungen und unsere Datenschutzerkl\u00e4rung sorgf\u00e4ltig durchzulesen.<\/p>\n\n\n\n<p>Sobald die Zahlung abgeschlossen ist, erhalten Sie eine Best\u00e4tigungsnachricht an die angegebene E-Mail-Adresse.<\/p>\n\n\n\n<p>Wir nutzen das System Nexi XPay, eines der f\u00fchrenden Zahlungssysteme in Italien, das hohe Sicherheitsstandards (PCI-DSS) und den Schutz sensibler Daten gew\u00e4hrleistet.<\/p>\n\n\n\n<h2 class=\"wp-block-heading\">F\u00fcr die Zahlung erforderliche Angaben<\/h2>\n\n\n\n<p>Bitte f\u00fcllen Sie die erforderlichen Felder aus, um die Zahlung sicher abzuschlie\u00dfen.<\/p>\n\n\n\n<ul class=\"wp-block-list\">\n<li>Bitte geben Sie die Buchungsnummer oder einen Verwendungszweck an, anhand dessen die Zahlung identifiziert werden kann<\/li>\n\n\n\n<li>Geben Sie den Betrag in Euro ein (z. B. 100 oder 100,50)<\/li>\n<\/ul>\n\n\n\n<div style=\"height:50px\" aria-hidden=\"true\" class=\"wp-block-spacer\"><\/div>\n\n\n\t\t<form method=\"post\" action=\"https:\/\/www.savoiaterme.it\/wp-admin\/admin-post.php\" class=\"nexi-xpay-form\" novalidate>\n\t\t\t<input type=\"hidden\" name=\"action\" value=\"nexi_xpay_start_payment\">\n\t\t\t<input type=\"hidden\" id=\"nexi_xpay_nonce\" name=\"nexi_xpay_nonce\" value=\"b0db9e3a8f\" \/><input type=\"hidden\" name=\"_wp_http_referer\" value=\"\/de\/wp-json\/wp\/v2\/pages\/33898\" \/>\n\t\t\t<p>\n\t\t\t\t<label for=\"snp_first_name\">Name *<\/label>\n\t\t\t\t<input type=\"text\" id=\"snp_first_name\" name=\"first_name\" required>\n\t\t\t<\/p>\n\n\t\t\t<p>\n\t\t\t\t<label for=\"snp_last_name\">Nachname *<\/label>\n\t\t\t\t<input type=\"text\" id=\"snp_last_name\" name=\"last_name\" required>\n\t\t\t<\/p>\n\n\t\t\t<p>\n\t\t\t\t<label for=\"snp_email\">E-Mail *<\/label>\n\t\t\t\t<input type=\"email\" id=\"snp_email\" name=\"email\" required>\n\t\t\t<\/p>\n\n\t\t\t<p>\n\t\t\t\t<label for=\"snp_booking_reference\">Buchungsnummer \/ Verwendungszweck *<\/label>\n\t\t\t\t<input type=\"text\" id=\"snp_booking_reference\" name=\"booking_reference\" required>\n\t\t\t<\/p>\n\t\t\t\n\t\t\t<p>\n\t\t\t\t<label for=\"snp_amount\">Betrag in Euro *<\/label>\n\t\t\t\t<input type=\"text\" id=\"snp_amount\" name=\"amount\" required placeholder=\"Es. 100 oppure 100,50\" inputmode=\"decimal\">\n\t\t\t<\/p>\n\n\t\t\t<p>\n\t\t\t\t<label>\n\t\t\t\t\t<input type=\"checkbox\" name=\"privacy_accept\" value=\"1\" required>\n\t\t\t\t\tIch best\u00e4tige, dass ich die <a href=\"https:\/\/www.savoiaterme.it\/de\/privacy-policy\/\" target=\"_blank\" rel=\"noopener noreferrer\">Datenschutzerkl\u00e4rung<\/a> gelesen habe.\t\t\t\t<\/label>\n\t\t\t<\/p>\n\n\t\t\t<p>\n\t\t\t\t<label>\n\t\t\t\t\t<input type=\"checkbox\" name=\"terms_accept\" value=\"1\" required>\n\t\t\t\t\tIch best\u00e4tige, dass ich die <a href=\"https:\/\/www.savoiaterme.it\/de\/bedingungen-und-konditionen\/\" target=\"_blank\" rel=\"noopener noreferrer\">Verkaufsbedingungen<\/a> gelesen habe.\t\t\t\t<\/label>\n\t\t\t<\/p>\n\n\t\t\t<p>\n\t\t\t\t<button type=\"submit\">Weiter zur sicheren Zahlung<\/button>\n\t\t\t<\/p>\n\t\t<\/form>\n\t\t\n\n\n\n<div style=\"height:50px\" aria-hidden=\"true\" class=\"wp-block-spacer\"><\/div>\n\n\n\n<h3 class=\"wp-block-heading\">N\u00fctzliche Informationen<\/h3>\n\n\n\n<h4 class=\"wp-block-heading\">Anerkannte Methoden<\/h4>\n\n\n\n<p>Alle g\u00e4ngigen Kredit- und Debitkarten.<\/p>\n\n\n\n<h4 class=\"wp-block-heading\">Sicherheit<\/h4>\n\n\n\n<p>Die Transaktion wird \u00fcber die verschl\u00fcsselten Server von Nexi abgewickelt; es werden keine Kartendaten bei uns gespeichert.<\/p>\n\n\n\n<h4 class=\"wp-block-heading\">Kundendienst<\/h4>\n\n\n\n<p>Bei Bedarf steht Ihnen unsere Buchungsabteilung gerne zur Verf\u00fcgung.<\/p>\n\n\n\n<h4 class=\"wp-block-heading\">Anmerkung<\/h4>\n\n\n\n<p>Wenn Sie auf \u201eZur sicheren Zahlung\u201c klicken, werden Sie zur sicheren Seite von Nexi weitergeleitet, um den Vorgang abzuschlie\u00dfen.<\/p>\n\n<\/div>\n<\/div><\/div>\n\n\n\n<style class=\"advgb-styles-renderer\">\n.nexi-xpay-form {\n  max-width: 500px;\n  margin: 0;\n}\n\n.nexi-xpay-form p {\n  margin-bottom: 25px;\n   font-family: \"DM Sans\", Sans-serif;\ntext-align:left!important;\n}\n\n.nexi-xpay-form label {\n  font-weight: 600;\n  display: block;\n  margin-bottom: 10px;\n   font-family: \"DM Sans\", Sans-serif;\n}\n\n.nexi-xpay-form input[type=\"text\"],\n.nexi-xpay-form input[type=\"email\"] {\n  width: 100%;\n  padding: 10px;\n  border: 1px solid #ccc;\n  border-radius: 6px;\n   font-family: \"DM Sans\", Sans-serif;\n}\n\n.nexi-xpay-form button {\nmargin:0!important;\n    margin-top:30px!important;\nbackground-color: #86267A!important;\n    font-family: \"DM Sans\", Sans-serif;\n    font-size: 16px;\n    font-weight: 700;\n    text-transform: uppercase;\n    fill: #FFFFFF;\n    color: #FFFFFF;\n    border-color: #86267A;\n    border-style: solid;\n    border-width: 1px 1px 1px 1px;\n    border-radius: 0px 0px 0px 0px;\n    padding: 15px 20px 15px 20px;\n  cursor: pointer;\n}\n\n.nexi-xpay-form button:hover {\n  background-color: #FFFFFF!important;\n    color: #86267A!important;\n}\n<\/style>","protected":false},"excerpt":{"rendered":"","protected":false},"author":29,"featured_media":0,"parent":0,"menu_order":0,"comment_status":"closed","ping_status":"closed","template":"","meta":{"_acf_changed":false,"advgb_blocks_editor_width":"","advgb_blocks_columns_visual_guide":"","footnotes":""},"class_list":["post-33898","page","type-page","status-publish","hentry","entry"],"acf":{"page_custom_gallery":null,"element_single_page":null,"second_element_single_page":null},"yoast_head":"<!-- This site is optimized with the Yoast SEO plugin v25.7 - https:\/\/yoast.com\/wordpress\/plugins\/seo\/ -->\n<title>Online-Zahlung - Hotel Savoia Therm\u00e6 &amp; Spa<\/title>\n<meta name=\"robots\" content=\"index, follow, max-snippet:-1, max-image-preview:large, max-video-preview:-1\" \/>\n<link rel=\"canonical\" href=\"https:\/\/www.savoiaterme.it\/de\/online-zahlung\/\" \/>\n<meta property=\"og:locale\" content=\"de_DE\" \/>\n<meta property=\"og:type\" content=\"article\" \/>\n<meta property=\"og:title\" content=\"Online-Zahlung - Hotel Savoia Therm\u00e6 &amp; Spa\" \/>\n<meta property=\"og:url\" content=\"https:\/\/www.savoiaterme.it\/de\/online-zahlung\/\" \/>\n<meta property=\"og:site_name\" content=\"Hotel Savoia Therm\u00e6 &amp; Spa\" \/>\n<meta property=\"article:modified_time\" content=\"2026-04-13T13:50:47+00:00\" \/>\n<meta name=\"twitter:card\" content=\"summary_large_image\" \/>\n<meta name=\"twitter:label1\" content=\"Gesch\u00e4tzte Lesezeit\" \/>\n\t<meta name=\"twitter:data1\" content=\"1\u00a0Minute\" \/>\n<script type=\"application\/ld+json\" class=\"yoast-schema-graph\">{\"@context\":\"https:\/\/schema.org\",\"@graph\":[{\"@type\":\"WebPage\",\"@id\":\"https:\/\/www.savoiaterme.it\/de\/online-zahlung\/\",\"url\":\"https:\/\/www.savoiaterme.it\/de\/online-zahlung\/\",\"name\":\"Online-Zahlung - Hotel Savoia Therm\u00e6 &amp; Spa\",\"isPartOf\":{\"@id\":\"https:\/\/www.savoiaterme.it\/de\/#website\"},\"datePublished\":\"2026-04-07T07:31:56+00:00\",\"dateModified\":\"2026-04-13T13:50:47+00:00\",\"breadcrumb\":{\"@id\":\"https:\/\/www.savoiaterme.it\/de\/online-zahlung\/#breadcrumb\"},\"inLanguage\":\"de\",\"potentialAction\":[{\"@type\":\"ReadAction\",\"target\":[\"https:\/\/www.savoiaterme.it\/de\/online-zahlung\/\"]}]},{\"@type\":\"BreadcrumbList\",\"@id\":\"https:\/\/www.savoiaterme.it\/de\/online-zahlung\/#breadcrumb\",\"itemListElement\":[{\"@type\":\"ListItem\",\"position\":1,\"name\":\"\",\"item\":\"https:\/\/www.savoiaterme.it\/de\/\"},{\"@type\":\"ListItem\",\"position\":2,\"name\":\"Online-Zahlung\"}]},{\"@type\":\"WebSite\",\"@id\":\"https:\/\/www.savoiaterme.it\/de\/#website\",\"url\":\"https:\/\/www.savoiaterme.it\/de\/\",\"name\":\"Hotel Savoia Therm\u00e6 &amp; Spa\",\"description\":\"ABANO TERME\",\"potentialAction\":[{\"@type\":\"SearchAction\",\"target\":{\"@type\":\"EntryPoint\",\"urlTemplate\":\"https:\/\/www.savoiaterme.it\/de\/?s={search_term_string}\"},\"query-input\":{\"@type\":\"PropertyValueSpecification\",\"valueRequired\":true,\"valueName\":\"search_term_string\"}}],\"inLanguage\":\"de\"}]}<\/script>\n<!-- \/ Yoast SEO plugin. -->","yoast_head_json":{"title":"Online-Zahlung - Hotel Savoia Therm\u00e6 &amp; Spa","robots":{"index":"index","follow":"follow","max-snippet":"max-snippet:-1","max-image-preview":"max-image-preview:large","max-video-preview":"max-video-preview:-1"},"canonical":"https:\/\/www.savoiaterme.it\/de\/online-zahlung\/","og_locale":"de_DE","og_type":"article","og_title":"Online-Zahlung - Hotel Savoia Therm\u00e6 &amp; Spa","og_url":"https:\/\/www.savoiaterme.it\/de\/online-zahlung\/","og_site_name":"Hotel Savoia Therm\u00e6 &amp; Spa","article_modified_time":"2026-04-13T13:50:47+00:00","twitter_card":"summary_large_image","twitter_misc":{"Gesch\u00e4tzte Lesezeit":"1\u00a0Minute"},"schema":{"@context":"https:\/\/schema.org","@graph":[{"@type":"WebPage","@id":"https:\/\/www.savoiaterme.it\/de\/online-zahlung\/","url":"https:\/\/www.savoiaterme.it\/de\/online-zahlung\/","name":"Online-Zahlung - Hotel Savoia Therm\u00e6 &amp; Spa","isPartOf":{"@id":"https:\/\/www.savoiaterme.it\/de\/#website"},"datePublished":"2026-04-07T07:31:56+00:00","dateModified":"2026-04-13T13:50:47+00:00","breadcrumb":{"@id":"https:\/\/www.savoiaterme.it\/de\/online-zahlung\/#breadcrumb"},"inLanguage":"de","potentialAction":[{"@type":"ReadAction","target":["https:\/\/www.savoiaterme.it\/de\/online-zahlung\/"]}]},{"@type":"BreadcrumbList","@id":"https:\/\/www.savoiaterme.it\/de\/online-zahlung\/#breadcrumb","itemListElement":[{"@type":"ListItem","position":1,"name":"","item":"https:\/\/www.savoiaterme.it\/de\/"},{"@type":"ListItem","position":2,"name":"Online-Zahlung"}]},{"@type":"WebSite","@id":"https:\/\/www.savoiaterme.it\/de\/#website","url":"https:\/\/www.savoiaterme.it\/de\/","name":"Hotel Savoia Therm\u00e6 &amp; Spa","description":"ABANO TERME","potentialAction":[{"@type":"SearchAction","target":{"@type":"EntryPoint","urlTemplate":"https:\/\/www.savoiaterme.it\/de\/?s={search_term_string}"},"query-input":{"@type":"PropertyValueSpecification","valueRequired":true,"valueName":"search_term_string"}}],"inLanguage":"de"}]}},"coauthors":[],"author_meta":{"author_link":"https:\/\/www.savoiaterme.it\/de\/author\/stefano-p\/","display_name":"Stefano P."},"relative_dates":{"created":"Posted 7\u00a0Tagen ago","modified":"Updated 7\u00a0Stunden ago"},"absolute_dates":{"created":"Posted on April 7, 2026","modified":"Updated on April 13, 2026"},"absolute_dates_time":{"created":"Posted on April 7, 2026 9:31 a.m.","modified":"Updated on April 13, 2026 3:50 p.m."},"featured_img_caption":"","featured_img":false,"series_order":"","_links":{"self":[{"href":"https:\/\/www.savoiaterme.it\/de\/wp-json\/wp\/v2\/pages\/33898","targetHints":{"allow":["GET"]}}],"collection":[{"href":"https:\/\/www.savoiaterme.it\/de\/wp-json\/wp\/v2\/pages"}],"about":[{"href":"https:\/\/www.savoiaterme.it\/de\/wp-json\/wp\/v2\/types\/page"}],"author":[{"embeddable":true,"href":"https:\/\/www.savoiaterme.it\/de\/wp-json\/wp\/v2\/users\/29"}],"replies":[{"embeddable":true,"href":"https:\/\/www.savoiaterme.it\/de\/wp-json\/wp\/v2\/comments?post=33898"}],"version-history":[{"count":5,"href":"https:\/\/www.savoiaterme.it\/de\/wp-json\/wp\/v2\/pages\/33898\/revisions"}],"predecessor-version":[{"id":34095,"href":"https:\/\/www.savoiaterme.it\/de\/wp-json\/wp\/v2\/pages\/33898\/revisions\/34095"}],"wp:attachment":[{"href":"https:\/\/www.savoiaterme.it\/de\/wp-json\/wp\/v2\/media?parent=33898"}],"curies":[{"name":"wp","href":"https:\/\/api.w.org\/{rel}","templated":true}]}}