{"id":8589,"date":"2021-10-08T16:12:02","date_gmt":"2021-10-08T14:12:02","guid":{"rendered":"https:\/\/www.savoiaterme.it\/colazione\/"},"modified":"2026-03-27T15:39:19","modified_gmt":"2026-03-27T14:39:19","slug":"fruhstuck","status":"publish","type":"page","link":"https:\/\/www.savoiaterme.it\/de\/gourmet\/fruhstuck\/","title":{"rendered":"Gesund fr\u00fchst\u00fccken"},"content":{"rendered":"<div  class=\"grids-section grids-is-advanced alignfull\" style=\"--_gs-gap-desktop:0px 0px;--_gs-m-desktop:0 0 0 0;--_gs-p-desktop:0 0 0 0;--_gs-bg-desktop:transparent none;--_gs-bg-xp-desktop:0px;--_gs-zi-desktop:auto;--_gs-d-desktop:block;--_gs-mw-desktop:calc(100% - 0 - 0);--_gs-gap-tablet:0px 0px;--_gs-m-tablet:0 0 0 0;--_gs-p-tablet:0 0 0 0;--_gs-bg-tablet:transparent none;--_gs-bg-xp-tablet:0px;--_gs-zi-tablet:auto;--_gs-d-tablet:block;--_gs-mw-tablet:calc(100% - 0 - 0);--_gs-gap-mobile:0px 0px;--_gs-m-mobile:20px 0 20px 0;--_gs-p-mobile:0 0 0 0;--_gs-bg-mobile:transparent none;--_gs-bg-xp-mobile:0px;--_gs-zi-mobile:auto;--_gs-d-mobile:block;--_gs-mw-mobile:calc(100% - 0 - 0);--_gs-columns:12;--_gs-rows:6\"><div class=\"grids-s-w_i\">\n<div class=\"grids-area\" style=\"--_ga-column:2\/7;--_ga-row:1\/7;--_ga-va:center;--_ga-m-desktop:0 20px 0 0;--_ga-p-desktop:0 0 0 0;--_ga-bg-desktop:transparent none;--_ga-zi-desktop:auto;--_ga-d-desktop:flex;--_ga-mw-desktop:calc(100% - 0 - 20px);--_ga-m-tablet:0 20px 0 0;--_ga-p-tablet:0 0 0 0;--_ga-bg-tablet:transparent none;--_ga-zi-tablet:auto;--_ga-d-tablet:flex;--_ga-mw-tablet:calc(100% - 0 - 20px);--_ga-m-mobile:0 0px 0 0;--_ga-p-mobile:0 0 0 0;--_ga-bg-mobile:transparent none;--_ga-zi-mobile:auto;--_ga-d-mobile:flex;--_ga-mw-mobile:calc(100% - 0 - 0px)\">\n\n<p>Das Fr\u00fchst\u00fcck, ein&nbsp;<strong>langsames Ritual<\/strong>&nbsp;wo die Aromen und D\u00fcfte der Welt von&nbsp;<strong>Kaffee<\/strong>,&nbsp;<strong>Tee<\/strong>&nbsp;und&nbsp;<strong>hei\u00dfer Schokolade<\/strong>&nbsp;zu&nbsp;<strong>Plum-Cakes<\/strong>,&nbsp;<strong>M\u00fcrbteigkucken<\/strong>,&nbsp;<strong>Croissants<\/strong>,&nbsp;<strong>Keksen<\/strong>&nbsp;und&nbsp;<strong>Kuchen<\/strong>, sowie verschiedene Arten von Brot und Zwieback Ihnen ein s\u00fc\u00dfes und gesundes Erwachen bereiten werden.<\/p>\n\n\n\n<p>Unser Fr\u00fchst\u00fcck zeichnet sich durch&nbsp;<strong>frische, hochwertige Produkte<\/strong>&nbsp;aus. Das gilt nicht nur f\u00fcr die Backwaren, sondern auch f\u00fcr&nbsp;<strong>Marmeladen<\/strong>,&nbsp;<strong>Schokolade<\/strong>,&nbsp;<strong>Joghurt<\/strong>,&nbsp;<strong>M\u00fcsli und Cerealien<\/strong>, verschiedene Fruchts\u00e4fte, Obstsalat und Obst in Sirup.<\/p>\n\n<\/div>\n\n<div class=\"grids-area\" style=\"--_ga-column:7\/12;--_ga-row:1\/7;--_ga-va:center;--_ga-m-desktop:0 0 0 20px;--_ga-p-desktop:0 0 0 0;--_ga-bg-desktop:transparent none;--_ga-zi-desktop:auto;--_ga-d-desktop:flex;--_ga-mw-desktop:calc(100% - 20px - 0);--_ga-m-tablet:0 0 0 20px;--_ga-p-tablet:0 0 0 0;--_ga-bg-tablet:transparent none;--_ga-zi-tablet:auto;--_ga-d-tablet:flex;--_ga-mw-tablet:calc(100% - 20px - 0);--_ga-m-mobile:0 0 0 0px;--_ga-p-mobile:0 0 0 0;--_ga-bg-mobile:transparent none;--_ga-zi-mobile:auto;--_ga-d-mobile:flex;--_ga-mw-mobile:calc(100% - 0px - 0)\">\n<IfSoTrigger tid='17634' class=''  style='display:inline-block;'><\/IfSoTrigger>\n\n<\/div>\n<\/div><\/div>\n\n<div  class=\"grids-section grids-is-advanced alignfull\" style=\"--_gs-gap-desktop:0px 0px;--_gs-m-desktop:0 0 0 0;--_gs-p-desktop:0 0 0 0;--_gs-bg-desktop:transparent none;--_gs-bg-xp-desktop:0px;--_gs-zi-desktop:auto;--_gs-d-desktop:block;--_gs-mw-desktop:calc(100% - 0 - 0);--_gs-gap-tablet:0px 0px;--_gs-m-tablet:0 0 0 0;--_gs-p-tablet:0 0 0 0;--_gs-bg-tablet:transparent none;--_gs-bg-xp-tablet:0px;--_gs-zi-tablet:auto;--_gs-d-tablet:block;--_gs-mw-tablet:calc(100% - 0 - 0);--_gs-gap-mobile:0px 0px;--_gs-m-mobile:0 0 0 0;--_gs-p-mobile:0 0 0 0;--_gs-bg-mobile:transparent none;--_gs-bg-xp-mobile:0px;--_gs-zi-mobile:auto;--_gs-d-mobile:block;--_gs-mw-mobile:calc(100% - 0 - 0);--_gs-columns:12;--_gs-rows:6\"><div class=\"grids-s-w_i\">\n<div class=\"grids-area\" style=\"--_ga-column:7\/12;--_ga-row:1\/7;--_ga-va:center;--_ga-m-desktop:0 0 0 20px;--_ga-p-desktop:0 0 0 0;--_ga-bg-desktop:transparent none;--_ga-zi-desktop:auto;--_ga-d-desktop:flex;--_ga-mw-desktop:calc(100% - 20px - 0);--_ga-m-tablet:0 0 0 20px;--_ga-p-tablet:0 0 0 0;--_ga-bg-tablet:transparent none;--_ga-zi-tablet:auto;--_ga-d-tablet:flex;--_ga-mw-tablet:calc(100% - 20px - 0);--_ga-m-mobile:0 0 0 0px;--_ga-p-mobile:0 0 0 0;--_ga-bg-mobile:transparent none;--_ga-zi-mobile:auto;--_ga-d-mobile:flex;--_ga-mw-mobile:calc(100% - 0px - 0)\">\n\n<p>Aber das Fr\u00fchst\u00fcck im Savoia ist nicht nur italienisch.&nbsp;<strong>Internationale Traditionen verschmelzen<\/strong>&nbsp;und werden mit einer Vielzahl von&nbsp;<strong>K\u00e4se und Aufschnitt,<\/strong>&nbsp;<strong>Eiern und frischem Gem\u00fcse&nbsp;<\/strong>interpretiert.<\/p>\n\n\n\n<p>Besondere Aufmerksamkeit gilt nat\u00fcrlich allen, die<strong>&nbsp;<\/strong>wegen<strong>&nbsp;<\/strong>etwaiger&nbsp;<strong>Nahrungsmittelunvertr\u00e4glichkeiten&nbsp;<\/strong>oder&nbsp;<strong>Allergien spezielle Nahrungsmittel<\/strong>&nbsp;ben\u00f6tigen. Bitte informieren Sie uns schon&nbsp;<strong>bei der Buchung&nbsp;<\/strong>\u00fcber Ihre Ern\u00e4hrungsbed\u00fcrfnisse.<\/p>\n\n\n\n<ul class=\"wp-block-list\">\n<li> Das&nbsp;<strong>Fr\u00fchst\u00fccksbuffet<\/strong>&nbsp;wird von&nbsp;<strong>7:30 bis 10:00 Uhr<\/strong>&nbsp;im Fr\u00fchst\u00fccksraum (1. Stock) serviert.<\/li>\n\n\n\n<li>Sollten Sie fr\u00fcher abreisen m\u00fcssen, sagen Sie uns einfach Bescheid &#8230; Wir werden sicher etwas f\u00fcr Sie bereithalten!<\/li>\n\n\n\n<li>Auf Anfrage kann das Fr\u00fchst\u00fcck&nbsp;<strong>in Ihrem Zimmer<\/strong>&nbsp;serviert werden (Service \u20ac 5,00 pro Person).<\/li>\n<\/ul>\n\n<\/div>\n\n<div class=\"grids-area\" style=\"--_ga-column:2\/7;--_ga-row:1\/7;--_ga-va:center;--_ga-m-desktop:0 20px 0 0;--_ga-p-desktop:0 0 0 0;--_ga-bg-desktop:transparent none;--_ga-zi-desktop:auto;--_ga-d-desktop:flex;--_ga-mw-desktop:calc(100% - 0 - 20px);--_ga-m-tablet:0 20px 0 0;--_ga-p-tablet:0 0 0 0;--_ga-bg-tablet:transparent none;--_ga-zi-tablet:auto;--_ga-d-tablet:flex;--_ga-mw-tablet:calc(100% - 0 - 20px);--_ga-m-mobile:0 0px 0 0;--_ga-p-mobile:0 0 0 0;--_ga-bg-mobile:transparent none;--_ga-zi-mobile:auto;--_ga-d-mobile:flex;--_ga-mw-mobile:calc(100% - 0 - 0px)\">\n<IfSoTrigger tid='17637' class=''  style='display:inline-block;'><\/IfSoTrigger>\n\n<\/div>\n<\/div><\/div>\n\n<div  class=\"grids-section image-boxed-blur-background grids-is-advanced alignfull\" style=\"--_gs-gap-desktop:0px 0px;--_gs-m-desktop:0 0 0 0;--_gs-p-desktop:0 0 0 0;--_gs-bg-desktop:transparent url(https:\/\/www.savoiaterme.it\/wp-content\/uploads\/2021\/10\/colazione-CUR-hotel-savoia-terme-abano-terme.jpg) no-repeat 50% 50%  \/ cover;--_gs-bg-xp-desktop:0px;--_gs-zi-desktop:auto;--_gs-d-desktop:block;--_gs-mw-desktop:calc(100% - 0 - 0);--_gs-gap-tablet:0px 0px;--_gs-m-tablet:0 0 0 0;--_gs-p-tablet:0 0 0 0;--_gs-bg-tablet:transparent url(https:\/\/www.savoiaterme.it\/wp-content\/uploads\/2021\/10\/colazione-CUR-hotel-savoia-terme-abano-terme.jpg) no-repeat 50% 50%  \/ cover;--_gs-bg-xp-tablet:0px;--_gs-zi-tablet:auto;--_gs-d-tablet:block;--_gs-mw-tablet:calc(100% - 0 - 0);--_gs-gap-mobile:0px 0px;--_gs-m-mobile:0 0 0 0;--_gs-p-mobile:0 0 0 0;--_gs-bg-mobile:transparent url(https:\/\/www.savoiaterme.it\/wp-content\/uploads\/2021\/10\/colazione-CUR-hotel-savoia-terme-abano-terme.jpg) no-repeat 50% 50%  \/ cover;--_gs-bg-xp-mobile:0px;--_gs-zi-mobile:auto;--_gs-d-mobile:block;--_gs-mw-mobile:calc(100% - 0 - 0);--_gs-columns:12;--_gs-rows:6\"><div class=\"grids-s-w_i\">\n<div class=\"grids-area\" style=\"--_ga-column:5\/9;--_ga-row:1\/4;--_ga-m-desktop:0 0 0 0;--_ga-p-desktop:0 0 0 0;--_ga-bg-desktop:transparent none;--_ga-zi-desktop:auto;--_ga-d-desktop:flex;--_ga-mw-desktop:calc(100% - 0 - 0);--_ga-m-tablet:0 0 0 0;--_ga-p-tablet:0 0 0 0;--_ga-bg-tablet:transparent none;--_ga-zi-tablet:auto;--_ga-d-tablet:flex;--_ga-mw-tablet:calc(100% - 0 - 0);--_ga-m-mobile:0 0 0 0;--_ga-p-mobile:0 20px 0 20px;--_ga-bg-mobile:transparent none;--_ga-zi-mobile:auto;--_ga-d-mobile:flex;--_ga-mw-mobile:calc(100% - 0 - 0)\">\n\n<h2 class=\"wp-block-heading has-text-align-center\" id=\"la-prima-colazione-in-camera\">Fr\u00fchst\u00fcck auf dem Zimmer<\/h2>\n\n\n\n<p class=\"has-text-align-center\">Wie w\u00e4re es mit Fr\u00fchst\u00fcck <strong>direkt in Ihrem Zimmer<\/strong>?<\/p>\n\n\n\n<p class=\"has-text-align-center\"><strong>Bestellen Sie es einfach <\/strong>\u00fcber unsere App!<\/p>\n\n\n\n<p>Das Fr\u00fchst\u00fcck ist die wichtigste Mahlzeit des Tages. Deshalb bieten wir einen Service, der die Erwartungen \u00fcbertrifft. Uhrzeit, s\u00fc\u00df oder herzhaft, Tee oder Kaffee &#8211; das  entscheiden Sie!<\/p>\n\n\n\n<p class=\"has-text-align-center\"><b><u><a href=\"mailto: info@savoiaterme.it\"><strong>Senden Sie eine E-Mail, um das Fr\u00fchst\u00fcck auf Ihr Zimmer zu bestellen<\/strong><\/a><\/u><\/b><\/p>\n\n\n\n<a href=\"https:\/\/savoiaguest.savoiaterme.it\/de\/zimmer-dienstleistungen\/\" target=\"blank\" class=\"btn btn-center\" rel=\"noopener\">WERFEN SIE EINEN BLICK IN DIE FR\u00dcHST\u00dcCKSKARTE<\/a>\n\n<\/div>\n<\/div><\/div>\n\n<div  class=\"grids-section grids-is-advanced\" style=\"--_gs-gap-desktop:0px 0px;--_gs-m-desktop:0 0 0 0;--_gs-p-desktop:0 0 0 0;--_gs-bg-desktop:transparent none;--_gs-bg-xp-desktop:0px;--_gs-zi-desktop:auto;--_gs-d-desktop:block;--_gs-mw-desktop:calc(100% - 0 - 0);--_gs-gap-tablet:0px 0px;--_gs-m-tablet:0 0 0 0;--_gs-p-tablet:0 0 0 0;--_gs-bg-tablet:transparent none;--_gs-bg-xp-tablet:0px;--_gs-zi-tablet:auto;--_gs-d-tablet:block;--_gs-mw-tablet:calc(100% - 0 - 0);--_gs-gap-mobile:0px 0px;--_gs-m-mobile:0 0 0 0;--_gs-p-mobile:0 0 0 0;--_gs-bg-mobile:transparent none;--_gs-bg-xp-mobile:0px;--_gs-zi-mobile:auto;--_gs-d-mobile:block;--_gs-mw-mobile:calc(100% - 0 - 0);--_gs-columns:12;--_gs-rows:6\"><div class=\"grids-s-w_i\">\n<div class=\"grids-area\" style=\"--_ga-column:1\/13;--_ga-row:1\/7;--_ga-m-desktop:0 0 0 0;--_ga-p-desktop:0 0 0 0;--_ga-bg-desktop:transparent none;--_ga-zi-desktop:auto;--_ga-d-desktop:flex;--_ga-mw-desktop:calc(100% - 0 - 0);--_ga-m-tablet:0 0 0 0;--_ga-p-tablet:0 0 0 0;--_ga-bg-tablet:transparent none;--_ga-zi-tablet:auto;--_ga-d-tablet:flex;--_ga-mw-tablet:calc(100% - 0 - 0);--_ga-m-mobile:0 0 0 0;--_ga-p-mobile:0 0 0 0;--_ga-bg-mobile:transparent none;--_ga-zi-mobile:auto;--_ga-d-mobile:flex;--_ga-mw-mobile:calc(100% - 0 - 0)\">\n\r\n    <div class=\"related-pages-container\">\r\n                                    <div class=\"single-related-page-container\" style=\"background-image:url('https:\/\/www.savoiaterme.it\/wp-content\/uploads\/2021\/10\/the-club-bar-hotel-savoia-terme-abano-terme.jpg');\">\r\n                    <a href=\"https:\/\/www.savoiaterme.it\/it\/gourmet\/the-club-bar\/\" target=\"_blank\">\r\n                        <h2 class=\"related-page-title\">\r\n                            The Club Bar & Lunch                        <\/h2>\r\n                    <\/a>\r\n                <\/div>\r\n                                                <div class=\"single-related-page-container\" style=\"background-image:url('https:\/\/www.savoiaterme.it\/wp-content\/uploads\/2021\/10\/ristorante-il-savoiardo-hotel-savoia-terme-abano-terme-2.jpg');\">\r\n                    <a href=\"https:\/\/www.savoiaterme.it\/fr\/gourmet\/restaurant-il-savoiardo\/\" target=\"_blank\">\r\n                        <h2 class=\"related-page-title\">\r\n                            Restaurant \"Il Savoiardo\"                        <\/h2>\r\n                    <\/a>\r\n                <\/div>\r\n                                                <div class=\"single-related-page-container\" style=\"background-image:url('https:\/\/www.savoiaterme.it\/wp-content\/uploads\/2021\/10\/cucina-gourmet-hotel-savoia-terme-abano-terme.jpg');\">\r\n                    <a href=\"https:\/\/www.savoiaterme.it\/it\/gourmet\/\" target=\"_blank\">\r\n                        <h2 class=\"related-page-title\">\r\n                            Gourmetk\u00fcche                        <\/h2>\r\n                    <\/a>\r\n                <\/div>\r\n                        <\/div>\r\n\n\n<\/div>\n<\/div><\/div>","protected":false},"excerpt":{"rendered":"","protected":false},"author":1,"featured_media":4723,"parent":8600,"menu_order":0,"comment_status":"closed","ping_status":"closed","template":"","meta":{"_acf_changed":false,"advgb_blocks_editor_width":"","advgb_blocks_columns_visual_guide":"","footnotes":""},"class_list":["post-8589","page","type-page","status-publish","has-post-thumbnail","hentry","entry"],"acf":{"page_custom_gallery":[{"page_custom_gallery_label":"","page_custom_gallery_photos":[4462,4613,4467]},{"page_custom_gallery_label":"","page_custom_gallery_photos":[4462,17590,17595]},{"page_custom_gallery_label":"","page_custom_gallery_photos":[4472,4623,4618]},{"page_custom_gallery_label":"","page_custom_gallery_photos":[4462,17625,17620]},{"page_custom_gallery_label":"","page_custom_gallery_photos":[4472,17605,17600]},{"page_custom_gallery_label":"","page_custom_gallery_photos":[4472,17615,17630]}],"element_single_page":null,"second_element_single_page":null},"yoast_head":"<!-- This site is optimized with the Yoast SEO plugin v25.7 - https:\/\/yoast.com\/wordpress\/plugins\/seo\/ -->\n<title>Gesund fr\u00fchst\u00fccken - Hotel Savoia Therm\u00e6 &amp; Spa<\/title>\n<meta name=\"description\" content=\"Das Hotel Savoia Therm\u00e6 &amp; SPA verw\u00f6hnt Ihren Gaumen schon am fr\u00fchen Morgen und bietet ein reichhaltiges Fr\u00fchst\u00fccksbuffet.\" \/>\n<meta name=\"robots\" content=\"index, follow, max-snippet:-1, max-image-preview:large, max-video-preview:-1\" \/>\n<link rel=\"canonical\" href=\"https:\/\/www.savoiaterme.it\/de\/gourmet\/fruhstuck\/\" \/>\n<meta property=\"og:locale\" content=\"de_DE\" \/>\n<meta property=\"og:type\" content=\"article\" \/>\n<meta property=\"og:title\" content=\"Gesund fr\u00fchst\u00fccken - Hotel Savoia Therm\u00e6 &amp; Spa\" \/>\n<meta property=\"og:description\" content=\"Das Hotel Savoia Therm\u00e6 &amp; SPA verw\u00f6hnt Ihren Gaumen schon am fr\u00fchen Morgen und bietet ein reichhaltiges Fr\u00fchst\u00fccksbuffet.\" \/>\n<meta property=\"og:url\" content=\"https:\/\/www.savoiaterme.it\/de\/gourmet\/fruhstuck\/\" \/>\n<meta property=\"og:site_name\" content=\"Hotel Savoia Therm\u00e6 &amp; Spa\" \/>\n<meta property=\"article:modified_time\" content=\"2026-03-27T14:39:19+00:00\" \/>\n<meta property=\"og:image\" content=\"https:\/\/www.savoiaterme.it\/wp-content\/uploads\/2021\/10\/colazione-hotel-savoia-terme-abano-terme.jpg\" \/>\n\t<meta property=\"og:image:width\" content=\"2000\" \/>\n\t<meta property=\"og:image:height\" content=\"714\" \/>\n\t<meta property=\"og:image:type\" content=\"image\/jpeg\" \/>\n<meta name=\"twitter:card\" content=\"summary_large_image\" \/>\n<meta name=\"twitter:label1\" content=\"Gesch\u00e4tzte Lesezeit\" \/>\n\t<meta name=\"twitter:data1\" content=\"2\u00a0Minuten\" \/>\n<script type=\"application\/ld+json\" class=\"yoast-schema-graph\">{\"@context\":\"https:\/\/schema.org\",\"@graph\":[{\"@type\":\"WebPage\",\"@id\":\"https:\/\/www.savoiaterme.it\/de\/gourmet\/fruhstuck\/\",\"url\":\"https:\/\/www.savoiaterme.it\/de\/gourmet\/fruhstuck\/\",\"name\":\"Gesund fr\u00fchst\u00fccken - Hotel Savoia Therm\u00e6 &amp; Spa\",\"isPartOf\":{\"@id\":\"https:\/\/www.savoiaterme.it\/de\/#website\"},\"primaryImageOfPage\":{\"@id\":\"https:\/\/www.savoiaterme.it\/de\/gourmet\/fruhstuck\/#primaryimage\"},\"image\":{\"@id\":\"https:\/\/www.savoiaterme.it\/de\/gourmet\/fruhstuck\/#primaryimage\"},\"thumbnailUrl\":\"https:\/\/www.savoiaterme.it\/wp-content\/uploads\/2021\/10\/colazione-hotel-savoia-terme-abano-terme.jpg\",\"datePublished\":\"2021-10-08T14:12:02+00:00\",\"dateModified\":\"2026-03-27T14:39:19+00:00\",\"description\":\"Das Hotel Savoia Therm\u00e6 & SPA verw\u00f6hnt Ihren Gaumen schon am fr\u00fchen Morgen und bietet ein reichhaltiges Fr\u00fchst\u00fccksbuffet.\",\"breadcrumb\":{\"@id\":\"https:\/\/www.savoiaterme.it\/de\/gourmet\/fruhstuck\/#breadcrumb\"},\"inLanguage\":\"de\",\"potentialAction\":[{\"@type\":\"ReadAction\",\"target\":[\"https:\/\/www.savoiaterme.it\/de\/gourmet\/fruhstuck\/\"]}]},{\"@type\":\"ImageObject\",\"inLanguage\":\"de\",\"@id\":\"https:\/\/www.savoiaterme.it\/de\/gourmet\/fruhstuck\/#primaryimage\",\"url\":\"https:\/\/www.savoiaterme.it\/wp-content\/uploads\/2021\/10\/colazione-hotel-savoia-terme-abano-terme.jpg\",\"contentUrl\":\"https:\/\/www.savoiaterme.it\/wp-content\/uploads\/2021\/10\/colazione-hotel-savoia-terme-abano-terme.jpg\",\"width\":2000,\"height\":714},{\"@type\":\"BreadcrumbList\",\"@id\":\"https:\/\/www.savoiaterme.it\/de\/gourmet\/fruhstuck\/#breadcrumb\",\"itemListElement\":[{\"@type\":\"ListItem\",\"position\":1,\"name\":\"\",\"item\":\"https:\/\/www.savoiaterme.it\/de\/\"},{\"@type\":\"ListItem\",\"position\":2,\"name\":\"Gourmetk\u00fcche: Wohlbefinden beginnt bei Tisch\",\"item\":\"https:\/\/www.savoiaterme.it\/de\/gourmet\/\"},{\"@type\":\"ListItem\",\"position\":3,\"name\":\"Gesund fr\u00fchst\u00fccken\"}]},{\"@type\":\"WebSite\",\"@id\":\"https:\/\/www.savoiaterme.it\/de\/#website\",\"url\":\"https:\/\/www.savoiaterme.it\/de\/\",\"name\":\"Hotel Savoia Therm\u00e6 &amp; Spa\",\"description\":\"ABANO TERME\",\"potentialAction\":[{\"@type\":\"SearchAction\",\"target\":{\"@type\":\"EntryPoint\",\"urlTemplate\":\"https:\/\/www.savoiaterme.it\/de\/?s={search_term_string}\"},\"query-input\":{\"@type\":\"PropertyValueSpecification\",\"valueRequired\":true,\"valueName\":\"search_term_string\"}}],\"inLanguage\":\"de\"}]}<\/script>\n<!-- \/ Yoast SEO plugin. -->","yoast_head_json":{"title":"Gesund fr\u00fchst\u00fccken - Hotel Savoia Therm\u00e6 &amp; Spa","description":"Das Hotel Savoia Therm\u00e6 & SPA verw\u00f6hnt Ihren Gaumen schon am fr\u00fchen Morgen und bietet ein reichhaltiges Fr\u00fchst\u00fccksbuffet.","robots":{"index":"index","follow":"follow","max-snippet":"max-snippet:-1","max-image-preview":"max-image-preview:large","max-video-preview":"max-video-preview:-1"},"canonical":"https:\/\/www.savoiaterme.it\/de\/gourmet\/fruhstuck\/","og_locale":"de_DE","og_type":"article","og_title":"Gesund fr\u00fchst\u00fccken - Hotel Savoia Therm\u00e6 &amp; Spa","og_description":"Das Hotel Savoia Therm\u00e6 & SPA verw\u00f6hnt Ihren Gaumen schon am fr\u00fchen Morgen und bietet ein reichhaltiges Fr\u00fchst\u00fccksbuffet.","og_url":"https:\/\/www.savoiaterme.it\/de\/gourmet\/fruhstuck\/","og_site_name":"Hotel Savoia Therm\u00e6 &amp; Spa","article_modified_time":"2026-03-27T14:39:19+00:00","og_image":[{"width":2000,"height":714,"url":"https:\/\/www.savoiaterme.it\/wp-content\/uploads\/2021\/10\/colazione-hotel-savoia-terme-abano-terme.jpg","type":"image\/jpeg"}],"twitter_card":"summary_large_image","twitter_misc":{"Gesch\u00e4tzte Lesezeit":"2\u00a0Minuten"},"schema":{"@context":"https:\/\/schema.org","@graph":[{"@type":"WebPage","@id":"https:\/\/www.savoiaterme.it\/de\/gourmet\/fruhstuck\/","url":"https:\/\/www.savoiaterme.it\/de\/gourmet\/fruhstuck\/","name":"Gesund fr\u00fchst\u00fccken - Hotel Savoia Therm\u00e6 &amp; Spa","isPartOf":{"@id":"https:\/\/www.savoiaterme.it\/de\/#website"},"primaryImageOfPage":{"@id":"https:\/\/www.savoiaterme.it\/de\/gourmet\/fruhstuck\/#primaryimage"},"image":{"@id":"https:\/\/www.savoiaterme.it\/de\/gourmet\/fruhstuck\/#primaryimage"},"thumbnailUrl":"https:\/\/www.savoiaterme.it\/wp-content\/uploads\/2021\/10\/colazione-hotel-savoia-terme-abano-terme.jpg","datePublished":"2021-10-08T14:12:02+00:00","dateModified":"2026-03-27T14:39:19+00:00","description":"Das Hotel Savoia Therm\u00e6 & SPA verw\u00f6hnt Ihren Gaumen schon am fr\u00fchen Morgen und bietet ein reichhaltiges Fr\u00fchst\u00fccksbuffet.","breadcrumb":{"@id":"https:\/\/www.savoiaterme.it\/de\/gourmet\/fruhstuck\/#breadcrumb"},"inLanguage":"de","potentialAction":[{"@type":"ReadAction","target":["https:\/\/www.savoiaterme.it\/de\/gourmet\/fruhstuck\/"]}]},{"@type":"ImageObject","inLanguage":"de","@id":"https:\/\/www.savoiaterme.it\/de\/gourmet\/fruhstuck\/#primaryimage","url":"https:\/\/www.savoiaterme.it\/wp-content\/uploads\/2021\/10\/colazione-hotel-savoia-terme-abano-terme.jpg","contentUrl":"https:\/\/www.savoiaterme.it\/wp-content\/uploads\/2021\/10\/colazione-hotel-savoia-terme-abano-terme.jpg","width":2000,"height":714},{"@type":"BreadcrumbList","@id":"https:\/\/www.savoiaterme.it\/de\/gourmet\/fruhstuck\/#breadcrumb","itemListElement":[{"@type":"ListItem","position":1,"name":"","item":"https:\/\/www.savoiaterme.it\/de\/"},{"@type":"ListItem","position":2,"name":"Gourmetk\u00fcche: Wohlbefinden beginnt bei Tisch","item":"https:\/\/www.savoiaterme.it\/de\/gourmet\/"},{"@type":"ListItem","position":3,"name":"Gesund fr\u00fchst\u00fccken"}]},{"@type":"WebSite","@id":"https:\/\/www.savoiaterme.it\/de\/#website","url":"https:\/\/www.savoiaterme.it\/de\/","name":"Hotel Savoia Therm\u00e6 &amp; Spa","description":"ABANO TERME","potentialAction":[{"@type":"SearchAction","target":{"@type":"EntryPoint","urlTemplate":"https:\/\/www.savoiaterme.it\/de\/?s={search_term_string}"},"query-input":{"@type":"PropertyValueSpecification","valueRequired":true,"valueName":"search_term_string"}}],"inLanguage":"de"}]}},"coauthors":[],"author_meta":{"author_link":"https:\/\/www.savoiaterme.it\/de\/author\/sav014-t3rm294k\/","display_name":"sav014-t3rm294k"},"relative_dates":{"created":"Posted 5\u00a0Jahren ago","modified":"Updated 1\u00a0Monat ago"},"absolute_dates":{"created":"Posted on Oktober 8, 2021","modified":"Updated on M\u00e4rz 27, 2026"},"absolute_dates_time":{"created":"Posted on Oktober 8, 2021 4:12 p.m.","modified":"Updated on M\u00e4rz 27, 2026 3:39 p.m."},"featured_img_caption":"","featured_img":"https:\/\/www.savoiaterme.it\/wp-content\/uploads\/2021\/10\/colazione-hotel-savoia-terme-abano-terme-1568x560.jpg","series_order":"","_links":{"self":[{"href":"https:\/\/www.savoiaterme.it\/de\/wp-json\/wp\/v2\/pages\/8589","targetHints":{"allow":["GET"]}}],"collection":[{"href":"https:\/\/www.savoiaterme.it\/de\/wp-json\/wp\/v2\/pages"}],"about":[{"href":"https:\/\/www.savoiaterme.it\/de\/wp-json\/wp\/v2\/types\/page"}],"author":[{"embeddable":true,"href":"https:\/\/www.savoiaterme.it\/de\/wp-json\/wp\/v2\/users\/1"}],"replies":[{"embeddable":true,"href":"https:\/\/www.savoiaterme.it\/de\/wp-json\/wp\/v2\/comments?post=8589"}],"version-history":[{"count":1,"href":"https:\/\/www.savoiaterme.it\/de\/wp-json\/wp\/v2\/pages\/8589\/revisions"}],"predecessor-version":[{"id":33840,"href":"https:\/\/www.savoiaterme.it\/de\/wp-json\/wp\/v2\/pages\/8589\/revisions\/33840"}],"up":[{"embeddable":true,"href":"https:\/\/www.savoiaterme.it\/de\/wp-json\/wp\/v2\/pages\/8600"}],"wp:featuredmedia":[{"embeddable":true,"href":"https:\/\/www.savoiaterme.it\/de\/wp-json\/wp\/v2\/media\/4723"}],"wp:attachment":[{"href":"https:\/\/www.savoiaterme.it\/de\/wp-json\/wp\/v2\/media?parent=8589"}],"curies":[{"name":"wp","href":"https:\/\/api.w.org\/{rel}","templated":true}]}}