{"id":1653,"date":"2021-09-06T15:12:35","date_gmt":"2021-09-06T13:12:35","guid":{"rendered":"https:\/\/www.savoiaterme.it\/sport-golf-co\/"},"modified":"2022-10-14T11:56:20","modified_gmt":"2022-10-14T09:56:20","slug":"sport-golf-co","status":"publish","type":"page","link":"https:\/\/www.savoiaterme.it\/fr\/hotel\/activites\/sport-golf-co\/","title":{"rendered":"Sport, golf &#038; co"},"content":{"rendered":"<div  class=\"grids-section grids-is-advanced alignfull\" style=\"--_gs-gap-desktop:0px 0px;--_gs-m-desktop:0 0 0 0;--_gs-p-desktop:0 0 0 0;--_gs-bg-desktop:#f7f6f8 none;--_gs-bg-xp-desktop:0px;--_gs-zi-desktop:auto;--_gs-d-desktop:block;--_gs-mw-desktop:calc(100% - 0 - 0);--_gs-gap-tablet:0px 0px;--_gs-m-tablet:0 0 0 0;--_gs-p-tablet:0 0 0 0;--_gs-bg-tablet:#f7f6f8 none;--_gs-bg-xp-tablet:0px;--_gs-zi-tablet:auto;--_gs-d-tablet:block;--_gs-mw-tablet:calc(100% - 0 - 0);--_gs-gap-mobile:0px 0px;--_gs-m-mobile:0 0 0 0;--_gs-p-mobile:0 0 0 0;--_gs-bg-mobile:#f7f6f8 none;--_gs-bg-xp-mobile:0px;--_gs-zi-mobile:auto;--_gs-d-mobile:block;--_gs-mw-mobile:calc(100% - 0 - 0);--_gs-columns:12;--_gs-rows:6\"><div class=\"grids-s-w_i\">\n<div class=\"grids-area\" style=\"--_ga-column:2\/12;--_ga-row:1\/5;--_ga-m-desktop:0 0 0 0;--_ga-p-desktop:10px 10px 10px 10px;--_ga-bg-desktop:transparent none;--_ga-zi-desktop:auto;--_ga-d-desktop:flex;--_ga-mw-desktop:calc(100% - 0 - 0);--_ga-m-tablet:0 0 0 0;--_ga-p-tablet:10px 10px 10px 10px;--_ga-bg-tablet:transparent none;--_ga-zi-tablet:auto;--_ga-d-tablet:flex;--_ga-mw-tablet:calc(100% - 0 - 0);--_ga-m-mobile:0 0 0 0;--_ga-p-mobile:10px 10px 10px 10px;--_ga-bg-mobile:transparent none;--_ga-zi-mobile:auto;--_ga-d-mobile:flex;--_ga-mw-mobile:calc(100% - 0 - 0)\">\n\n<p><strong>Respirez un nouvel air. <\/strong>Parfum de vacances et de temps libre. Inspirez le bien-\u00eatre, expirez le stress. \u00catre \u00e0 l&rsquo;ext\u00e9rieur, prendre du temps, vous donner un nouvel espace. <strong>Lib\u00e8re le corps en lib\u00e9rant l&rsquo;esprit<\/strong>. Passionnez-vous et abandonnez-vous \u00e0 de nouvelles exp\u00e9riences.<\/p>\n\n<\/div>\n<\/div><\/div>\n\n<div  class=\"grids-section grids-is-advanced alignfull\" style=\"--_gs-gap-desktop:0px 0px;--_gs-m-desktop:0 0 0 0;--_gs-p-desktop:0 0 0 0;--_gs-bg-desktop:transparent none;--_gs-bg-xp-desktop:0px;--_gs-zi-desktop:auto;--_gs-d-desktop:block;--_gs-mw-desktop:calc(100% - 0 - 0);--_gs-gap-tablet:0px 0px;--_gs-m-tablet:0 0 0 0;--_gs-p-tablet:0 0 0 0;--_gs-bg-tablet:transparent none;--_gs-bg-xp-tablet:0px;--_gs-zi-tablet:auto;--_gs-d-tablet:block;--_gs-mw-tablet:calc(100% - 0 - 0);--_gs-gap-mobile:0px 0px;--_gs-m-mobile:20px 0 20px 0;--_gs-p-mobile:0 0 0 0;--_gs-bg-mobile:transparent none;--_gs-bg-xp-mobile:0px;--_gs-zi-mobile:auto;--_gs-d-mobile:block;--_gs-mw-mobile:calc(100% - 0 - 0);--_gs-columns:12;--_gs-rows:6\"><div class=\"grids-s-w_i\">\n<div class=\"grids-area\" style=\"--_ga-column:2\/7;--_ga-row:1\/7;--_ga-va:center;--_ga-m-desktop:0 20px 0 0;--_ga-p-desktop:0 0 0 0;--_ga-bg-desktop:transparent none;--_ga-zi-desktop:auto;--_ga-d-desktop:flex;--_ga-mw-desktop:calc(100% - 0 - 20px);--_ga-m-tablet:0 20px 0 0;--_ga-p-tablet:0 0 0 0;--_ga-bg-tablet:transparent none;--_ga-zi-tablet:auto;--_ga-d-tablet:flex;--_ga-mw-tablet:calc(100% - 0 - 20px);--_ga-m-mobile:0 0px 0 0;--_ga-p-mobile:20px 0 20px 0;--_ga-bg-mobile:transparent none;--_ga-zi-mobile:auto;--_ga-d-mobile:flex;--_ga-mw-mobile:calc(100% - 0 - 0px)\">\n\n<h2 class=\"wp-block-heading\"><meta charset=\"utf-8\">Easy activities<\/h2>\n\n\n\n<p><strong>Tour \u00e0 v\u00e9lo des collines eugan\u00e9ennes<\/strong><meta charset=\"utf-8\"><\/p>\n\n\n\n<p>Pour les amateurs de v\u00e9lo, les collines eugan\u00e9ennes offrent de <strong>nombreux itin\u00e9raires pour s&rsquo;immerger dans la nature<\/strong> et d\u00e9couvrir des villages, des ch\u00e2teaux et des villas et passer une journ\u00e9e en plein air parmi ces belles collines.<\/p>\n\n\n\n<p>Parmi les itin\u00e9raires les plus c\u00e9l\u00e8bres et les plus fascinants \u00e0 emprunter, on peut citer :<\/p>\n\n\n\n<ul class=\"wp-block-list\"><li><strong>L&rsquo;anneau des collines eugan\u00e9ennes<\/strong>, <strong>long de 64 km<\/strong>, qui permet de visiter les villes fortifi\u00e9es de la basse Padoue ;<\/li><li><strong>La route du sel et du sucre de 15 km<\/strong>, un itin\u00e9raire longeant les eaux calmes des canaux qui \u00e9taient autrefois parcourus par de grands bateaux transportant du sel et du sucre.<\/li><\/ul>\n\n<\/div>\n\n<div class=\"grids-area\" style=\"--_ga-column:7\/12;--_ga-row:1\/7;--_ga-va:center;--_ga-m-desktop:0 0 0 20px;--_ga-p-desktop:0 0 0 0;--_ga-bg-desktop:transparent none;--_ga-zi-desktop:auto;--_ga-d-desktop:flex;--_ga-mw-desktop:calc(100% - 20px - 0);--_ga-m-tablet:0 0 0 20px;--_ga-p-tablet:0 0 0 0;--_ga-bg-tablet:transparent none;--_ga-zi-tablet:auto;--_ga-d-tablet:flex;--_ga-mw-tablet:calc(100% - 20px - 0);--_ga-m-mobile:0 0 0 0px;--_ga-p-mobile:0 0 0 0;--_ga-bg-mobile:transparent none;--_ga-zi-mobile:auto;--_ga-d-mobile:flex;--_ga-mw-mobile:calc(100% - 0px - 0)\">\n\n<figure class=\"wp-block-image size-large image-background-overlay-effect\"><img style=\"background-color: #4d4e20;\" loading=\"lazy\" decoding=\"async\" width=\"1024\" height=\"683\" src=\"https:\/\/www.savoiaterme.it\/wp-content\/uploads\/2022\/08\/bici-colli-euganei-savoia-terme-abano-01-1024x683.jpg\" alt=\"\" class=\"wp-image-13286\" srcset=\"https:\/\/www.savoiaterme.it\/wp-content\/uploads\/2022\/08\/bici-colli-euganei-savoia-terme-abano-01-1024x683.jpg 1024w, https:\/\/www.savoiaterme.it\/wp-content\/uploads\/2022\/08\/bici-colli-euganei-savoia-terme-abano-01-300x200.jpg 300w, https:\/\/www.savoiaterme.it\/wp-content\/uploads\/2022\/08\/bici-colli-euganei-savoia-terme-abano-01-768x512.jpg 768w, https:\/\/www.savoiaterme.it\/wp-content\/uploads\/2022\/08\/bici-colli-euganei-savoia-terme-abano-01-1536x1024.jpg 1536w, https:\/\/www.savoiaterme.it\/wp-content\/uploads\/2022\/08\/bici-colli-euganei-savoia-terme-abano-01-1568x1045.jpg 1568w, https:\/\/www.savoiaterme.it\/wp-content\/uploads\/2022\/08\/bici-colli-euganei-savoia-terme-abano-01.jpg 1800w\" sizes=\"auto, (max-width: 1024px) 100vw, 1024px\" \/><\/figure>\n\n<\/div>\n<\/div><\/div>\n\n<div  class=\"grids-section grids-is-advanced alignfull\" style=\"--_gs-gap-desktop:0px 0px;--_gs-m-desktop:0 0 0 0;--_gs-p-desktop:0 0 0 0;--_gs-bg-desktop:transparent none;--_gs-bg-xp-desktop:0px;--_gs-zi-desktop:auto;--_gs-d-desktop:block;--_gs-mw-desktop:calc(100% - 0 - 0);--_gs-gap-tablet:0px 0px;--_gs-m-tablet:0 0 0 0;--_gs-p-tablet:0 0 0 0;--_gs-bg-tablet:transparent none;--_gs-bg-xp-tablet:0px;--_gs-zi-tablet:auto;--_gs-d-tablet:block;--_gs-mw-tablet:calc(100% - 0 - 0);--_gs-gap-mobile:0px 0px;--_gs-m-mobile:20px 0 20px 0;--_gs-p-mobile:0 0 0 0;--_gs-bg-mobile:transparent none;--_gs-bg-xp-mobile:0px;--_gs-zi-mobile:auto;--_gs-d-mobile:block;--_gs-mw-mobile:calc(100% - 0 - 0);--_gs-columns:12;--_gs-rows:6\"><div class=\"grids-s-w_i\">\n<div class=\"grids-area\" style=\"--_ga-column:7\/12;--_ga-row:1\/7;--_ga-va:center;--_ga-m-desktop:0 0 0 20px;--_ga-p-desktop:0 0 0 0;--_ga-bg-desktop:transparent none;--_ga-zi-desktop:auto;--_ga-d-desktop:flex;--_ga-mw-desktop:calc(100% - 20px - 0);--_ga-m-tablet:0 0 0 20px;--_ga-p-tablet:0 0 0 0;--_ga-bg-tablet:transparent none;--_ga-zi-tablet:auto;--_ga-d-tablet:flex;--_ga-mw-tablet:calc(100% - 20px - 0);--_ga-m-mobile:0 0 0 0px;--_ga-p-mobile:20px 0 20px 0;--_ga-bg-mobile:transparent none;--_ga-zi-mobile:auto;--_ga-d-mobile:flex;--_ga-mw-mobile:calc(100% - 0px - 0)\">\n\n<h2 class=\"wp-block-heading\">Golf<\/h2>\n\n\n\n<p><meta charset=\"utf-8\"><\/p>\n\n\n\n<p>L&rsquo;Hotel Savoia Therm\u00e6 &amp; SPA est <strong>associ\u00e9 aux meilleurs clubs de golf<\/strong> de la V\u00e9n\u00e9tie avec des conditions sp\u00e9ciales pour le \u201cgreen f\u00e9es\u00a0\u00bb. Vous pouvez \u00e9galement r\u00e9server un service de navette directement depuis l&rsquo;h\u00f4tel.<\/p>\n\n\n\n<p>En <strong>cliquant sur les noms<\/strong> de chacun des clubs de golf, vous d\u00e9couvrirez les itin\u00e9raires les plus int\u00e9ressants et vous recevrez toutes les informations n\u00e9cessaires pour compl\u00e9ter votre s\u00e9jour \u00ab\u00a0toujours verts\u00a0\u00bb.<\/p>\n\n\n<div  class=\"grids-section grids-is-advanced\" style=\"--_gs-gap-desktop:0px 0px;--_gs-m-desktop:0 0 0 0;--_gs-p-desktop:0 0 0 0;--_gs-bg-desktop:transparent none;--_gs-bg-xp-desktop:0px;--_gs-zi-desktop:auto;--_gs-d-desktop:block;--_gs-mw-desktop:calc(100% - 0 - 0);--_gs-gap-tablet:0px 0px;--_gs-m-tablet:0 0 0 0;--_gs-p-tablet:0 0 0 0;--_gs-bg-tablet:transparent none;--_gs-bg-xp-tablet:0px;--_gs-zi-tablet:auto;--_gs-d-tablet:block;--_gs-mw-tablet:calc(100% - 0 - 0);--_gs-gap-mobile:0px 0px;--_gs-m-mobile:0 0 0 0;--_gs-p-mobile:0 0 0 0;--_gs-bg-mobile:transparent none;--_gs-bg-xp-mobile:0px;--_gs-zi-mobile:auto;--_gs-d-mobile:block;--_gs-mw-mobile:calc(100% - 0 - 0);--_gs-columns:12;--_gs-rows:6\"><div class=\"grids-s-w_i\">\n<div class=\"grids-area\" style=\"--_ga-column:1\/7;--_ga-row:1\/7;--_ga-m-desktop:0 5px 0 0;--_ga-p-desktop:0 0 0 0;--_ga-bg-desktop:transparent none;--_ga-zi-desktop:auto;--_ga-d-desktop:flex;--_ga-mw-desktop:calc(100% - 0 - 5px);--_ga-m-tablet:0 5px 0 0;--_ga-p-tablet:0 0 0 0;--_ga-bg-tablet:transparent none;--_ga-zi-tablet:auto;--_ga-d-tablet:flex;--_ga-mw-tablet:calc(100% - 0 - 5px);--_ga-m-mobile:0 5px 0 0;--_ga-p-mobile:0 0 0 0;--_ga-bg-mobile:transparent none;--_ga-zi-mobile:auto;--_ga-d-mobile:flex;--_ga-mw-mobile:calc(100% - 0 - 5px)\">\n\n<p class=\"has-text-align-left\"><a href=\"https:\/\/www.golfmontecchia.it\/\" target=\"_blank\" rel=\"noreferrer noopener\">Golf della Montecchia (5 km) &gt;<\/a><\/p>\n\n\n\n<p class=\"has-text-align-left\"><a href=\"https:\/\/www.golffrassanelle.it\/\" target=\"_blank\" rel=\"noreferrer noopener\">ASD Golf Club Frassanelle (10 km) &gt;<\/a><\/p>\n\n\n\n<p class=\"has-text-align-left\"><a href=\"https:\/\/www.golfclubpadova.it\/\/\" target=\"_blank\" rel=\"noreferrer noopener\">Golf Club Padova A.S.D. (12 km) &gt;<\/a><\/p>\n\n\n\n<p class=\"has-text-align-left\"><a href=\"http:\/\/www.cadellanave.com\/\" target=\"_blank\" rel=\"noreferrer noopener\">Ca\u2019 della Nave (48 km) &gt;<\/a><\/p>\n\n\n\n<a href=\"\/fr\/offrir\/golf-relax-collines-euganeennes\/\" class=\"btn\">D\u00c9COUVREZ L&rsquo;OFFRE<\/a>\n\n<\/div>\n<\/div><\/div>\n<\/div>\n\n<div class=\"grids-area\" style=\"--_ga-column:2\/7;--_ga-row:1\/7;--_ga-va:center;--_ga-m-desktop:0 20px 0 0;--_ga-p-desktop:0 0 0 0;--_ga-bg-desktop:transparent none;--_ga-zi-desktop:auto;--_ga-d-desktop:flex;--_ga-mw-desktop:calc(100% - 0 - 20px);--_ga-m-tablet:0 20px 0 0;--_ga-p-tablet:0 0 0 0;--_ga-bg-tablet:transparent none;--_ga-zi-tablet:auto;--_ga-d-tablet:flex;--_ga-mw-tablet:calc(100% - 0 - 20px);--_ga-m-mobile:0 0px 0 0;--_ga-p-mobile:0 0 0 0;--_ga-bg-mobile:transparent none;--_ga-zi-mobile:auto;--_ga-d-mobile:flex;--_ga-mw-mobile:calc(100% - 0 - 0px)\">\n\n<figure class=\"wp-block-image size-large image-background-overlay-effect\"><img style=\"background-color: #8f9382;\" loading=\"lazy\" decoding=\"async\" width=\"1024\" height=\"683\" src=\"https:\/\/www.savoiaterme.it\/wp-content\/uploads\/2021\/09\/golf-hotel-savoia-terme-abano-1024x683.jpg\" alt=\"\" class=\"wp-image-829\" srcset=\"https:\/\/www.savoiaterme.it\/wp-content\/uploads\/2021\/09\/golf-hotel-savoia-terme-abano-1024x683.jpg 1024w, https:\/\/www.savoiaterme.it\/wp-content\/uploads\/2021\/09\/golf-hotel-savoia-terme-abano-300x200.jpg 300w, https:\/\/www.savoiaterme.it\/wp-content\/uploads\/2021\/09\/golf-hotel-savoia-terme-abano-768x512.jpg 768w, https:\/\/www.savoiaterme.it\/wp-content\/uploads\/2021\/09\/golf-hotel-savoia-terme-abano-1536x1024.jpg 1536w, https:\/\/www.savoiaterme.it\/wp-content\/uploads\/2021\/09\/golf-hotel-savoia-terme-abano-1568x1045.jpg 1568w, https:\/\/www.savoiaterme.it\/wp-content\/uploads\/2021\/09\/golf-hotel-savoia-terme-abano.jpg 1800w\" sizes=\"auto, (max-width: 1024px) 100vw, 1024px\" \/><\/figure>\n\n<\/div>\n<\/div><\/div>","protected":false},"excerpt":{"rendered":"","protected":false},"author":1,"featured_media":809,"parent":6578,"menu_order":0,"comment_status":"closed","ping_status":"closed","template":"","meta":{"_acf_changed":false,"advgb_blocks_editor_width":"","advgb_blocks_columns_visual_guide":"","footnotes":""},"class_list":["post-1653","page","type-page","status-publish","has-post-thumbnail","hentry","entry"],"acf":{"page_custom_gallery":null,"element_single_page":null,"second_element_single_page":null},"yoast_head":"<!-- This site is optimized with the Yoast SEO plugin v25.7 - https:\/\/yoast.com\/wordpress\/plugins\/seo\/ -->\n<title>Sport, golf &amp; co - Hotel Savoia Therm\u00e6 &amp; Spa<\/title>\n<meta name=\"description\" content=\"Bouger, se sentir bien et s&#039;amuser, en plein air, dans les Collines vertes de Abano Terme!\" \/>\n<meta name=\"robots\" content=\"index, follow, max-snippet:-1, max-image-preview:large, max-video-preview:-1\" \/>\n<link rel=\"canonical\" href=\"https:\/\/www.savoiaterme.it\/fr\/hotel\/activites\/sport-golf-co\/\" \/>\n<meta property=\"og:locale\" content=\"fr_FR\" \/>\n<meta property=\"og:type\" content=\"article\" \/>\n<meta property=\"og:title\" content=\"Sport, golf &amp; co - Hotel Savoia Therm\u00e6 &amp; Spa\" \/>\n<meta property=\"og:description\" content=\"Bouger, se sentir bien et s&#039;amuser, en plein air, dans les Collines vertes de Abano Terme!\" \/>\n<meta property=\"og:url\" content=\"https:\/\/www.savoiaterme.it\/fr\/hotel\/activites\/sport-golf-co\/\" \/>\n<meta property=\"og:site_name\" content=\"Hotel Savoia Therm\u00e6 &amp; Spa\" \/>\n<meta property=\"article:modified_time\" content=\"2022-10-14T09:56:20+00:00\" \/>\n<meta property=\"og:image\" content=\"https:\/\/www.savoiaterme.it\/wp-content\/uploads\/2021\/09\/golf-e-sport-hotel-savoia-terme-abano.jpg\" \/>\n\t<meta property=\"og:image:width\" content=\"2000\" \/>\n\t<meta property=\"og:image:height\" content=\"714\" \/>\n\t<meta property=\"og:image:type\" content=\"image\/jpeg\" \/>\n<meta name=\"twitter:card\" content=\"summary_large_image\" \/>\n<meta name=\"twitter:label1\" content=\"Dur\u00e9e de lecture estim\u00e9e\" \/>\n\t<meta name=\"twitter:data1\" content=\"2 minutes\" \/>\n<script type=\"application\/ld+json\" class=\"yoast-schema-graph\">{\"@context\":\"https:\/\/schema.org\",\"@graph\":[{\"@type\":\"WebPage\",\"@id\":\"https:\/\/www.savoiaterme.it\/fr\/hotel\/activites\/sport-golf-co\/\",\"url\":\"https:\/\/www.savoiaterme.it\/fr\/hotel\/activites\/sport-golf-co\/\",\"name\":\"Sport, golf & co - Hotel Savoia Therm\u00e6 &amp; Spa\",\"isPartOf\":{\"@id\":\"https:\/\/www.savoiaterme.it\/fr\/#website\"},\"primaryImageOfPage\":{\"@id\":\"https:\/\/www.savoiaterme.it\/fr\/hotel\/activites\/sport-golf-co\/#primaryimage\"},\"image\":{\"@id\":\"https:\/\/www.savoiaterme.it\/fr\/hotel\/activites\/sport-golf-co\/#primaryimage\"},\"thumbnailUrl\":\"https:\/\/www.savoiaterme.it\/wp-content\/uploads\/2021\/09\/golf-e-sport-hotel-savoia-terme-abano.jpg\",\"datePublished\":\"2021-09-06T13:12:35+00:00\",\"dateModified\":\"2022-10-14T09:56:20+00:00\",\"description\":\"Bouger, se sentir bien et s'amuser, en plein air, dans les Collines vertes de Abano Terme!\",\"breadcrumb\":{\"@id\":\"https:\/\/www.savoiaterme.it\/fr\/hotel\/activites\/sport-golf-co\/#breadcrumb\"},\"inLanguage\":\"fr-FR\",\"potentialAction\":[{\"@type\":\"ReadAction\",\"target\":[\"https:\/\/www.savoiaterme.it\/fr\/hotel\/activites\/sport-golf-co\/\"]}]},{\"@type\":\"ImageObject\",\"inLanguage\":\"fr-FR\",\"@id\":\"https:\/\/www.savoiaterme.it\/fr\/hotel\/activites\/sport-golf-co\/#primaryimage\",\"url\":\"https:\/\/www.savoiaterme.it\/wp-content\/uploads\/2021\/09\/golf-e-sport-hotel-savoia-terme-abano.jpg\",\"contentUrl\":\"https:\/\/www.savoiaterme.it\/wp-content\/uploads\/2021\/09\/golf-e-sport-hotel-savoia-terme-abano.jpg\",\"width\":2000,\"height\":714,\"caption\":\"Close up of golf ball on a tee with golf club on the fairway.\"},{\"@type\":\"BreadcrumbList\",\"@id\":\"https:\/\/www.savoiaterme.it\/fr\/hotel\/activites\/sport-golf-co\/#breadcrumb\",\"itemListElement\":[{\"@type\":\"ListItem\",\"position\":1,\"name\":\"\",\"item\":\"https:\/\/www.savoiaterme.it\/fr\/\"},{\"@type\":\"ListItem\",\"position\":2,\"name\":\"H\u00f4tel Savoia Therm\u00e6 &amp; Spa\",\"item\":\"https:\/\/www.savoiaterme.it\/fr\/hotel\/\"},{\"@type\":\"ListItem\",\"position\":3,\"name\":\"Activit\u00e9s\",\"item\":\"https:\/\/www.savoiaterme.it\/fr\/hotel\/activites\/\"},{\"@type\":\"ListItem\",\"position\":4,\"name\":\"Sport, golf &#038; co\"}]},{\"@type\":\"WebSite\",\"@id\":\"https:\/\/www.savoiaterme.it\/fr\/#website\",\"url\":\"https:\/\/www.savoiaterme.it\/fr\/\",\"name\":\"Hotel Savoia Therm\u00e6 &amp; Spa\",\"description\":\"ABANO TERME\",\"potentialAction\":[{\"@type\":\"SearchAction\",\"target\":{\"@type\":\"EntryPoint\",\"urlTemplate\":\"https:\/\/www.savoiaterme.it\/fr\/?s={search_term_string}\"},\"query-input\":{\"@type\":\"PropertyValueSpecification\",\"valueRequired\":true,\"valueName\":\"search_term_string\"}}],\"inLanguage\":\"fr-FR\"}]}<\/script>\n<!-- \/ Yoast SEO plugin. -->","yoast_head_json":{"title":"Sport, golf & co - Hotel Savoia Therm\u00e6 &amp; Spa","description":"Bouger, se sentir bien et s'amuser, en plein air, dans les Collines vertes de Abano Terme!","robots":{"index":"index","follow":"follow","max-snippet":"max-snippet:-1","max-image-preview":"max-image-preview:large","max-video-preview":"max-video-preview:-1"},"canonical":"https:\/\/www.savoiaterme.it\/fr\/hotel\/activites\/sport-golf-co\/","og_locale":"fr_FR","og_type":"article","og_title":"Sport, golf & co - Hotel Savoia Therm\u00e6 &amp; Spa","og_description":"Bouger, se sentir bien et s'amuser, en plein air, dans les Collines vertes de Abano Terme!","og_url":"https:\/\/www.savoiaterme.it\/fr\/hotel\/activites\/sport-golf-co\/","og_site_name":"Hotel Savoia Therm\u00e6 &amp; Spa","article_modified_time":"2022-10-14T09:56:20+00:00","og_image":[{"width":2000,"height":714,"url":"https:\/\/www.savoiaterme.it\/wp-content\/uploads\/2021\/09\/golf-e-sport-hotel-savoia-terme-abano.jpg","type":"image\/jpeg"}],"twitter_card":"summary_large_image","twitter_misc":{"Dur\u00e9e de lecture estim\u00e9e":"2 minutes"},"schema":{"@context":"https:\/\/schema.org","@graph":[{"@type":"WebPage","@id":"https:\/\/www.savoiaterme.it\/fr\/hotel\/activites\/sport-golf-co\/","url":"https:\/\/www.savoiaterme.it\/fr\/hotel\/activites\/sport-golf-co\/","name":"Sport, golf & co - Hotel Savoia Therm\u00e6 &amp; Spa","isPartOf":{"@id":"https:\/\/www.savoiaterme.it\/fr\/#website"},"primaryImageOfPage":{"@id":"https:\/\/www.savoiaterme.it\/fr\/hotel\/activites\/sport-golf-co\/#primaryimage"},"image":{"@id":"https:\/\/www.savoiaterme.it\/fr\/hotel\/activites\/sport-golf-co\/#primaryimage"},"thumbnailUrl":"https:\/\/www.savoiaterme.it\/wp-content\/uploads\/2021\/09\/golf-e-sport-hotel-savoia-terme-abano.jpg","datePublished":"2021-09-06T13:12:35+00:00","dateModified":"2022-10-14T09:56:20+00:00","description":"Bouger, se sentir bien et s'amuser, en plein air, dans les Collines vertes de Abano Terme!","breadcrumb":{"@id":"https:\/\/www.savoiaterme.it\/fr\/hotel\/activites\/sport-golf-co\/#breadcrumb"},"inLanguage":"fr-FR","potentialAction":[{"@type":"ReadAction","target":["https:\/\/www.savoiaterme.it\/fr\/hotel\/activites\/sport-golf-co\/"]}]},{"@type":"ImageObject","inLanguage":"fr-FR","@id":"https:\/\/www.savoiaterme.it\/fr\/hotel\/activites\/sport-golf-co\/#primaryimage","url":"https:\/\/www.savoiaterme.it\/wp-content\/uploads\/2021\/09\/golf-e-sport-hotel-savoia-terme-abano.jpg","contentUrl":"https:\/\/www.savoiaterme.it\/wp-content\/uploads\/2021\/09\/golf-e-sport-hotel-savoia-terme-abano.jpg","width":2000,"height":714,"caption":"Close up of golf ball on a tee with golf club on the fairway."},{"@type":"BreadcrumbList","@id":"https:\/\/www.savoiaterme.it\/fr\/hotel\/activites\/sport-golf-co\/#breadcrumb","itemListElement":[{"@type":"ListItem","position":1,"name":"","item":"https:\/\/www.savoiaterme.it\/fr\/"},{"@type":"ListItem","position":2,"name":"H\u00f4tel Savoia Therm\u00e6 &amp; Spa","item":"https:\/\/www.savoiaterme.it\/fr\/hotel\/"},{"@type":"ListItem","position":3,"name":"Activit\u00e9s","item":"https:\/\/www.savoiaterme.it\/fr\/hotel\/activites\/"},{"@type":"ListItem","position":4,"name":"Sport, golf &#038; co"}]},{"@type":"WebSite","@id":"https:\/\/www.savoiaterme.it\/fr\/#website","url":"https:\/\/www.savoiaterme.it\/fr\/","name":"Hotel Savoia Therm\u00e6 &amp; Spa","description":"ABANO TERME","potentialAction":[{"@type":"SearchAction","target":{"@type":"EntryPoint","urlTemplate":"https:\/\/www.savoiaterme.it\/fr\/?s={search_term_string}"},"query-input":{"@type":"PropertyValueSpecification","valueRequired":true,"valueName":"search_term_string"}}],"inLanguage":"fr-FR"}]}},"coauthors":[],"author_meta":{"author_link":"https:\/\/www.savoiaterme.it\/fr\/author\/sav014-t3rm294k\/","display_name":"sav014-t3rm294k"},"relative_dates":{"created":"Publi\u00e9 5 ans il y a","modified":"Mis \u00e0 jour 4 ans il y a"},"absolute_dates":{"created":"Publi\u00e9 le septembre 6, 2021","modified":"Mise \u00e0 jour le octobre 14, 2022"},"absolute_dates_time":{"created":"Publi\u00e9 le septembre 6, 2021 3:12 pm","modified":"Mise \u00e0 jour le octobre 14, 2022 11:56 am"},"featured_img_caption":"Close up of golf ball on a tee with golf club on the fairway.","featured_img":"https:\/\/www.savoiaterme.it\/wp-content\/uploads\/2021\/09\/golf-e-sport-hotel-savoia-terme-abano-1568x560.jpg","series_order":"","_links":{"self":[{"href":"https:\/\/www.savoiaterme.it\/fr\/wp-json\/wp\/v2\/pages\/1653","targetHints":{"allow":["GET"]}}],"collection":[{"href":"https:\/\/www.savoiaterme.it\/fr\/wp-json\/wp\/v2\/pages"}],"about":[{"href":"https:\/\/www.savoiaterme.it\/fr\/wp-json\/wp\/v2\/types\/page"}],"author":[{"embeddable":true,"href":"https:\/\/www.savoiaterme.it\/fr\/wp-json\/wp\/v2\/users\/1"}],"replies":[{"embeddable":true,"href":"https:\/\/www.savoiaterme.it\/fr\/wp-json\/wp\/v2\/comments?post=1653"}],"version-history":[{"count":0,"href":"https:\/\/www.savoiaterme.it\/fr\/wp-json\/wp\/v2\/pages\/1653\/revisions"}],"up":[{"embeddable":true,"href":"https:\/\/www.savoiaterme.it\/fr\/wp-json\/wp\/v2\/pages\/6578"}],"wp:featuredmedia":[{"embeddable":true,"href":"https:\/\/www.savoiaterme.it\/fr\/wp-json\/wp\/v2\/media\/809"}],"wp:attachment":[{"href":"https:\/\/www.savoiaterme.it\/fr\/wp-json\/wp\/v2\/media?parent=1653"}],"curies":[{"name":"wp","href":"https:\/\/api.w.org\/{rel}","templated":true}]}}