{"id":31795,"date":"2025-11-20T10:07:29","date_gmt":"2025-11-20T09:07:29","guid":{"rendered":"https:\/\/www.savoiaterme.it\/thank-you-page-blackfriday\/"},"modified":"2025-11-20T11:37:47","modified_gmt":"2025-11-20T10:37:47","slug":"thank-you-page-blackfriday-fr","status":"publish","type":"page","link":"https:\/\/www.savoiaterme.it\/fr\/thank-you-page-blackfriday-fr\/","title":{"rendered":"F\u00e9licitations !"},"content":{"rendered":"<div  class=\"grids-section thank-you-first-row grids-is-advanced alignwide\" style=\"--_gs-gap-desktop:0px 0px;--_gs-m-desktop:0 0 0 0;--_gs-p-desktop:0 0 0 0;--_gs-bg-desktop:transparent none;--_gs-bg-xp-desktop:0px;--_gs-zi-desktop:auto;--_gs-d-desktop:block;--_gs-mw-desktop:calc(100% - 0 - 0);--_gs-gap-tablet:0px 0px;--_gs-m-tablet:0 0 0 0;--_gs-p-tablet:0 0 0 0;--_gs-bg-tablet:transparent none;--_gs-bg-xp-tablet:0px;--_gs-zi-tablet:auto;--_gs-d-tablet:block;--_gs-mw-tablet:calc(100% - 0 - 0);--_gs-gap-mobile:0px 0px;--_gs-m-mobile:0 0 0 0;--_gs-p-mobile:0 0 0 0;--_gs-bg-mobile:transparent none;--_gs-bg-xp-mobile:0px;--_gs-zi-mobile:auto;--_gs-d-mobile:block;--_gs-mw-mobile:calc(100% - 0 - 0);--_gs-columns:12;--_gs-rows:6\"><div class=\"grids-s-w_i\">\n<div class=\"grids-area\" style=\"--_ga-column:4\/10;--_ga-row:1\/7;--_ga-m-desktop:0 0 0 0;--_ga-p-desktop:0 0 0 0;--_ga-bg-desktop:transparent none;--_ga-zi-desktop:auto;--_ga-d-desktop:flex;--_ga-mw-desktop:calc(100% - 0 - 0);--_ga-m-tablet:0 0 0 0;--_ga-p-tablet:0 0 0 0;--_ga-bg-tablet:transparent none;--_ga-zi-tablet:auto;--_ga-d-tablet:flex;--_ga-mw-tablet:calc(100% - 0 - 0);--_ga-m-mobile:0 0 0 0;--_ga-p-mobile:0 0 0 0;--_ga-bg-mobile:transparent none;--_ga-zi-mobile:auto;--_ga-d-mobile:flex;--_ga-mw-mobile:calc(100% - 0 - 0)\">\n\n<h2 class=\"wp-block-heading has-text-align-center\">Veuillez v\u00e9rifier vos e-mails, y compris dans le dossier <strong><span style=\"text-decoration: underline;\">spam<\/span><\/strong> !<\/h2>\n\n\n\n<p class=\"has-text-align-center\">Pour compl\u00e9ter la surprise, consultez votre bo\u00eete e-mail : nous venons de vous envoyer un message avec tous les d\u00e9tails.<br>\ud83d\udce9 Pensez \u00e9galement \u00e0 v\u00e9rifier le dossier <strong>spam ou promotions.<\/strong><\/p>\n\n\n\n<p class=\"has-text-align-center\">Merci d\u2019avoir jou\u00e9 avec nous \u2014 et d\u00e9tendez-vous bien !<\/p>\n\n<\/div>\n<\/div><\/div>","protected":false},"excerpt":{"rendered":"","protected":false},"author":18,"featured_media":31454,"parent":0,"menu_order":0,"comment_status":"closed","ping_status":"closed","template":"","meta":{"_acf_changed":false,"advgb_blocks_editor_width":"","advgb_blocks_columns_visual_guide":"","footnotes":""},"class_list":["post-31795","page","type-page","status-publish","has-post-thumbnail","hentry","entry"],"acf":{"page_custom_gallery":null,"element_single_page":null,"second_element_single_page":null},"yoast_head":"<!-- This site is optimized with the Yoast SEO plugin v25.7 - https:\/\/yoast.com\/wordpress\/plugins\/seo\/ -->\n<title>F\u00e9licitations ! - Hotel Savoia Therm\u00e6 &amp; Spa<\/title>\n<meta name=\"robots\" content=\"index, follow, max-snippet:-1, max-image-preview:large, max-video-preview:-1\" \/>\n<link rel=\"canonical\" href=\"https:\/\/www.savoiaterme.it\/fr\/thank-you-page-blackfriday-fr\/\" \/>\n<meta property=\"og:locale\" content=\"fr_FR\" \/>\n<meta property=\"og:type\" content=\"article\" \/>\n<meta property=\"og:title\" content=\"F\u00e9licitations ! - Hotel Savoia Therm\u00e6 &amp; Spa\" \/>\n<meta property=\"og:url\" content=\"https:\/\/www.savoiaterme.it\/fr\/thank-you-page-blackfriday-fr\/\" \/>\n<meta property=\"og:site_name\" content=\"Hotel Savoia Therm\u00e6 &amp; Spa\" \/>\n<meta property=\"article:modified_time\" content=\"2025-11-20T10:37:47+00:00\" \/>\n<meta property=\"og:image\" content=\"https:\/\/www.savoiaterme.it\/wp-content\/uploads\/2025\/10\/banner-black-friday.jpg\" \/>\n\t<meta property=\"og:image:width\" content=\"1024\" \/>\n\t<meta property=\"og:image:height\" content=\"708\" \/>\n\t<meta property=\"og:image:type\" content=\"image\/jpeg\" \/>\n<meta name=\"twitter:card\" content=\"summary_large_image\" \/>\n<meta name=\"twitter:label1\" content=\"Dur\u00e9e de lecture estim\u00e9e\" \/>\n\t<meta name=\"twitter:data1\" content=\"1 minute\" \/>\n<script type=\"application\/ld+json\" class=\"yoast-schema-graph\">{\"@context\":\"https:\/\/schema.org\",\"@graph\":[{\"@type\":\"WebPage\",\"@id\":\"https:\/\/www.savoiaterme.it\/fr\/thank-you-page-blackfriday-fr\/\",\"url\":\"https:\/\/www.savoiaterme.it\/fr\/thank-you-page-blackfriday-fr\/\",\"name\":\"F\u00e9licitations ! - Hotel Savoia Therm\u00e6 &amp; Spa\",\"isPartOf\":{\"@id\":\"https:\/\/www.savoiaterme.it\/fr\/#website\"},\"primaryImageOfPage\":{\"@id\":\"https:\/\/www.savoiaterme.it\/fr\/thank-you-page-blackfriday-fr\/#primaryimage\"},\"image\":{\"@id\":\"https:\/\/www.savoiaterme.it\/fr\/thank-you-page-blackfriday-fr\/#primaryimage\"},\"thumbnailUrl\":\"https:\/\/www.savoiaterme.it\/wp-content\/uploads\/2025\/10\/banner-black-friday.jpg\",\"datePublished\":\"2025-11-20T09:07:29+00:00\",\"dateModified\":\"2025-11-20T10:37:47+00:00\",\"breadcrumb\":{\"@id\":\"https:\/\/www.savoiaterme.it\/fr\/thank-you-page-blackfriday-fr\/#breadcrumb\"},\"inLanguage\":\"fr-FR\",\"potentialAction\":[{\"@type\":\"ReadAction\",\"target\":[\"https:\/\/www.savoiaterme.it\/fr\/thank-you-page-blackfriday-fr\/\"]}]},{\"@type\":\"ImageObject\",\"inLanguage\":\"fr-FR\",\"@id\":\"https:\/\/www.savoiaterme.it\/fr\/thank-you-page-blackfriday-fr\/#primaryimage\",\"url\":\"https:\/\/www.savoiaterme.it\/wp-content\/uploads\/2025\/10\/banner-black-friday.jpg\",\"contentUrl\":\"https:\/\/www.savoiaterme.it\/wp-content\/uploads\/2025\/10\/banner-black-friday.jpg\",\"width\":1024,\"height\":708},{\"@type\":\"BreadcrumbList\",\"@id\":\"https:\/\/www.savoiaterme.it\/fr\/thank-you-page-blackfriday-fr\/#breadcrumb\",\"itemListElement\":[{\"@type\":\"ListItem\",\"position\":1,\"name\":\"\",\"item\":\"https:\/\/www.savoiaterme.it\/fr\/\"},{\"@type\":\"ListItem\",\"position\":2,\"name\":\"F\u00e9licitations !\"}]},{\"@type\":\"WebSite\",\"@id\":\"https:\/\/www.savoiaterme.it\/fr\/#website\",\"url\":\"https:\/\/www.savoiaterme.it\/fr\/\",\"name\":\"Hotel Savoia Therm\u00e6 &amp; Spa\",\"description\":\"ABANO TERME\",\"potentialAction\":[{\"@type\":\"SearchAction\",\"target\":{\"@type\":\"EntryPoint\",\"urlTemplate\":\"https:\/\/www.savoiaterme.it\/fr\/?s={search_term_string}\"},\"query-input\":{\"@type\":\"PropertyValueSpecification\",\"valueRequired\":true,\"valueName\":\"search_term_string\"}}],\"inLanguage\":\"fr-FR\"}]}<\/script>\n<!-- \/ Yoast SEO plugin. -->","yoast_head_json":{"title":"F\u00e9licitations ! - Hotel Savoia Therm\u00e6 &amp; Spa","robots":{"index":"index","follow":"follow","max-snippet":"max-snippet:-1","max-image-preview":"max-image-preview:large","max-video-preview":"max-video-preview:-1"},"canonical":"https:\/\/www.savoiaterme.it\/fr\/thank-you-page-blackfriday-fr\/","og_locale":"fr_FR","og_type":"article","og_title":"F\u00e9licitations ! - Hotel Savoia Therm\u00e6 &amp; Spa","og_url":"https:\/\/www.savoiaterme.it\/fr\/thank-you-page-blackfriday-fr\/","og_site_name":"Hotel Savoia Therm\u00e6 &amp; Spa","article_modified_time":"2025-11-20T10:37:47+00:00","og_image":[{"width":1024,"height":708,"url":"https:\/\/www.savoiaterme.it\/wp-content\/uploads\/2025\/10\/banner-black-friday.jpg","type":"image\/jpeg"}],"twitter_card":"summary_large_image","twitter_misc":{"Dur\u00e9e de lecture estim\u00e9e":"1 minute"},"schema":{"@context":"https:\/\/schema.org","@graph":[{"@type":"WebPage","@id":"https:\/\/www.savoiaterme.it\/fr\/thank-you-page-blackfriday-fr\/","url":"https:\/\/www.savoiaterme.it\/fr\/thank-you-page-blackfriday-fr\/","name":"F\u00e9licitations ! - Hotel Savoia Therm\u00e6 &amp; Spa","isPartOf":{"@id":"https:\/\/www.savoiaterme.it\/fr\/#website"},"primaryImageOfPage":{"@id":"https:\/\/www.savoiaterme.it\/fr\/thank-you-page-blackfriday-fr\/#primaryimage"},"image":{"@id":"https:\/\/www.savoiaterme.it\/fr\/thank-you-page-blackfriday-fr\/#primaryimage"},"thumbnailUrl":"https:\/\/www.savoiaterme.it\/wp-content\/uploads\/2025\/10\/banner-black-friday.jpg","datePublished":"2025-11-20T09:07:29+00:00","dateModified":"2025-11-20T10:37:47+00:00","breadcrumb":{"@id":"https:\/\/www.savoiaterme.it\/fr\/thank-you-page-blackfriday-fr\/#breadcrumb"},"inLanguage":"fr-FR","potentialAction":[{"@type":"ReadAction","target":["https:\/\/www.savoiaterme.it\/fr\/thank-you-page-blackfriday-fr\/"]}]},{"@type":"ImageObject","inLanguage":"fr-FR","@id":"https:\/\/www.savoiaterme.it\/fr\/thank-you-page-blackfriday-fr\/#primaryimage","url":"https:\/\/www.savoiaterme.it\/wp-content\/uploads\/2025\/10\/banner-black-friday.jpg","contentUrl":"https:\/\/www.savoiaterme.it\/wp-content\/uploads\/2025\/10\/banner-black-friday.jpg","width":1024,"height":708},{"@type":"BreadcrumbList","@id":"https:\/\/www.savoiaterme.it\/fr\/thank-you-page-blackfriday-fr\/#breadcrumb","itemListElement":[{"@type":"ListItem","position":1,"name":"","item":"https:\/\/www.savoiaterme.it\/fr\/"},{"@type":"ListItem","position":2,"name":"F\u00e9licitations !"}]},{"@type":"WebSite","@id":"https:\/\/www.savoiaterme.it\/fr\/#website","url":"https:\/\/www.savoiaterme.it\/fr\/","name":"Hotel Savoia Therm\u00e6 &amp; Spa","description":"ABANO TERME","potentialAction":[{"@type":"SearchAction","target":{"@type":"EntryPoint","urlTemplate":"https:\/\/www.savoiaterme.it\/fr\/?s={search_term_string}"},"query-input":{"@type":"PropertyValueSpecification","valueRequired":true,"valueName":"search_term_string"}}],"inLanguage":"fr-FR"}]}},"coauthors":[],"author_meta":{"author_link":"https:\/\/www.savoiaterme.it\/fr\/author\/marco-perinel\/","display_name":"Marco Perinel"},"relative_dates":{"created":"Publi\u00e9 5 mois il y a","modified":"Mis \u00e0 jour 5 mois il y a"},"absolute_dates":{"created":"Publi\u00e9 le novembre 20, 2025","modified":"Mise \u00e0 jour le novembre 20, 2025"},"absolute_dates_time":{"created":"Publi\u00e9 le novembre 20, 2025 10:07 am","modified":"Mise \u00e0 jour le novembre 20, 2025 11:37 am"},"featured_img_caption":"","featured_img":"https:\/\/www.savoiaterme.it\/wp-content\/uploads\/2025\/10\/banner-black-friday.jpg","series_order":"","_links":{"self":[{"href":"https:\/\/www.savoiaterme.it\/fr\/wp-json\/wp\/v2\/pages\/31795","targetHints":{"allow":["GET"]}}],"collection":[{"href":"https:\/\/www.savoiaterme.it\/fr\/wp-json\/wp\/v2\/pages"}],"about":[{"href":"https:\/\/www.savoiaterme.it\/fr\/wp-json\/wp\/v2\/types\/page"}],"author":[{"embeddable":true,"href":"https:\/\/www.savoiaterme.it\/fr\/wp-json\/wp\/v2\/users\/18"}],"replies":[{"embeddable":true,"href":"https:\/\/www.savoiaterme.it\/fr\/wp-json\/wp\/v2\/comments?post=31795"}],"version-history":[{"count":4,"href":"https:\/\/www.savoiaterme.it\/fr\/wp-json\/wp\/v2\/pages\/31795\/revisions"}],"predecessor-version":[{"id":31836,"href":"https:\/\/www.savoiaterme.it\/fr\/wp-json\/wp\/v2\/pages\/31795\/revisions\/31836"}],"wp:featuredmedia":[{"embeddable":true,"href":"https:\/\/www.savoiaterme.it\/fr\/wp-json\/wp\/v2\/media\/31454"}],"wp:attachment":[{"href":"https:\/\/www.savoiaterme.it\/fr\/wp-json\/wp\/v2\/media?parent=31795"}],"curies":[{"name":"wp","href":"https:\/\/api.w.org\/{rel}","templated":true}]}}