{"id":31839,"date":"2025-11-14T15:38:44","date_gmt":"2025-11-14T14:38:44","guid":{"rendered":"https:\/\/www.savoiaterme.it\/la-cena-della-vigilia-di-natale-del-nostro-ristorante-il-savoiardo\/"},"modified":"2025-11-21T14:53:41","modified_gmt":"2025-11-21T13:53:41","slug":"diner-du-reveillon-de-noel-a-notre-ristorante-il-savoiardo","status":"publish","type":"page","link":"https:\/\/www.savoiaterme.it\/fr\/diner-du-reveillon-de-noel-a-notre-ristorante-il-savoiardo\/","title":{"rendered":"D\u00eener du R\u00e9veillon de No\u00ebl \u00e0 notre \u201cRistorante il Savoiardo\u201d"},"content":{"rendered":"<div  class=\"grids-section image-boxed-blur-background grids-is-advanced alignfull\" style=\"--_gs-gap-desktop:0px 0px;--_gs-m-desktop:0 0 0 0;--_gs-p-desktop:0 0 0 0;--_gs-bg-desktop:transparent url(https:\/\/www.savoiaterme.it\/wp-content\/uploads\/2025\/11\/immagine-pranzo-di-natale-hotel-savoia-1-.jpg) no-repeat 50% 50%  \/ cover;--_gs-bg-xp-desktop:0px;--_gs-zi-desktop:auto;--_gs-d-desktop:block;--_gs-mw-desktop:calc(100% - 0 - 0);--_gs-gap-tablet:0px 0px;--_gs-m-tablet:0 0 0 0;--_gs-p-tablet:0 0 0 0;--_gs-bg-tablet:transparent url(https:\/\/www.savoiaterme.it\/wp-content\/uploads\/2025\/11\/immagine-pranzo-di-natale-hotel-savoia-1-.jpg) no-repeat 50% 50%  \/ cover;--_gs-bg-xp-tablet:0px;--_gs-zi-tablet:auto;--_gs-d-tablet:block;--_gs-mw-tablet:calc(100% - 0 - 0);--_gs-gap-mobile:0px 0px;--_gs-m-mobile:0 0 0 0;--_gs-p-mobile:0 0 0 0;--_gs-bg-mobile:transparent url(https:\/\/www.savoiaterme.it\/wp-content\/uploads\/2025\/11\/immagine-pranzo-di-natale-hotel-savoia-1-.jpg) no-repeat 50% 50%  \/ cover;--_gs-bg-xp-mobile:0px;--_gs-zi-mobile:auto;--_gs-d-mobile:block;--_gs-mw-mobile:calc(100% - 0 - 0);--_gs-columns:12;--_gs-rows:6\"><div class=\"grids-s-w_i\">\n<div class=\"grids-area\" style=\"--_ga-column:5\/9;--_ga-row:1\/7;--_ga-m-desktop:0px 0px 0px 0px;--_ga-p-desktop:0px 50px 0px 50px;--_ga-bg-desktop:transparent none;--_ga-zi-desktop:auto;--_ga-d-desktop:flex;--_ga-mw-desktop:calc(100% - 0px - 0px);--_ga-m-tablet:0px 0px 0px 0px;--_ga-p-tablet:0px 50px 0px 50px;--_ga-bg-tablet:transparent none;--_ga-zi-tablet:auto;--_ga-d-tablet:flex;--_ga-mw-tablet:calc(100% - 0px - 0px);--_ga-m-mobile:0px 0px 0px 0px;--_ga-p-mobile:0px 20px 0px 20px;--_ga-bg-mobile:transparent none;--_ga-zi-mobile:auto;--_ga-d-mobile:flex;--_ga-mw-mobile:calc(100% - 0px - 0px)\">\n\n<div style=\"text-align: center; margin-bottom: 20px;\"><lord-icon src=\"https:\/\/cdn.lordicon.com\/uphbloed.json\" trigger=\"loop\" colors=\"primary:#F6E29F,secondary:#F6E29F\" style=\"width:100px;height:100px\">\n<\/lord-icon><\/div>\n\n\n\n<h2 class=\"wp-block-heading has-text-align-center has-text-color has-link-color wp-elements-74a4d948f8e1c9ff7548d60d0b891b0f\" style=\"color:#f6e29f\"><strong>Abano Terme, 24 d\u00e9cembre 2025<\/strong><\/h2>\n\n\n\n<p class=\"has-text-align-center has-white-color has-text-color has-link-color wp-elements-1ca68cb6b5489c65c6daad43e1c0b19c\">Une soir\u00e9e sp\u00e9ciale pour c\u00e9l\u00e9brer la magie du R\u00e9veillon avec go\u00fbt, \u00e9l\u00e9gance et atmosph\u00e8re. Notre Chef&nbsp;et son \u00e9quipe ont cr\u00e9\u00e9 un parcours gastronomique alliant tradition, cr\u00e9ativit\u00e9 et produits du terroir, accompagn\u00e9 de la s\u00e9lection de vins choisie par notre Sommelier&nbsp;<strong style=\"color:#F6E19F\">Giancarlo Dima<\/strong>.<\/p>\n\n\n\n<div style=\"text-align: center; margin-top: 5px; margin-bottom: 20px;\"><lord-icon src=\"https:\/\/cdn.lordicon.com\/hqrhprrj.json\" trigger=\"loop\" colors=\"primary:#F6E29F,secondary:#F6E29F\" style=\"width:75px;height:75px\">\n<\/lord-icon><\/div>\n\n\n\n<h3 class=\"wp-block-heading has-text-align-center has-text-color has-link-color wp-elements-e0283d05bbea52913528d310de205c9d\" style=\"color:#fff7e1;font-size:36px\"><strong>MENU<\/strong><\/h3>\n\n\n\n<p class=\"has-text-align-center has-white-color has-text-color has-link-color wp-elements-03719ed223f8e57fcd052803cb8c6174\">Le Jardin de l\u00e9gumes de saison \u2013 au buffet<\/p>\n\n\n\n<h3 class=\"wp-block-heading has-text-align-center title-margin-top has-text-color has-link-color wp-elements-41224eae0aa190a91d899d62051bdcf5\" style=\"color:#fff7e1\"><strong><strong>L\u2019ENTR\u00c9E AU CHOIX :<\/strong><\/strong><\/h3>\n\n\n\n<p class=\"has-text-align-center has-white-color has-text-color has-link-color wp-elements-946f96c024143decd7028785bcab89f1\"><strong style=\"color:#F6E19F\">La Rosette de saumon de Norv\u00e8ge<\/strong>&nbsp;cuite d\u00e9licatement avec salade ti\u00e8de de c\u00e9leri blanc, pommes de terre oranges et artichauts savoureux, le tout relev\u00e9 d&rsquo;une sauce aux tomates s\u00e9ch\u00e9es <br><br><strong style=\"color:#F6E19F\">La Petite Quiche Lorraine<\/strong>&nbsp;avec \u00e9clats de jambon cru de Norcia et fromage Bastardo del Grappa <\/p>\n\n\n\n<h3 class=\"wp-block-heading has-text-align-center title-margin-top has-text-color has-link-color wp-elements-744ab2be947a3272579ac36f6a372469\" style=\"color:#fff7e1\"><strong><strong>LES PREMIERS PLATS AU CHOIX :<\/strong><\/strong><\/h3>\n\n\n\n<p class=\"has-text-align-center has-white-color has-text-color has-link-color wp-elements-ec27a1b4a34b47655ae2631274400fb1\"><strong style=\"color:#F6E19F\">Le Riz vialone nano cr\u00e9meux au mascarpone<\/strong> avec chair de moules l\u00e9g\u00e8rement \u00e9pic\u00e9e et basilic frit<br><br><strong style=\"color:#F6E19F\">Les Fusilloni frais trafil\u00e9s au torchio avec rag\u00f9 de chianina<\/strong> coup\u00e9 au couteau et parfum\u00e9 de c\u00e8pes \u00e9minc\u00e9s<\/p>\n\n\n\n<h3 class=\"wp-block-heading has-text-align-center title-margin-top has-text-color has-link-color wp-elements-c11d169624bc1978fc1ce46e60dc75a7\" style=\"color:#fff7e1\"><strong><strong>LES PLATS PRINCIPAUX AU CHOIX :<\/strong><\/strong><\/h3>\n\n\n\n<p class=\"has-text-align-center has-white-color has-text-color has-link-color wp-elements-bc59f4ba1f42effa7cf9519f6893bfe9\"><strong style=\"color:#F6E19F\">La Brochette de coquille Saint-Jacques et gambas royale<\/strong>&nbsp;grill\u00e9e \u00e0 l\u2019huile de sapin fum\u00e9e, servie sur un lit de petits l\u00e9gumes julienne brais\u00e9s<br><br><strong style=\"color:#F6E19F\">Le Chapon farci \u00e0 la mode v\u00e9nitienne<\/strong> avec sauce aux ch\u00e2taignes et potiron, accompagn\u00e9 de pommes de terre \u00e0 la cr\u00e8me<\/p>\n\n\n\n<h3 class=\"wp-block-heading has-text-align-center title-margin-top has-text-color has-link-color wp-elements-3a5675f036503a0110e4e9c8c237498e\" style=\"color:#fff7e1\"><strong><strong>LE PR\u00c9-DESSERT<\/strong><\/strong><\/h3>\n\n\n\n<p class=\"has-text-align-center has-white-color has-text-color has-link-color wp-elements-6fe549a8b56413493dfbcebd5a526fd4\">La Douceur fra\u00eeche au verre au parfum de mandarine et copeaux de chocolat<\/p>\n\n\n\n<h3 class=\"wp-block-heading has-text-align-center title-margin-top has-text-color has-link-color wp-elements-c3146e8c855afd01f46b29ea3f043afd\" style=\"color:#fff7e1\"><strong><strong>LE DESSERT AU CHOIX :<\/strong><\/strong><\/h3>\n\n\n\n<p class=\"has-text-align-center has-white-color has-text-color has-link-color wp-elements-0057887dbf608bbf4bc3c3d3f9ec1e45\"><strong style=\"color:#F6E19F\">La D\u00e9gustation de fromages affin\u00e9s avec confitures<\/strong><br><br><strong style=\"color:#F6E19F\">La Fantaisie de fruits frais avec cr\u00e8me de mangue<\/strong><br><br><strong style=\"color:#F6E19F\">Le Classique B\u00fbche de No\u00ebl<\/strong>.<\/p>\n\n\n\n<div style=\"text-align: center; margin-top: 5px; margin-bottom: 20px;\"><lord-icon src=\"https:\/\/cdn.lordicon.com\/wfnjmoty.json\" trigger=\"loop\" colors=\"primary:#F6E29F,secondary:#F6E29F\" style=\"width:75px;height:75px\">\n<\/lord-icon><\/div>\n\n\n\n<h3 class=\"wp-block-heading has-text-align-center has-text-color has-link-color wp-elements-3ccaab86a107309e70e1514005a6c55b\" style=\"color:#fff7e1\"><strong>Les conseils de notre Sommelier<\/strong><\/h3>\n\n\n<div  class=\"grids-section grids-is-stretch\" style=\"--_gs-gap-desktop:0px 0px;--_gs-m-desktop:0 0 0 0;--_gs-p-desktop:0 0 0 0;--_gs-bg-desktop:transparent none;--_gs-bg-xp-desktop:0px;--_gs-zi-desktop:auto;--_gs-d-desktop:block;--_gs-mw-desktop:calc(100% - 0 - 0);--_gs-gap-tablet:0px 0px;--_gs-m-tablet:0 0 0 0;--_gs-p-tablet:0 0 0 0;--_gs-bg-tablet:transparent none;--_gs-bg-xp-tablet:0px;--_gs-zi-tablet:auto;--_gs-d-tablet:block;--_gs-mw-tablet:calc(100% - 0 - 0);--_gs-gap-mobile:0px 0px;--_gs-m-mobile:0 0 0 0;--_gs-p-mobile:0 0 0 0;--_gs-bg-mobile:transparent none;--_gs-bg-xp-mobile:0px;--_gs-zi-mobile:auto;--_gs-d-mobile:block;--_gs-mw-mobile:calc(100% - 0 - 0);--_gs-columns:3;--_gs-rows:1\"><div class=\"grids-s-w_i\">\n<div class=\"grids-area\" style=\"--_ga-column:1\/2;--_ga-row:1\/2;--_ga-m-desktop:0 0 0 0;--_ga-p-desktop:0 10px 0 10px;--_ga-bg-desktop:transparent none;--_ga-zi-desktop:auto;--_ga-d-desktop:flex;--_ga-mw-desktop:calc(100% - 0 - 0);--_ga-m-tablet:0 0 0 0;--_ga-p-tablet:0 10px 0 10px;--_ga-bg-tablet:transparent none;--_ga-zi-tablet:auto;--_ga-d-tablet:flex;--_ga-mw-tablet:calc(100% - 0 - 0);--_ga-m-mobile:0 0 0 0;--_ga-p-mobile:0 10px 0 10px;--_ga-bg-mobile:transparent none;--_ga-zi-mobile:auto;--_ga-d-mobile:flex;--_ga-mw-mobile:calc(100% - 0 - 0)\">\n\n<p class=\"has-white-color has-text-color has-link-color wp-elements-2195cc9b1f5aa92f3545c2f075806fbe\"><strong style=\"color:#F6E19F\">\u00ab Blancs \u00bb<\/strong><br>Soave Classico DOC \u00ab San Michele \u00bb Ca\u2018 Rugate<br>Sauvignon Collio DOC M. Felluga<\/p>\n\n<\/div>\n\n<div class=\"grids-area\" style=\"--_ga-column:2\/3;--_ga-row:1\/2;--_ga-m-desktop:0 0 0 0;--_ga-p-desktop:0 10px 0 10px;--_ga-bg-desktop:transparent none;--_ga-zi-desktop:auto;--_ga-d-desktop:flex;--_ga-mw-desktop:calc(100% - 0 - 0);--_ga-m-tablet:0 0 0 0;--_ga-p-tablet:0 10px 0 10px;--_ga-bg-tablet:transparent none;--_ga-zi-tablet:auto;--_ga-d-tablet:flex;--_ga-mw-tablet:calc(100% - 0 - 0);--_ga-m-mobile:0 0 0 0;--_ga-p-mobile:0 10px 0 10px;--_ga-bg-mobile:transparent none;--_ga-zi-mobile:auto;--_ga-d-mobile:flex;--_ga-mw-mobile:calc(100% - 0 - 0)\">\n\n<p class=\"has-white-color has-text-color has-link-color wp-elements-4937bce5f2ab6b30c44d536443e6ed15\"><strong style=\"color:#F6E19F\">\u00ab Rouges \u00bb<\/strong><br>Merlot DOC \u00ab Malter\u00e8n \u00bb Sengiari<br>Cabernet Riserva dei Colli Euganei DOC \u00ab Cecilia di Baone \u00bb Fil\u00f2 delle Vigne<\/p>\n\n<\/div>\n\n<div class=\"grids-area\" style=\"--_ga-column:3\/4;--_ga-row:1\/2;--_ga-m-desktop:0 0 0 0;--_ga-p-desktop:0 10px 0 10px;--_ga-bg-desktop:transparent none;--_ga-zi-desktop:auto;--_ga-d-desktop:flex;--_ga-mw-desktop:calc(100% - 0 - 0);--_ga-m-tablet:0 0 0 0;--_ga-p-tablet:0 10px 0 10px;--_ga-bg-tablet:transparent none;--_ga-zi-tablet:auto;--_ga-d-tablet:flex;--_ga-mw-tablet:calc(100% - 0 - 0);--_ga-m-mobile:0 0 0 0;--_ga-p-mobile:0 10px 0 10px;--_ga-bg-mobile:transparent none;--_ga-zi-mobile:auto;--_ga-d-mobile:flex;--_ga-mw-mobile:calc(100% - 0 - 0)\">\n\n<p class=\"has-white-color has-text-color has-link-color wp-elements-060a684b92a850cf75eacb12eee689ea\"><strong style=\"color:#F6E19F\">\u00ab Bulles \u00bb<\/strong><br>Prosecco Superiore di Valdobbiadene DOCG Bortolomiol Extra Dry<br>Prosecco Superiore di Valdobbiadene DOCG Foss Marai Brut<\/p>\n\n<\/div>\n<\/div><\/div>\n\n\n<h3 class=\"wp-block-heading has-text-align-center has-text-color has-link-color wp-elements-04906bc995f5d28848f4d522abaa9023\" style=\"color:#fff7e1\"><strong>Notre \u00e9quipe<\/strong><\/h3>\n\n\n\n<p class=\"has-text-align-center has-white-color has-text-color has-link-color wp-elements-db5d6feac868dbd5af1bd34ce0dc037c\">Chef de Cuisine :&nbsp;<strong style=\"color:#F6E19F\">Daniele Veronese<\/strong><br>Ma\u00eetre :&nbsp;<strong style=\"color:#F6E19F\">Cristiano Gallimberti<\/strong><br>Sommelier :&nbsp;<strong style=\"color:#F6E19F\">Giancarlo Dima<\/strong><br>Head Barman :&nbsp;<strong style=\"color:#F6E19F\">Stefano Marchioro<\/strong><\/p>\n\n\n\n<a href=\"https:\/\/www.savoiaterme.it\/fr\/fetes-dhiver-2025\/\" class=\"btn btn-center\" rel=\"noopener\">D\u00c9COUVREZ LE PROGRAMME DES F\u00caTES<\/a>\n\n<\/div>\n<\/div><\/div>","protected":false},"excerpt":{"rendered":"","protected":false},"author":26,"featured_media":31654,"parent":0,"menu_order":0,"comment_status":"closed","ping_status":"closed","template":"","meta":{"_acf_changed":false,"advgb_blocks_editor_width":"","advgb_blocks_columns_visual_guide":"","footnotes":""},"class_list":["post-31839","page","type-page","status-publish","has-post-thumbnail","hentry","entry"],"acf":{"page_custom_gallery":null,"element_single_page":null,"second_element_single_page":null},"yoast_head":"<!-- This site is optimized with the Yoast SEO plugin v25.7 - https:\/\/yoast.com\/wordpress\/plugins\/seo\/ -->\n<title>D\u00eener du R\u00e9veillon de No\u00ebl \u00e0 notre \u201cRistorante il Savoiardo\u201d - Hotel Savoia Therm\u00e6 &amp; Spa<\/title>\n<meta name=\"robots\" content=\"noindex, follow\" \/>\n<meta property=\"og:locale\" content=\"fr_FR\" \/>\n<meta property=\"og:type\" content=\"article\" \/>\n<meta property=\"og:title\" content=\"D\u00eener du R\u00e9veillon de No\u00ebl \u00e0 notre \u201cRistorante il Savoiardo\u201d - Hotel Savoia Therm\u00e6 &amp; Spa\" \/>\n<meta property=\"og:url\" content=\"https:\/\/www.savoiaterme.it\/fr\/diner-du-reveillon-de-noel-a-notre-ristorante-il-savoiardo\/\" \/>\n<meta property=\"og:site_name\" content=\"Hotel Savoia Therm\u00e6 &amp; Spa\" \/>\n<meta property=\"article:modified_time\" content=\"2025-11-21T13:53:41+00:00\" \/>\n<meta property=\"og:image\" content=\"https:\/\/www.savoiaterme.it\/wp-content\/uploads\/2025\/11\/immagine-pranzo-di-natale-hotel-savoia-1.webp\" \/>\n\t<meta property=\"og:image:width\" content=\"2000\" \/>\n\t<meta property=\"og:image:height\" content=\"1000\" \/>\n\t<meta property=\"og:image:type\" content=\"image\/webp\" \/>\n<meta name=\"twitter:card\" content=\"summary_large_image\" \/>\n<meta name=\"twitter:label1\" content=\"Dur\u00e9e de lecture estim\u00e9e\" \/>\n\t<meta name=\"twitter:data1\" content=\"2 minutes\" \/>\n<script type=\"application\/ld+json\" class=\"yoast-schema-graph\">{\"@context\":\"https:\/\/schema.org\",\"@graph\":[{\"@type\":\"WebPage\",\"@id\":\"https:\/\/www.savoiaterme.it\/fr\/diner-du-reveillon-de-noel-a-notre-ristorante-il-savoiardo\/\",\"url\":\"https:\/\/www.savoiaterme.it\/fr\/diner-du-reveillon-de-noel-a-notre-ristorante-il-savoiardo\/\",\"name\":\"D\u00eener du R\u00e9veillon de No\u00ebl \u00e0 notre \u201cRistorante il Savoiardo\u201d - Hotel Savoia Therm\u00e6 &amp; Spa\",\"isPartOf\":{\"@id\":\"https:\/\/www.savoiaterme.it\/fr\/#website\"},\"primaryImageOfPage\":{\"@id\":\"https:\/\/www.savoiaterme.it\/fr\/diner-du-reveillon-de-noel-a-notre-ristorante-il-savoiardo\/#primaryimage\"},\"image\":{\"@id\":\"https:\/\/www.savoiaterme.it\/fr\/diner-du-reveillon-de-noel-a-notre-ristorante-il-savoiardo\/#primaryimage\"},\"thumbnailUrl\":\"https:\/\/www.savoiaterme.it\/wp-content\/uploads\/2025\/11\/immagine-pranzo-di-natale-hotel-savoia-1.webp\",\"datePublished\":\"2025-11-14T14:38:44+00:00\",\"dateModified\":\"2025-11-21T13:53:41+00:00\",\"breadcrumb\":{\"@id\":\"https:\/\/www.savoiaterme.it\/fr\/diner-du-reveillon-de-noel-a-notre-ristorante-il-savoiardo\/#breadcrumb\"},\"inLanguage\":\"fr-FR\",\"potentialAction\":[{\"@type\":\"ReadAction\",\"target\":[\"https:\/\/www.savoiaterme.it\/fr\/diner-du-reveillon-de-noel-a-notre-ristorante-il-savoiardo\/\"]}]},{\"@type\":\"ImageObject\",\"inLanguage\":\"fr-FR\",\"@id\":\"https:\/\/www.savoiaterme.it\/fr\/diner-du-reveillon-de-noel-a-notre-ristorante-il-savoiardo\/#primaryimage\",\"url\":\"https:\/\/www.savoiaterme.it\/wp-content\/uploads\/2025\/11\/immagine-pranzo-di-natale-hotel-savoia-1.webp\",\"contentUrl\":\"https:\/\/www.savoiaterme.it\/wp-content\/uploads\/2025\/11\/immagine-pranzo-di-natale-hotel-savoia-1.webp\",\"width\":2000,\"height\":1000},{\"@type\":\"BreadcrumbList\",\"@id\":\"https:\/\/www.savoiaterme.it\/fr\/diner-du-reveillon-de-noel-a-notre-ristorante-il-savoiardo\/#breadcrumb\",\"itemListElement\":[{\"@type\":\"ListItem\",\"position\":1,\"name\":\"\",\"item\":\"https:\/\/www.savoiaterme.it\/fr\/\"},{\"@type\":\"ListItem\",\"position\":2,\"name\":\"D\u00eener du R\u00e9veillon de No\u00ebl \u00e0 notre \u201cRistorante il Savoiardo\u201d\"}]},{\"@type\":\"WebSite\",\"@id\":\"https:\/\/www.savoiaterme.it\/fr\/#website\",\"url\":\"https:\/\/www.savoiaterme.it\/fr\/\",\"name\":\"Hotel Savoia Therm\u00e6 &amp; Spa\",\"description\":\"ABANO TERME\",\"potentialAction\":[{\"@type\":\"SearchAction\",\"target\":{\"@type\":\"EntryPoint\",\"urlTemplate\":\"https:\/\/www.savoiaterme.it\/fr\/?s={search_term_string}\"},\"query-input\":{\"@type\":\"PropertyValueSpecification\",\"valueRequired\":true,\"valueName\":\"search_term_string\"}}],\"inLanguage\":\"fr-FR\"}]}<\/script>\n<!-- \/ Yoast SEO plugin. -->","yoast_head_json":{"title":"D\u00eener du R\u00e9veillon de No\u00ebl \u00e0 notre \u201cRistorante il Savoiardo\u201d - Hotel Savoia Therm\u00e6 &amp; Spa","robots":{"index":"noindex","follow":"follow"},"og_locale":"fr_FR","og_type":"article","og_title":"D\u00eener du R\u00e9veillon de No\u00ebl \u00e0 notre \u201cRistorante il Savoiardo\u201d - Hotel Savoia Therm\u00e6 &amp; Spa","og_url":"https:\/\/www.savoiaterme.it\/fr\/diner-du-reveillon-de-noel-a-notre-ristorante-il-savoiardo\/","og_site_name":"Hotel Savoia Therm\u00e6 &amp; Spa","article_modified_time":"2025-11-21T13:53:41+00:00","og_image":[{"width":2000,"height":1000,"url":"https:\/\/www.savoiaterme.it\/wp-content\/uploads\/2025\/11\/immagine-pranzo-di-natale-hotel-savoia-1.webp","type":"image\/webp"}],"twitter_card":"summary_large_image","twitter_misc":{"Dur\u00e9e de lecture estim\u00e9e":"2 minutes"},"schema":{"@context":"https:\/\/schema.org","@graph":[{"@type":"WebPage","@id":"https:\/\/www.savoiaterme.it\/fr\/diner-du-reveillon-de-noel-a-notre-ristorante-il-savoiardo\/","url":"https:\/\/www.savoiaterme.it\/fr\/diner-du-reveillon-de-noel-a-notre-ristorante-il-savoiardo\/","name":"D\u00eener du R\u00e9veillon de No\u00ebl \u00e0 notre \u201cRistorante il Savoiardo\u201d - Hotel Savoia Therm\u00e6 &amp; Spa","isPartOf":{"@id":"https:\/\/www.savoiaterme.it\/fr\/#website"},"primaryImageOfPage":{"@id":"https:\/\/www.savoiaterme.it\/fr\/diner-du-reveillon-de-noel-a-notre-ristorante-il-savoiardo\/#primaryimage"},"image":{"@id":"https:\/\/www.savoiaterme.it\/fr\/diner-du-reveillon-de-noel-a-notre-ristorante-il-savoiardo\/#primaryimage"},"thumbnailUrl":"https:\/\/www.savoiaterme.it\/wp-content\/uploads\/2025\/11\/immagine-pranzo-di-natale-hotel-savoia-1.webp","datePublished":"2025-11-14T14:38:44+00:00","dateModified":"2025-11-21T13:53:41+00:00","breadcrumb":{"@id":"https:\/\/www.savoiaterme.it\/fr\/diner-du-reveillon-de-noel-a-notre-ristorante-il-savoiardo\/#breadcrumb"},"inLanguage":"fr-FR","potentialAction":[{"@type":"ReadAction","target":["https:\/\/www.savoiaterme.it\/fr\/diner-du-reveillon-de-noel-a-notre-ristorante-il-savoiardo\/"]}]},{"@type":"ImageObject","inLanguage":"fr-FR","@id":"https:\/\/www.savoiaterme.it\/fr\/diner-du-reveillon-de-noel-a-notre-ristorante-il-savoiardo\/#primaryimage","url":"https:\/\/www.savoiaterme.it\/wp-content\/uploads\/2025\/11\/immagine-pranzo-di-natale-hotel-savoia-1.webp","contentUrl":"https:\/\/www.savoiaterme.it\/wp-content\/uploads\/2025\/11\/immagine-pranzo-di-natale-hotel-savoia-1.webp","width":2000,"height":1000},{"@type":"BreadcrumbList","@id":"https:\/\/www.savoiaterme.it\/fr\/diner-du-reveillon-de-noel-a-notre-ristorante-il-savoiardo\/#breadcrumb","itemListElement":[{"@type":"ListItem","position":1,"name":"","item":"https:\/\/www.savoiaterme.it\/fr\/"},{"@type":"ListItem","position":2,"name":"D\u00eener du R\u00e9veillon de No\u00ebl \u00e0 notre \u201cRistorante il Savoiardo\u201d"}]},{"@type":"WebSite","@id":"https:\/\/www.savoiaterme.it\/fr\/#website","url":"https:\/\/www.savoiaterme.it\/fr\/","name":"Hotel Savoia Therm\u00e6 &amp; Spa","description":"ABANO TERME","potentialAction":[{"@type":"SearchAction","target":{"@type":"EntryPoint","urlTemplate":"https:\/\/www.savoiaterme.it\/fr\/?s={search_term_string}"},"query-input":{"@type":"PropertyValueSpecification","valueRequired":true,"valueName":"search_term_string"}}],"inLanguage":"fr-FR"}]}},"coauthors":[],"author_meta":{"author_link":"https:\/\/www.savoiaterme.it\/fr\/author\/mattia\/","display_name":"mattia"},"relative_dates":{"created":"Publi\u00e9 5 mois il y a","modified":"Mis \u00e0 jour 5 mois il y a"},"absolute_dates":{"created":"Publi\u00e9 le novembre 14, 2025","modified":"Mise \u00e0 jour le novembre 21, 2025"},"absolute_dates_time":{"created":"Publi\u00e9 le novembre 14, 2025 3:38 pm","modified":"Mise \u00e0 jour le novembre 21, 2025 2:53 pm"},"featured_img_caption":"","featured_img":"https:\/\/www.savoiaterme.it\/wp-content\/uploads\/2025\/11\/immagine-pranzo-di-natale-hotel-savoia-1-1568x784.webp","series_order":"","_links":{"self":[{"href":"https:\/\/www.savoiaterme.it\/fr\/wp-json\/wp\/v2\/pages\/31839","targetHints":{"allow":["GET"]}}],"collection":[{"href":"https:\/\/www.savoiaterme.it\/fr\/wp-json\/wp\/v2\/pages"}],"about":[{"href":"https:\/\/www.savoiaterme.it\/fr\/wp-json\/wp\/v2\/types\/page"}],"author":[{"embeddable":true,"href":"https:\/\/www.savoiaterme.it\/fr\/wp-json\/wp\/v2\/users\/26"}],"replies":[{"embeddable":true,"href":"https:\/\/www.savoiaterme.it\/fr\/wp-json\/wp\/v2\/comments?post=31839"}],"version-history":[{"count":3,"href":"https:\/\/www.savoiaterme.it\/fr\/wp-json\/wp\/v2\/pages\/31839\/revisions"}],"predecessor-version":[{"id":31853,"href":"https:\/\/www.savoiaterme.it\/fr\/wp-json\/wp\/v2\/pages\/31839\/revisions\/31853"}],"wp:featuredmedia":[{"embeddable":true,"href":"https:\/\/www.savoiaterme.it\/fr\/wp-json\/wp\/v2\/media\/31654"}],"wp:attachment":[{"href":"https:\/\/www.savoiaterme.it\/fr\/wp-json\/wp\/v2\/media?parent=31839"}],"curies":[{"name":"wp","href":"https:\/\/api.w.org\/{rel}","templated":true}]}}