{"id":31880,"date":"2025-11-21T15:52:01","date_gmt":"2025-11-21T14:52:01","guid":{"rendered":"https:\/\/www.savoiaterme.it\/pranzo-di-natale-del-nostro-ristorante-il-savoiardo\/"},"modified":"2025-11-24T16:20:19","modified_gmt":"2025-11-24T15:20:19","slug":"dejeuner-de-noel-dans-notre-ristorante-il-savoiardo","status":"publish","type":"page","link":"https:\/\/www.savoiaterme.it\/fr\/dejeuner-de-noel-dans-notre-ristorante-il-savoiardo\/","title":{"rendered":"D\u00e9jeuner de No\u00ebl dans notre \u201cRistorante il Savoiardo\u201d"},"content":{"rendered":"<div  class=\"grids-section image-boxed-blur-background grids-is-advanced alignfull\" style=\"--_gs-gap-desktop:0px 0px;--_gs-m-desktop:0 0 0 0;--_gs-p-desktop:0 0 0 0;--_gs-bg-desktop:transparent url(https:\/\/www.savoiaterme.it\/wp-content\/uploads\/2025\/11\/immagine-pranzo-di-natale-hotel-savoia-4.jpg) no-repeat 50% 50%  \/ cover;--_gs-bg-xp-desktop:0px;--_gs-zi-desktop:auto;--_gs-d-desktop:block;--_gs-mw-desktop:calc(100% - 0 - 0);--_gs-gap-tablet:0px 0px;--_gs-m-tablet:0 0 0 0;--_gs-p-tablet:0 0 0 0;--_gs-bg-tablet:transparent url(https:\/\/www.savoiaterme.it\/wp-content\/uploads\/2025\/11\/immagine-pranzo-di-natale-hotel-savoia-4.jpg) no-repeat 50% 50%  \/ cover;--_gs-bg-xp-tablet:0px;--_gs-zi-tablet:auto;--_gs-d-tablet:block;--_gs-mw-tablet:calc(100% - 0 - 0);--_gs-gap-mobile:0px 0px;--_gs-m-mobile:0 0 0 0;--_gs-p-mobile:0 0 0 0;--_gs-bg-mobile:transparent url(https:\/\/www.savoiaterme.it\/wp-content\/uploads\/2025\/11\/immagine-pranzo-di-natale-hotel-savoia-4.jpg) no-repeat 50% 50%  \/ cover;--_gs-bg-xp-mobile:0px;--_gs-zi-mobile:auto;--_gs-d-mobile:block;--_gs-mw-mobile:calc(100% - 0 - 0);--_gs-columns:12;--_gs-rows:6\"><div class=\"grids-s-w_i\">\n<div class=\"grids-area\" style=\"--_ga-column:5\/9;--_ga-row:1\/7;--_ga-m-desktop:0px 0px 0px 0px;--_ga-p-desktop:0px 50px 0px 50px;--_ga-bg-desktop:transparent none;--_ga-zi-desktop:auto;--_ga-d-desktop:flex;--_ga-mw-desktop:calc(100% - 0px - 0px);--_ga-m-tablet:0px 0px 0px 0px;--_ga-p-tablet:0px 50px 0px 50px;--_ga-bg-tablet:transparent none;--_ga-zi-tablet:auto;--_ga-d-tablet:flex;--_ga-mw-tablet:calc(100% - 0px - 0px);--_ga-m-mobile:0px 0px 0px 0px;--_ga-p-mobile:0px 20px 0px 20px;--_ga-bg-mobile:transparent none;--_ga-zi-mobile:auto;--_ga-d-mobile:flex;--_ga-mw-mobile:calc(100% - 0px - 0px)\">\n\n<div style=\"text-align: center; margin-bottom: 20px;\"><lord-icon src=\"https:\/\/cdn.lordicon.com\/chlwdifj.json\" trigger=\"loop\" colors=\"primary:#F6E29F,secondary:#F6E29F\" style=\"width:100px;height:100px\">\n<\/lord-icon><\/div>\n\n\n\n<h2 class=\"wp-block-heading has-text-align-center has-text-color has-link-color wp-elements-8b640a653d1a52a15aabbe7f7d49dd3d\" style=\"color:#f6e29f\"><strong>Abano Terme, 25 d\u00e9cembre 2025<\/strong><\/h2>\n\n\n\n<p class=\"has-text-align-center has-white-color has-text-color has-link-color wp-elements-a609bfc90ef7c74b82d711651d5b399f\">La magie de No\u00ebl prend forme dans un d\u00e9jeuner o\u00f9 tradition, atmosph\u00e8re et saveurs du terroir s\u2019unissent harmonieusement. Notre Chef et son \u00e9quipe ont \u00e9labor\u00e9 un menu qui sublime l\u2019esprit de la f\u00eate, accompagn\u00e9 d\u2019accords soigneusement s\u00e9lectionn\u00e9s par le Sommelier&nbsp;<strong style=\"color:#F6E19F\">Giancarlo Dima<\/strong>.<\/p>\n\n\n\n<div style=\"text-align: center; margin-top: 5px; margin-bottom: 20px;\"><lord-icon src=\"https:\/\/cdn.lordicon.com\/umcbsody.json\" trigger=\"loop\" colors=\"primary:#F6E29F,secondary:#F6E29F\" style=\"width:75px;height:75px\">\n<\/lord-icon><\/div>\n\n\n\n<h3 class=\"wp-block-heading has-text-align-center has-text-color has-link-color wp-elements-e0283d05bbea52913528d310de205c9d\" style=\"color:#fff7e1;font-size:36px\"><strong>MENU<\/strong><\/h3>\n\n\n\n<p class=\"has-text-align-center has-white-color has-text-color has-link-color wp-elements-3898047e394fe6d3f2fc42ad0ceecf24\">L\u2019Ap\u00e9ritif \u00ab Chic \u00bb de No\u00ebl avec sp\u00e9cialit\u00e9s de terre et de mer<\/p>\n\n\n\n<h3 class=\"wp-block-heading has-text-align-center title-margin-top has-text-color has-link-color wp-elements-41224eae0aa190a91d899d62051bdcf5\" style=\"color:#fff7e1\"><strong><strong>L\u2019ENTR\u00c9E AU CHOIX :<\/strong><\/strong><\/h3>\n\n\n\n<p class=\"has-text-align-center has-white-color has-text-color has-link-color wp-elements-4aeab862d44b5af116af441aaeba932a\"><strong style=\"color:#F6E19F\">Le Pain Brioch\u00e9<\/strong>&nbsp;toast\u00e9 \u00e0 la po\u00eale avec du b\u0153uf marin\u00e9 \u00e0 l\u2019estragon, sauce au gorgonzola doux et *radicchio in saor* typique de V\u00e9n\u00e9tie <br><br><strong style=\"color:#F6E19F\">Le Calamar mijot\u00e9 au four<\/strong>&nbsp;farci de d\u00e9licate courge r\u00f4tie, sur petite salade de courgettes au basilic rouge <\/p>\n\n\n\n<h3 class=\"wp-block-heading has-text-align-center title-margin-top has-text-color has-link-color wp-elements-744ab2be947a3272579ac36f6a372469\" style=\"color:#fff7e1\"><strong><strong>LES PREMIERS PLATS AU CHOIX :<\/strong><\/strong><\/h3>\n\n\n\n<p class=\"has-text-align-center has-white-color has-text-color has-link-color wp-elements-fb9d81291007000471b7a26825d2d642\"><strong style=\"color:#F6E19F\">Les Perles de riz au Riesling<\/strong> avec rag\u00f9 de poires Williams confites et gouttes d\u2019huile de noix<br><br><strong style=\"color:#F6E19F\">Les Triangles de p\u00e2te fra\u00eeche<\/strong> farcis au sanglier,<br>accompagn\u00e9s d\u2019une sauce aux girolles et de poudre dor\u00e9e de Vezzena<\/p>\n\n\n\n<h3 class=\"wp-block-heading has-text-align-center title-margin-top has-text-color has-link-color wp-elements-c11d169624bc1978fc1ce46e60dc75a7\" style=\"color:#fff7e1\"><strong><strong>LES PLATS PRINCIPAUX AU CHOIX :<\/strong><\/strong><\/h3>\n\n\n\n<p class=\"has-text-align-center has-white-color has-text-color has-link-color wp-elements-994c74c616699b76e2b16482a3672598\"><strong style=\"color:#F6E19F\">L\u2019Escalope de s\u00e9riole<\/strong>&nbsp;gratin\u00e9e au pain au charbon v\u00e9g\u00e9tal sur r\u00e9duction de fumet de poisson aux petites tomates vertes, accompagn\u00e9e de pommes de terre \u00e9cras\u00e9es au safran<br><br><strong style=\"color:#F6E19F\">La Joue de b\u0153uf<\/strong> brais\u00e9e au vin rouge des Colli Euganei,<br>avec gouttes de chocolat noir sur pommes de terre dor\u00e9es<\/p>\n\n\n\n<h3 class=\"wp-block-heading has-text-align-center title-margin-top has-text-color has-link-color wp-elements-3a5675f036503a0110e4e9c8c237498e\" style=\"color:#fff7e1\"><strong><strong>LE PR\u00c9-DESSERT<\/strong><\/strong><\/h3>\n\n\n\n<p class=\"has-text-align-center has-white-color has-text-color has-link-color wp-elements-21fc5c94c9d895f7210f8299bb3a3cc2\">La Cr\u00e8me froide aux griottes avec r\u00e9duction de cr\u00e8me aigre<\/p>\n\n\n\n<h3 class=\"wp-block-heading has-text-align-center title-margin-top has-text-color has-link-color wp-elements-474fd74689b7dcc5f15d1710a7871653\" style=\"color:#fff7e1\"><strong>LE BUFFET DES P\u00c9CH\u00c9S GOURMANDS :<\/strong><\/h3>\n\n\n\n<p class=\"has-text-align-center has-white-color has-text-color has-link-color wp-elements-70347b33aa714433d3a9fd7f730c2e7a\"><strong style=\"color:#F6E19F\">Le Panettone et le Pandoro avec sauces assorties<\/strong><br><br><strong style=\"color:#F6E19F\">La Fantaisie de fruits frais<\/strong><br><br><strong style=\"color:#F6E19F\">Les D\u00e9lices de No\u00ebl<\/strong>.<\/p>\n\n\n\n<div style=\"text-align: center; margin-top: 5px; margin-bottom: 20px;\"><lord-icon src=\"https:\/\/cdn.lordicon.com\/jzbpmcci.json\" trigger=\"loop\" colors=\"primary:#F6E29F,secondary:#F6E29F\" style=\"width:75px;height:75px\">\n<\/lord-icon><\/div>\n\n\n\n<h3 class=\"wp-block-heading has-text-align-center has-text-color has-link-color wp-elements-3ccaab86a107309e70e1514005a6c55b\" style=\"color:#fff7e1\"><strong>Les conseils de notre Sommelier<\/strong><\/h3>\n\n\n<div  class=\"grids-section grids-is-stretch\" style=\"--_gs-gap-desktop:0px 0px;--_gs-m-desktop:0 0 0 0;--_gs-p-desktop:0 0 0 0;--_gs-bg-desktop:transparent none;--_gs-bg-xp-desktop:0px;--_gs-zi-desktop:auto;--_gs-d-desktop:block;--_gs-mw-desktop:calc(100% - 0 - 0);--_gs-gap-tablet:0px 0px;--_gs-m-tablet:0 0 0 0;--_gs-p-tablet:0 0 0 0;--_gs-bg-tablet:transparent none;--_gs-bg-xp-tablet:0px;--_gs-zi-tablet:auto;--_gs-d-tablet:block;--_gs-mw-tablet:calc(100% - 0 - 0);--_gs-gap-mobile:0px 0px;--_gs-m-mobile:0 0 0 0;--_gs-p-mobile:0 0 0 0;--_gs-bg-mobile:transparent none;--_gs-bg-xp-mobile:0px;--_gs-zi-mobile:auto;--_gs-d-mobile:block;--_gs-mw-mobile:calc(100% - 0 - 0);--_gs-columns:3;--_gs-rows:1\"><div class=\"grids-s-w_i\">\n<div class=\"grids-area\" style=\"--_ga-column:1\/2;--_ga-row:1\/2;--_ga-m-desktop:0 0 0 0;--_ga-p-desktop:0 10px 0 10px;--_ga-bg-desktop:transparent none;--_ga-zi-desktop:auto;--_ga-d-desktop:flex;--_ga-mw-desktop:calc(100% - 0 - 0);--_ga-m-tablet:0 0 0 0;--_ga-p-tablet:0 10px 0 10px;--_ga-bg-tablet:transparent none;--_ga-zi-tablet:auto;--_ga-d-tablet:flex;--_ga-mw-tablet:calc(100% - 0 - 0);--_ga-m-mobile:0 0 0 0;--_ga-p-mobile:0 10px 0 10px;--_ga-bg-mobile:transparent none;--_ga-zi-mobile:auto;--_ga-d-mobile:flex;--_ga-mw-mobile:calc(100% - 0 - 0)\">\n\n<p class=\"has-text-align-center has-white-color has-text-color has-link-color wp-elements-f9787b4052f1913763563747dccba807\"><strong style=\"color:#F6E19F\">\u00ab Blancs \u00bb<\/strong><br>Chardonnay dei Colli Euganei DOC \u201cSass\u00e0ra\u201d Sengiari<br>Pinot Grigio del Collio DOC Cormons<\/p>\n\n<\/div>\n\n<div class=\"grids-area\" style=\"--_ga-column:2\/3;--_ga-row:1\/2;--_ga-m-desktop:0 0 0 0;--_ga-p-desktop:0 10px 0 10px;--_ga-bg-desktop:transparent none;--_ga-zi-desktop:auto;--_ga-d-desktop:flex;--_ga-mw-desktop:calc(100% - 0 - 0);--_ga-m-tablet:0 0 0 0;--_ga-p-tablet:0 10px 0 10px;--_ga-bg-tablet:transparent none;--_ga-zi-tablet:auto;--_ga-d-tablet:flex;--_ga-mw-tablet:calc(100% - 0 - 0);--_ga-m-mobile:0 0 0 0;--_ga-p-mobile:0 10px 0 10px;--_ga-bg-mobile:transparent none;--_ga-zi-mobile:auto;--_ga-d-mobile:flex;--_ga-mw-mobile:calc(100% - 0 - 0)\">\n\n<p class=\"has-text-align-center has-white-color has-text-color has-link-color wp-elements-7f15e62d0b5ff6bcfd682014025a2eb9\"><strong style=\"color:#F6E19F\">\u00ab Rouges \u00bb<\/strong><br>Rosso dei Colli Euganei DOC \u00ab Vegro \u00bb Sengiari <br>Cabernet dei Colli Euganei DOC \u00ab Girapoggio \u00bb Zanovello<\/p>\n\n<\/div>\n\n<div class=\"grids-area\" style=\"--_ga-column:3\/4;--_ga-row:1\/2;--_ga-m-desktop:0 0 0 0;--_ga-p-desktop:0 10px 0 10px;--_ga-bg-desktop:transparent none;--_ga-zi-desktop:auto;--_ga-d-desktop:flex;--_ga-mw-desktop:calc(100% - 0 - 0);--_ga-m-tablet:0 0 0 0;--_ga-p-tablet:0 10px 0 10px;--_ga-bg-tablet:transparent none;--_ga-zi-tablet:auto;--_ga-d-tablet:flex;--_ga-mw-tablet:calc(100% - 0 - 0);--_ga-m-mobile:0 0 0 0;--_ga-p-mobile:0 10px 0 10px;--_ga-bg-mobile:transparent none;--_ga-zi-mobile:auto;--_ga-d-mobile:flex;--_ga-mw-mobile:calc(100% - 0 - 0)\">\n\n<p class=\"has-text-align-center has-white-color has-text-color has-link-color wp-elements-2dae0578452094bf09b2336c847f5cf4\"><strong style=\"color:#F6E19F\">\u00ab Bulles \u00bb<\/strong><br>Ferrari DOC Brut<br>Fior D\u2019Arancio Spumante Dolce DOCG Borin<\/p>\n\n<\/div>\n<\/div><\/div>\n\n\n<h3 class=\"wp-block-heading has-text-align-center has-text-color has-link-color wp-elements-04906bc995f5d28848f4d522abaa9023\" style=\"color:#fff7e1\"><strong>Notre \u00e9quipe<\/strong><\/h3>\n\n\n\n<p class=\"has-text-align-center has-white-color has-text-color has-link-color wp-elements-db5d6feac868dbd5af1bd34ce0dc037c\">Chef de Cuisine :&nbsp;<strong style=\"color:#F6E19F\">Daniele Veronese<\/strong><br>Ma\u00eetre :&nbsp;<strong style=\"color:#F6E19F\">Cristiano Gallimberti<\/strong><br>Sommelier :&nbsp;<strong style=\"color:#F6E19F\">Giancarlo Dima<\/strong><br>Head Barman :&nbsp;<strong style=\"color:#F6E19F\">Stefano Marchioro<\/strong><\/p>\n\n\n\n<a href=\"https:\/\/www.savoiaterme.it\/fr\/fetes-dhiver-2025\/\" class=\"btn btn-center\" rel=\"noopener\">D\u00c9COUVREZ LE PROGRAMME DES F\u00caTES<\/a>\n\n<\/div>\n<\/div><\/div>","protected":false},"excerpt":{"rendered":"","protected":false},"author":26,"featured_media":31873,"parent":0,"menu_order":0,"comment_status":"closed","ping_status":"closed","template":"","meta":{"_acf_changed":false,"advgb_blocks_editor_width":"","advgb_blocks_columns_visual_guide":"","footnotes":""},"class_list":["post-31880","page","type-page","status-publish","has-post-thumbnail","hentry","entry"],"acf":{"page_custom_gallery":null,"element_single_page":null,"second_element_single_page":null},"yoast_head":"<!-- This site is optimized with the Yoast SEO plugin v25.7 - https:\/\/yoast.com\/wordpress\/plugins\/seo\/ -->\n<title>D\u00e9jeuner de No\u00ebl dans notre \u201cRistorante il Savoiardo\u201d - Hotel Savoia Therm\u00e6 &amp; Spa<\/title>\n<meta name=\"robots\" content=\"noindex, follow\" \/>\n<meta property=\"og:locale\" content=\"fr_FR\" \/>\n<meta property=\"og:type\" content=\"article\" \/>\n<meta property=\"og:title\" content=\"D\u00e9jeuner de No\u00ebl dans notre \u201cRistorante il Savoiardo\u201d - Hotel Savoia Therm\u00e6 &amp; Spa\" \/>\n<meta property=\"og:url\" content=\"https:\/\/www.savoiaterme.it\/fr\/dejeuner-de-noel-dans-notre-ristorante-il-savoiardo\/\" \/>\n<meta property=\"og:site_name\" content=\"Hotel Savoia Therm\u00e6 &amp; Spa\" \/>\n<meta property=\"article:modified_time\" content=\"2025-11-24T15:20:19+00:00\" \/>\n<meta property=\"og:image\" content=\"https:\/\/www.savoiaterme.it\/wp-content\/uploads\/2025\/11\/immagine-di-copertina-menu-natale-2025.webp\" \/>\n\t<meta property=\"og:image:width\" content=\"2000\" \/>\n\t<meta property=\"og:image:height\" content=\"1000\" \/>\n\t<meta property=\"og:image:type\" content=\"image\/webp\" \/>\n<meta name=\"twitter:card\" content=\"summary_large_image\" \/>\n<meta name=\"twitter:label1\" content=\"Dur\u00e9e de lecture estim\u00e9e\" \/>\n\t<meta name=\"twitter:data1\" content=\"2 minutes\" \/>\n<script type=\"application\/ld+json\" class=\"yoast-schema-graph\">{\"@context\":\"https:\/\/schema.org\",\"@graph\":[{\"@type\":\"WebPage\",\"@id\":\"https:\/\/www.savoiaterme.it\/fr\/dejeuner-de-noel-dans-notre-ristorante-il-savoiardo\/\",\"url\":\"https:\/\/www.savoiaterme.it\/fr\/dejeuner-de-noel-dans-notre-ristorante-il-savoiardo\/\",\"name\":\"D\u00e9jeuner de No\u00ebl dans notre \u201cRistorante il Savoiardo\u201d - Hotel Savoia Therm\u00e6 &amp; Spa\",\"isPartOf\":{\"@id\":\"https:\/\/www.savoiaterme.it\/fr\/#website\"},\"primaryImageOfPage\":{\"@id\":\"https:\/\/www.savoiaterme.it\/fr\/dejeuner-de-noel-dans-notre-ristorante-il-savoiardo\/#primaryimage\"},\"image\":{\"@id\":\"https:\/\/www.savoiaterme.it\/fr\/dejeuner-de-noel-dans-notre-ristorante-il-savoiardo\/#primaryimage\"},\"thumbnailUrl\":\"https:\/\/www.savoiaterme.it\/wp-content\/uploads\/2025\/11\/immagine-di-copertina-menu-natale-2025.webp\",\"datePublished\":\"2025-11-21T14:52:01+00:00\",\"dateModified\":\"2025-11-24T15:20:19+00:00\",\"breadcrumb\":{\"@id\":\"https:\/\/www.savoiaterme.it\/fr\/dejeuner-de-noel-dans-notre-ristorante-il-savoiardo\/#breadcrumb\"},\"inLanguage\":\"fr-FR\",\"potentialAction\":[{\"@type\":\"ReadAction\",\"target\":[\"https:\/\/www.savoiaterme.it\/fr\/dejeuner-de-noel-dans-notre-ristorante-il-savoiardo\/\"]}]},{\"@type\":\"ImageObject\",\"inLanguage\":\"fr-FR\",\"@id\":\"https:\/\/www.savoiaterme.it\/fr\/dejeuner-de-noel-dans-notre-ristorante-il-savoiardo\/#primaryimage\",\"url\":\"https:\/\/www.savoiaterme.it\/wp-content\/uploads\/2025\/11\/immagine-di-copertina-menu-natale-2025.webp\",\"contentUrl\":\"https:\/\/www.savoiaterme.it\/wp-content\/uploads\/2025\/11\/immagine-di-copertina-menu-natale-2025.webp\",\"width\":2000,\"height\":1000},{\"@type\":\"BreadcrumbList\",\"@id\":\"https:\/\/www.savoiaterme.it\/fr\/dejeuner-de-noel-dans-notre-ristorante-il-savoiardo\/#breadcrumb\",\"itemListElement\":[{\"@type\":\"ListItem\",\"position\":1,\"name\":\"\",\"item\":\"https:\/\/www.savoiaterme.it\/fr\/\"},{\"@type\":\"ListItem\",\"position\":2,\"name\":\"D\u00e9jeuner de No\u00ebl dans notre \u201cRistorante il Savoiardo\u201d\"}]},{\"@type\":\"WebSite\",\"@id\":\"https:\/\/www.savoiaterme.it\/fr\/#website\",\"url\":\"https:\/\/www.savoiaterme.it\/fr\/\",\"name\":\"Hotel Savoia Therm\u00e6 &amp; Spa\",\"description\":\"ABANO TERME\",\"potentialAction\":[{\"@type\":\"SearchAction\",\"target\":{\"@type\":\"EntryPoint\",\"urlTemplate\":\"https:\/\/www.savoiaterme.it\/fr\/?s={search_term_string}\"},\"query-input\":{\"@type\":\"PropertyValueSpecification\",\"valueRequired\":true,\"valueName\":\"search_term_string\"}}],\"inLanguage\":\"fr-FR\"}]}<\/script>\n<!-- \/ Yoast SEO plugin. -->","yoast_head_json":{"title":"D\u00e9jeuner de No\u00ebl dans notre \u201cRistorante il Savoiardo\u201d - Hotel Savoia Therm\u00e6 &amp; Spa","robots":{"index":"noindex","follow":"follow"},"og_locale":"fr_FR","og_type":"article","og_title":"D\u00e9jeuner de No\u00ebl dans notre \u201cRistorante il Savoiardo\u201d - Hotel Savoia Therm\u00e6 &amp; Spa","og_url":"https:\/\/www.savoiaterme.it\/fr\/dejeuner-de-noel-dans-notre-ristorante-il-savoiardo\/","og_site_name":"Hotel Savoia Therm\u00e6 &amp; Spa","article_modified_time":"2025-11-24T15:20:19+00:00","og_image":[{"width":2000,"height":1000,"url":"https:\/\/www.savoiaterme.it\/wp-content\/uploads\/2025\/11\/immagine-di-copertina-menu-natale-2025.webp","type":"image\/webp"}],"twitter_card":"summary_large_image","twitter_misc":{"Dur\u00e9e de lecture estim\u00e9e":"2 minutes"},"schema":{"@context":"https:\/\/schema.org","@graph":[{"@type":"WebPage","@id":"https:\/\/www.savoiaterme.it\/fr\/dejeuner-de-noel-dans-notre-ristorante-il-savoiardo\/","url":"https:\/\/www.savoiaterme.it\/fr\/dejeuner-de-noel-dans-notre-ristorante-il-savoiardo\/","name":"D\u00e9jeuner de No\u00ebl dans notre \u201cRistorante il Savoiardo\u201d - Hotel Savoia Therm\u00e6 &amp; Spa","isPartOf":{"@id":"https:\/\/www.savoiaterme.it\/fr\/#website"},"primaryImageOfPage":{"@id":"https:\/\/www.savoiaterme.it\/fr\/dejeuner-de-noel-dans-notre-ristorante-il-savoiardo\/#primaryimage"},"image":{"@id":"https:\/\/www.savoiaterme.it\/fr\/dejeuner-de-noel-dans-notre-ristorante-il-savoiardo\/#primaryimage"},"thumbnailUrl":"https:\/\/www.savoiaterme.it\/wp-content\/uploads\/2025\/11\/immagine-di-copertina-menu-natale-2025.webp","datePublished":"2025-11-21T14:52:01+00:00","dateModified":"2025-11-24T15:20:19+00:00","breadcrumb":{"@id":"https:\/\/www.savoiaterme.it\/fr\/dejeuner-de-noel-dans-notre-ristorante-il-savoiardo\/#breadcrumb"},"inLanguage":"fr-FR","potentialAction":[{"@type":"ReadAction","target":["https:\/\/www.savoiaterme.it\/fr\/dejeuner-de-noel-dans-notre-ristorante-il-savoiardo\/"]}]},{"@type":"ImageObject","inLanguage":"fr-FR","@id":"https:\/\/www.savoiaterme.it\/fr\/dejeuner-de-noel-dans-notre-ristorante-il-savoiardo\/#primaryimage","url":"https:\/\/www.savoiaterme.it\/wp-content\/uploads\/2025\/11\/immagine-di-copertina-menu-natale-2025.webp","contentUrl":"https:\/\/www.savoiaterme.it\/wp-content\/uploads\/2025\/11\/immagine-di-copertina-menu-natale-2025.webp","width":2000,"height":1000},{"@type":"BreadcrumbList","@id":"https:\/\/www.savoiaterme.it\/fr\/dejeuner-de-noel-dans-notre-ristorante-il-savoiardo\/#breadcrumb","itemListElement":[{"@type":"ListItem","position":1,"name":"","item":"https:\/\/www.savoiaterme.it\/fr\/"},{"@type":"ListItem","position":2,"name":"D\u00e9jeuner de No\u00ebl dans notre \u201cRistorante il Savoiardo\u201d"}]},{"@type":"WebSite","@id":"https:\/\/www.savoiaterme.it\/fr\/#website","url":"https:\/\/www.savoiaterme.it\/fr\/","name":"Hotel Savoia Therm\u00e6 &amp; Spa","description":"ABANO TERME","potentialAction":[{"@type":"SearchAction","target":{"@type":"EntryPoint","urlTemplate":"https:\/\/www.savoiaterme.it\/fr\/?s={search_term_string}"},"query-input":{"@type":"PropertyValueSpecification","valueRequired":true,"valueName":"search_term_string"}}],"inLanguage":"fr-FR"}]}},"coauthors":[],"author_meta":{"author_link":"https:\/\/www.savoiaterme.it\/fr\/author\/mattia\/","display_name":"mattia"},"relative_dates":{"created":"Publi\u00e9 5 mois il y a","modified":"Mis \u00e0 jour 5 mois il y a"},"absolute_dates":{"created":"Publi\u00e9 le novembre 21, 2025","modified":"Mise \u00e0 jour le novembre 24, 2025"},"absolute_dates_time":{"created":"Publi\u00e9 le novembre 21, 2025 3:52 pm","modified":"Mise \u00e0 jour le novembre 24, 2025 4:20 pm"},"featured_img_caption":"","featured_img":"https:\/\/www.savoiaterme.it\/wp-content\/uploads\/2025\/11\/immagine-di-copertina-menu-natale-2025-1568x784.webp","series_order":"","_links":{"self":[{"href":"https:\/\/www.savoiaterme.it\/fr\/wp-json\/wp\/v2\/pages\/31880","targetHints":{"allow":["GET"]}}],"collection":[{"href":"https:\/\/www.savoiaterme.it\/fr\/wp-json\/wp\/v2\/pages"}],"about":[{"href":"https:\/\/www.savoiaterme.it\/fr\/wp-json\/wp\/v2\/types\/page"}],"author":[{"embeddable":true,"href":"https:\/\/www.savoiaterme.it\/fr\/wp-json\/wp\/v2\/users\/26"}],"replies":[{"embeddable":true,"href":"https:\/\/www.savoiaterme.it\/fr\/wp-json\/wp\/v2\/comments?post=31880"}],"version-history":[{"count":2,"href":"https:\/\/www.savoiaterme.it\/fr\/wp-json\/wp\/v2\/pages\/31880\/revisions"}],"predecessor-version":[{"id":31895,"href":"https:\/\/www.savoiaterme.it\/fr\/wp-json\/wp\/v2\/pages\/31880\/revisions\/31895"}],"wp:featuredmedia":[{"embeddable":true,"href":"https:\/\/www.savoiaterme.it\/fr\/wp-json\/wp\/v2\/media\/31873"}],"wp:attachment":[{"href":"https:\/\/www.savoiaterme.it\/fr\/wp-json\/wp\/v2\/media?parent=31880"}],"curies":[{"name":"wp","href":"https:\/\/api.w.org\/{rel}","templated":true}]}}