{"id":31979,"date":"2025-11-26T09:17:11","date_gmt":"2025-11-26T08:17:11","guid":{"rendered":"https:\/\/www.savoiaterme.it\/la-notte-di-capodanno-ristorante-il-savoiardo\/"},"modified":"2025-11-26T10:31:32","modified_gmt":"2025-11-26T09:31:32","slug":"nuit-du-nouvel-an-au-ristorante-il-savoiardo","status":"publish","type":"page","link":"https:\/\/www.savoiaterme.it\/fr\/nuit-du-nouvel-an-au-ristorante-il-savoiardo\/","title":{"rendered":"Nuit du Nouvel An au \u201cRistorante il Savoiardo\u201d"},"content":{"rendered":"<div  class=\"grids-section image-boxed-blur-background grids-is-advanced alignfull\" style=\"--_gs-gap-desktop:0px 0px;--_gs-m-desktop:0 0 0 0;--_gs-p-desktop:0 0 0 0;--_gs-bg-desktop:transparent url(https:\/\/www.savoiaterme.it\/wp-content\/uploads\/2025\/11\/immagine-capodanno-savoia-2025.webp) no-repeat 50% 50%  \/ cover;--_gs-bg-xp-desktop:0px;--_gs-zi-desktop:auto;--_gs-d-desktop:block;--_gs-mw-desktop:calc(100% - 0 - 0);--_gs-gap-tablet:0px 0px;--_gs-m-tablet:0 0 0 0;--_gs-p-tablet:0 0 0 0;--_gs-bg-tablet:transparent url(https:\/\/www.savoiaterme.it\/wp-content\/uploads\/2025\/11\/immagine-capodanno-savoia-2025.webp) no-repeat 50% 50%  \/ cover;--_gs-bg-xp-tablet:0px;--_gs-zi-tablet:auto;--_gs-d-tablet:block;--_gs-mw-tablet:calc(100% - 0 - 0);--_gs-gap-mobile:0px 0px;--_gs-m-mobile:0 0 0 0;--_gs-p-mobile:0 0 0 0;--_gs-bg-mobile:transparent url(https:\/\/www.savoiaterme.it\/wp-content\/uploads\/2025\/11\/immagine-capodanno-savoia-2025.webp) no-repeat 50% 50%  \/ cover;--_gs-bg-xp-mobile:0px;--_gs-zi-mobile:auto;--_gs-d-mobile:block;--_gs-mw-mobile:calc(100% - 0 - 0);--_gs-columns:12;--_gs-rows:6\"><div class=\"grids-s-w_i\">\n<div class=\"grids-area\" style=\"--_ga-column:5\/9;--_ga-row:1\/7;--_ga-m-desktop:0px 0px 0px 0px;--_ga-p-desktop:0px 50px 0px 50px;--_ga-bg-desktop:transparent none;--_ga-zi-desktop:auto;--_ga-d-desktop:flex;--_ga-mw-desktop:calc(100% - 0px - 0px);--_ga-m-tablet:0px 0px 0px 0px;--_ga-p-tablet:0px 50px 0px 50px;--_ga-bg-tablet:transparent none;--_ga-zi-tablet:auto;--_ga-d-tablet:flex;--_ga-mw-tablet:calc(100% - 0px - 0px);--_ga-m-mobile:0px 0px 0px 0px;--_ga-p-mobile:0px 20px 0px 20px;--_ga-bg-mobile:transparent none;--_ga-zi-mobile:auto;--_ga-d-mobile:flex;--_ga-mw-mobile:calc(100% - 0px - 0px)\">\n\n<div style=\"text-align: center; margin-bottom: 20px;\"><lord-icon src=\"https:\/\/cdn.lordicon.com\/jlgngnvz.json\" trigger=\"loop\" colors=\"primary:#F6E29F,secondary:#F6E29F\" style=\"width:100px;height:100px\">\n<\/lord-icon><\/div>\n\n\n\n<h2 class=\"wp-block-heading has-text-align-center has-text-color has-link-color wp-elements-f904fd5b16379a7d08d8e0e88301ffda\" style=\"color:#f6e29f\"><strong>Abano Terme, 31 d\u00e9cembre 2025<\/strong><\/h2>\n\n\n\n<p class=\"has-text-align-center has-white-color has-text-color has-link-color wp-elements-97716f227a5d9c15182de318be628c29\">La nuit de la Saint-Sylvestre devient une occasion de partager saveur, atmosph\u00e8re et plaisir de la bonne cuisine. Un parcours gastronomique con\u00e7u pour c\u00e9l\u00e9brer la tradition avec une touche contemporaine, dans un cadre raffin\u00e9 et festif.<\/p>\n\n\n\n<div style=\"text-align: center; margin-top: 5px; margin-bottom: 20px;\"><lord-icon src=\"https:\/\/cdn.lordicon.com\/yvgmrqny.json\" trigger=\"loop\" colors=\"primary:#F6E29F,secondary:#F6E29F\" style=\"width:75px;height:75px\">\n<\/lord-icon><\/div>\n\n\n\n<h2 class=\"wp-block-heading has-text-align-center has-text-color has-link-color wp-elements-2817dfcfbff0a29aecbb2cb6d05f3ec7\" style=\"color:#f6e29f\"><strong><strong>MENU<\/strong><\/strong><\/h2>\n\n\n\n<h3 class=\"wp-block-heading has-text-align-center has-text-color has-link-color wp-elements-35ab6be3ae80262fbdb17cb558a0d27e\" style=\"color:#fff7e1;font-size:36px\"><strong>L\u2019AP\u00c9RITIF AU BAR \u201cTHE CLUB\u201d<\/strong><\/h3>\n\n\n\n<p class=\"has-text-align-center has-white-color has-text-color has-link-color wp-elements-f8052942811d7e3e28e60f13c242bacb\">L\u2019Ap\u00e9ritif \u00ab Chic \u00bb de la Saint-Sylvestre avec sp\u00e9cialit\u00e9s de terre et de mer<\/p>\n\n\n\n<h3 class=\"wp-block-heading has-text-align-center title-margin-top has-text-color has-link-color wp-elements-6571b446dce200f32491e3ba8e7aa887\" style=\"color:#fff7e1\"><strong><strong><strong>L\u2019ENTR\u00c9E :<\/strong><\/strong><\/strong><\/h3>\n\n\n\n<p class=\"has-text-align-center has-white-color has-text-color has-link-color wp-elements-d89a27fddf0a2c993692abbcc6bacefc\"><strong style=\"color:#F6E19F\">La Petite Langouste grill\u00e9e<\/strong>&nbsp;avec sabayon sal\u00e9, servie sur lit de pousses d\u2019\u00e9pinards, artichauts croustillants et patates douces frites&nbsp;<\/p>\n\n\n\n<h3 class=\"wp-block-heading has-text-align-center title-margin-top has-text-color has-link-color wp-elements-59648a556f697b07e377775256b6569a\" style=\"color:#fff7e1\"><strong><strong><strong>LE PREMIER PLAT :<\/strong><\/strong><\/strong><\/h3>\n\n\n\n<p class=\"has-text-align-center has-white-color has-text-color has-link-color wp-elements-675e9b9b4424c06ba6708ac42484b7ed\"><strong style=\"color:#F6E19F\">Le Riz Vialone Nano<\/strong> aux fraises des bois&nbsp;avec queues de scampi marin\u00e9es \u00e0 la menthe et burrata d\u2019Andria en fins filets<\/p>\n\n\n\n<h3 class=\"wp-block-heading has-text-align-center title-margin-top has-text-color has-link-color wp-elements-4b1518ccd0a3ade392066377008f9b88\" style=\"color:#fff7e1\"><strong><strong><strong>LE PLAT PRINCIPAL DE POISSON :<\/strong><\/strong><\/strong><\/h3>\n\n\n\n<p class=\"has-text-align-center has-white-color has-text-color has-link-color wp-elements-01cc5a24bea515eeec4ca889df2b13dc\"><strong style=\"color:#F6E19F\">Le M\u00e9daillon d\u2019espadon<\/strong>&nbsp;en cro\u00fbte de pistaches de Bronte, servi sur une d\u00e9licate cr\u00e8me de betterave rouge et dressing \u00e0 l\u2019huile fum\u00e9e<\/p>\n\n\n\n<h3 class=\"wp-block-heading has-text-align-center title-margin-top has-text-color has-link-color wp-elements-170848cff83fca39bc4da5f977d044ae\" style=\"color:#fff7e1\"><strong><strong><strong>L\u2019INTERM\u00c8DE<\/strong><\/strong><\/strong><\/h3>\n\n\n\n<p class=\"has-text-align-center has-white-color has-text-color has-link-color wp-elements-c015d7db2148a652fc005fec9adb1daa\"><strong style=\"color:#F6E19F\">Le Cr\u00e9meux<\/strong>&nbsp;frais au parfum de mangue, sublim\u00e9 de quelques gouttes de Batida de Coco<\/p>\n\n\n\n<h3 class=\"wp-block-heading has-text-align-center title-margin-top has-text-color has-link-color wp-elements-d944a4d371675e28e20f7b338f264f0a\" style=\"color:#fff7e1\"><strong><strong><strong>LE PLAT PRINCIPAL DE VIANDE :<\/strong><\/strong><\/strong><\/h3>\n\n\n\n<p class=\"has-text-align-center has-white-color has-text-color has-link-color wp-elements-98bed97cf13fe155c430cfdd6bf6e82e\"><strong style=\"color:#F6E19F\">Tournedos<\/strong>&nbsp;de b\u0153uf adulte irlandais, cuisson ros\u00e9e, envelopp\u00e9 de Lardo di Colonnata, parfum\u00e9 au romarin et citron, avec \u00e9chalote brais\u00e9e et cr\u00e8me d\u2019ail noir, accompagn\u00e9 d\u2019un bonbon de pommes de terre violettes mijot\u00e9es<\/p>\n\n\n\n<h3 class=\"wp-block-heading has-text-align-center title-margin-top has-text-color has-link-color wp-elements-a51f0b6a1dd2a9e4f559fb79b4577956\" style=\"color:#fff7e1\"><strong><strong>LE DESSERT :<\/strong><\/strong><\/h3>\n\n\n\n<p class=\"has-text-align-center has-white-color has-text-color has-link-color wp-elements-6feffd09ec35a17f9ebc053e88bc83d7\"><strong style=\"color:#F6E19F\">La Perle de lait<\/strong>&nbsp;au c\u0153ur de figues et noix, enrob\u00e9e de chocolat blanc, d\u00e9pos\u00e9e sur une caresse exotique au fruit de la passion et poudre d\u2019or en souhait de douce fortune<\/p>\n\n\n\n<div style=\"text-align: center; margin-top: 5px; margin-bottom: 20px;\"><lord-icon src=\"https:\/\/cdn.lordicon.com\/aylgudyz.json\" trigger=\"loop\" colors=\"primary:#F6E29F,secondary:#F6E29F\" style=\"width:75px;height:75px\">\n<\/lord-icon><\/div>\n\n\n\n<h3 class=\"wp-block-heading has-text-align-center title-margin-top has-text-color has-link-color wp-elements-5f1c25caa1726ec74d10835ef0d89816\" style=\"color:#fff7e1\"><strong><strong><strong>00h30 \u2013 01h00 Buffet du \u00ab Bon Commencement \u00bb<\/strong><\/strong><\/strong><\/h3>\n\n\n<div  class=\"grids-section grids-is-stretch\" style=\"--_gs-gap-desktop:0px 0px;--_gs-m-desktop:0 0 0 0;--_gs-p-desktop:0 0 0 0;--_gs-bg-desktop:transparent none;--_gs-bg-xp-desktop:0px;--_gs-zi-desktop:auto;--_gs-d-desktop:none;--_gs-mw-desktop:calc(100% - 0 - 0);--_gs-gap-tablet:0px 0px;--_gs-m-tablet:0 0 0 0;--_gs-p-tablet:0 0 0 0;--_gs-bg-tablet:transparent none;--_gs-bg-xp-tablet:0px;--_gs-zi-tablet:auto;--_gs-d-tablet:none;--_gs-mw-tablet:calc(100% - 0 - 0);--_gs-gap-mobile:0px 0px;--_gs-m-mobile:0 0 0 0;--_gs-p-mobile:0 0 0 0;--_gs-bg-mobile:transparent none;--_gs-bg-xp-mobile:0px;--_gs-zi-mobile:auto;--_gs-d-mobile:none;--_gs-mw-mobile:calc(100% - 0 - 0);--_gs-columns:1;--_gs-rows:1\"><div class=\"grids-s-w_i\">\n<div class=\"grids-area\" style=\"--_ga-column:1\/2;--_ga-row:1\/2;--_ga-m-desktop:0 0 0 0;--_ga-p-desktop:0 0 0 0;--_ga-bg-desktop:transparent none;--_ga-zi-desktop:auto;--_ga-d-desktop:flex;--_ga-mw-desktop:calc(100% - 0 - 0);--_ga-m-tablet:0 0 0 0;--_ga-p-tablet:0 0 0 0;--_ga-bg-tablet:transparent none;--_ga-zi-tablet:auto;--_ga-d-tablet:flex;--_ga-mw-tablet:calc(100% - 0 - 0);--_ga-m-mobile:0 0 0 0;--_ga-p-mobile:0 0 0 0;--_ga-bg-mobile:transparent none;--_ga-zi-mobile:auto;--_ga-d-mobile:flex;--_ga-mw-mobile:calc(100% - 0 - 0)\">\n\n<h3 class=\"wp-block-heading has-text-align-center has-text-color has-link-color wp-elements-cd662ca7877e9456f77587967f4ca34b\" style=\"color:#fff7e1\"><strong>I consigli del nostro Sommelier<\/strong><\/h3>\n\n\n<div  class=\"grids-section grids-is-stretch\" style=\"--_gs-gap-desktop:0px 0px;--_gs-m-desktop:0 0 0 0;--_gs-p-desktop:0 0 0 0;--_gs-bg-desktop:transparent none;--_gs-bg-xp-desktop:0px;--_gs-zi-desktop:auto;--_gs-d-desktop:block;--_gs-mw-desktop:calc(100% - 0 - 0);--_gs-gap-tablet:0px 0px;--_gs-m-tablet:0 0 0 0;--_gs-p-tablet:0 0 0 0;--_gs-bg-tablet:transparent none;--_gs-bg-xp-tablet:0px;--_gs-zi-tablet:auto;--_gs-d-tablet:block;--_gs-mw-tablet:calc(100% - 0 - 0);--_gs-gap-mobile:0px 0px;--_gs-m-mobile:0 0 0 0;--_gs-p-mobile:0 0 0 0;--_gs-bg-mobile:transparent none;--_gs-bg-xp-mobile:0px;--_gs-zi-mobile:auto;--_gs-d-mobile:block;--_gs-mw-mobile:calc(100% - 0 - 0);--_gs-columns:3;--_gs-rows:1\"><div class=\"grids-s-w_i\">\n<div class=\"grids-area\" style=\"--_ga-column:1\/2;--_ga-row:1\/2;--_ga-m-desktop:0 0 0 0;--_ga-p-desktop:0 10px 0 10px;--_ga-bg-desktop:transparent none;--_ga-zi-desktop:auto;--_ga-d-desktop:flex;--_ga-mw-desktop:calc(100% - 0 - 0);--_ga-m-tablet:0 0 0 0;--_ga-p-tablet:0 10px 0 10px;--_ga-bg-tablet:transparent none;--_ga-zi-tablet:auto;--_ga-d-tablet:flex;--_ga-mw-tablet:calc(100% - 0 - 0);--_ga-m-mobile:0 0 0 0;--_ga-p-mobile:0 10px 0 10px;--_ga-bg-mobile:transparent none;--_ga-zi-mobile:auto;--_ga-d-mobile:flex;--_ga-mw-mobile:calc(100% - 0 - 0)\">\n\n<p class=\"has-white-color has-text-color has-link-color wp-elements-b87879be8ff9883cd881a7e282bedfc0\"><strong style=\"color:#F6E19F\">\u201eBianchi\u201c<\/strong><br>Soave Classico DOC \u201eSan Michele\u201c Ca\u2018 Rugate<br>Sauvignon Collio DOC M. Felluga<\/p>\n\n<\/div>\n\n<div class=\"grids-area\" style=\"--_ga-column:2\/3;--_ga-row:1\/2;--_ga-m-desktop:0 0 0 0;--_ga-p-desktop:0 10px 0 10px;--_ga-bg-desktop:transparent none;--_ga-zi-desktop:auto;--_ga-d-desktop:flex;--_ga-mw-desktop:calc(100% - 0 - 0);--_ga-m-tablet:0 0 0 0;--_ga-p-tablet:0 10px 0 10px;--_ga-bg-tablet:transparent none;--_ga-zi-tablet:auto;--_ga-d-tablet:flex;--_ga-mw-tablet:calc(100% - 0 - 0);--_ga-m-mobile:0 0 0 0;--_ga-p-mobile:0 10px 0 10px;--_ga-bg-mobile:transparent none;--_ga-zi-mobile:auto;--_ga-d-mobile:flex;--_ga-mw-mobile:calc(100% - 0 - 0)\">\n\n<p class=\"has-white-color has-text-color has-link-color wp-elements-f3e242949f9b61a0d9ef1aefffc7fab8\"><strong style=\"color:#F6E19F\">\u201eRossi\u201c<\/strong><br>Merlot DOC \u201eMalter\u00e8n\u201c Sengiari<br>Cabernet Riserva dei Colli Euganei DOC \u201eCecilia di Baone\u201c Fil\u00f2 delle Vigne<\/p>\n\n<\/div>\n\n<div class=\"grids-area\" style=\"--_ga-column:3\/4;--_ga-row:1\/2;--_ga-m-desktop:0 0 0 0;--_ga-p-desktop:0 10px 0 10px;--_ga-bg-desktop:transparent none;--_ga-zi-desktop:auto;--_ga-d-desktop:flex;--_ga-mw-desktop:calc(100% - 0 - 0);--_ga-m-tablet:0 0 0 0;--_ga-p-tablet:0 10px 0 10px;--_ga-bg-tablet:transparent none;--_ga-zi-tablet:auto;--_ga-d-tablet:flex;--_ga-mw-tablet:calc(100% - 0 - 0);--_ga-m-mobile:0 0 0 0;--_ga-p-mobile:0 10px 0 10px;--_ga-bg-mobile:transparent none;--_ga-zi-mobile:auto;--_ga-d-mobile:flex;--_ga-mw-mobile:calc(100% - 0 - 0)\">\n\n<p class=\"has-white-color has-text-color has-link-color wp-elements-176701754d158001a3add0a0f19f1274\"><strong style=\"color:#F6E19F\">\u201eBollicine\u201c<\/strong><br>Prosecco Superiore di Valdobbiadene DOCG Bortolomiol Extra Dry<br>Prosecco Superiore di Valdobbiadene DOCG Foss Marai Brut<\/p>\n\n<\/div>\n<\/div><\/div>\n\n\n<h3 class=\"wp-block-heading has-text-align-center has-text-color has-link-color wp-elements-01bea9dd4f3d0788c6e7a1135ffa8954\" style=\"color:#fff7e1\"><strong>Il nostro team<\/strong><\/h3>\n\n\n\n<p class=\"has-text-align-center has-white-color has-text-color has-link-color wp-elements-64cc694e6dfc6f2b980a6dea69cb282c\">Chef de Cuisine:&nbsp;<strong style=\"color:#F6E19F\">Daniele Veronese<\/strong><br>Ma\u00eetre:&nbsp;<strong style=\"color:#F6E19F\">Cristiano Gallimberti<\/strong><br>Sommelier:&nbsp;<strong style=\"color:#F6E19F\">Giancarlo Dima<\/strong><br>Head Barman:&nbsp;<strong style=\"color:#F6E19F\">Stefano Marchioro<\/strong><\/p>\n\n<\/div>\n<\/div><\/div>\n\n\n<a href=\"https:\/\/www.savoiaterme.it\/fr\/fetes-dhiver-2025\/\" class=\"btn btn-center\" rel=\"noopener\">D\u00c9COUVREZ LE PROGRAMME DES F\u00caTES<\/a>\n\n<\/div>\n<\/div><\/div>","protected":false},"excerpt":{"rendered":"","protected":false},"author":26,"featured_media":31965,"parent":0,"menu_order":0,"comment_status":"closed","ping_status":"closed","template":"","meta":{"_acf_changed":false,"advgb_blocks_editor_width":"","advgb_blocks_columns_visual_guide":"","footnotes":""},"class_list":["post-31979","page","type-page","status-publish","has-post-thumbnail","hentry","entry"],"acf":{"page_custom_gallery":null,"element_single_page":null,"second_element_single_page":null},"yoast_head":"<!-- This site is optimized with the Yoast SEO plugin v25.7 - https:\/\/yoast.com\/wordpress\/plugins\/seo\/ -->\n<title>Nuit du Nouvel An au \u201cRistorante il Savoiardo\u201d - Hotel Savoia Therm\u00e6 &amp; Spa<\/title>\n<meta name=\"robots\" content=\"noindex, follow\" \/>\n<meta property=\"og:locale\" content=\"fr_FR\" \/>\n<meta property=\"og:type\" content=\"article\" \/>\n<meta property=\"og:title\" content=\"Nuit du Nouvel An au \u201cRistorante il Savoiardo\u201d - Hotel Savoia Therm\u00e6 &amp; Spa\" \/>\n<meta property=\"og:url\" content=\"https:\/\/www.savoiaterme.it\/fr\/nuit-du-nouvel-an-au-ristorante-il-savoiardo\/\" \/>\n<meta property=\"og:site_name\" content=\"Hotel Savoia Therm\u00e6 &amp; Spa\" \/>\n<meta property=\"article:modified_time\" content=\"2025-11-26T09:31:32+00:00\" \/>\n<meta property=\"og:image\" content=\"https:\/\/www.savoiaterme.it\/wp-content\/uploads\/2025\/11\/immagine-copertina-2000x1000-capodanno-savoia-20205.webp\" \/>\n\t<meta property=\"og:image:width\" content=\"2000\" \/>\n\t<meta property=\"og:image:height\" content=\"1000\" \/>\n\t<meta property=\"og:image:type\" content=\"image\/webp\" \/>\n<meta name=\"twitter:card\" content=\"summary_large_image\" \/>\n<meta name=\"twitter:label1\" content=\"Dur\u00e9e de lecture estim\u00e9e\" \/>\n\t<meta name=\"twitter:data1\" content=\"2 minutes\" \/>\n<script type=\"application\/ld+json\" class=\"yoast-schema-graph\">{\"@context\":\"https:\/\/schema.org\",\"@graph\":[{\"@type\":\"WebPage\",\"@id\":\"https:\/\/www.savoiaterme.it\/fr\/nuit-du-nouvel-an-au-ristorante-il-savoiardo\/\",\"url\":\"https:\/\/www.savoiaterme.it\/fr\/nuit-du-nouvel-an-au-ristorante-il-savoiardo\/\",\"name\":\"Nuit du Nouvel An au \u201cRistorante il Savoiardo\u201d - Hotel Savoia Therm\u00e6 &amp; Spa\",\"isPartOf\":{\"@id\":\"https:\/\/www.savoiaterme.it\/fr\/#website\"},\"primaryImageOfPage\":{\"@id\":\"https:\/\/www.savoiaterme.it\/fr\/nuit-du-nouvel-an-au-ristorante-il-savoiardo\/#primaryimage\"},\"image\":{\"@id\":\"https:\/\/www.savoiaterme.it\/fr\/nuit-du-nouvel-an-au-ristorante-il-savoiardo\/#primaryimage\"},\"thumbnailUrl\":\"https:\/\/www.savoiaterme.it\/wp-content\/uploads\/2025\/11\/immagine-copertina-2000x1000-capodanno-savoia-20205.webp\",\"datePublished\":\"2025-11-26T08:17:11+00:00\",\"dateModified\":\"2025-11-26T09:31:32+00:00\",\"breadcrumb\":{\"@id\":\"https:\/\/www.savoiaterme.it\/fr\/nuit-du-nouvel-an-au-ristorante-il-savoiardo\/#breadcrumb\"},\"inLanguage\":\"fr-FR\",\"potentialAction\":[{\"@type\":\"ReadAction\",\"target\":[\"https:\/\/www.savoiaterme.it\/fr\/nuit-du-nouvel-an-au-ristorante-il-savoiardo\/\"]}]},{\"@type\":\"ImageObject\",\"inLanguage\":\"fr-FR\",\"@id\":\"https:\/\/www.savoiaterme.it\/fr\/nuit-du-nouvel-an-au-ristorante-il-savoiardo\/#primaryimage\",\"url\":\"https:\/\/www.savoiaterme.it\/wp-content\/uploads\/2025\/11\/immagine-copertina-2000x1000-capodanno-savoia-20205.webp\",\"contentUrl\":\"https:\/\/www.savoiaterme.it\/wp-content\/uploads\/2025\/11\/immagine-copertina-2000x1000-capodanno-savoia-20205.webp\",\"width\":2000,\"height\":1000},{\"@type\":\"BreadcrumbList\",\"@id\":\"https:\/\/www.savoiaterme.it\/fr\/nuit-du-nouvel-an-au-ristorante-il-savoiardo\/#breadcrumb\",\"itemListElement\":[{\"@type\":\"ListItem\",\"position\":1,\"name\":\"\",\"item\":\"https:\/\/www.savoiaterme.it\/fr\/\"},{\"@type\":\"ListItem\",\"position\":2,\"name\":\"Nuit du Nouvel An au \u201cRistorante il Savoiardo\u201d\"}]},{\"@type\":\"WebSite\",\"@id\":\"https:\/\/www.savoiaterme.it\/fr\/#website\",\"url\":\"https:\/\/www.savoiaterme.it\/fr\/\",\"name\":\"Hotel Savoia Therm\u00e6 &amp; Spa\",\"description\":\"ABANO TERME\",\"potentialAction\":[{\"@type\":\"SearchAction\",\"target\":{\"@type\":\"EntryPoint\",\"urlTemplate\":\"https:\/\/www.savoiaterme.it\/fr\/?s={search_term_string}\"},\"query-input\":{\"@type\":\"PropertyValueSpecification\",\"valueRequired\":true,\"valueName\":\"search_term_string\"}}],\"inLanguage\":\"fr-FR\"}]}<\/script>\n<!-- \/ Yoast SEO plugin. -->","yoast_head_json":{"title":"Nuit du Nouvel An au \u201cRistorante il Savoiardo\u201d - Hotel Savoia Therm\u00e6 &amp; Spa","robots":{"index":"noindex","follow":"follow"},"og_locale":"fr_FR","og_type":"article","og_title":"Nuit du Nouvel An au \u201cRistorante il Savoiardo\u201d - Hotel Savoia Therm\u00e6 &amp; Spa","og_url":"https:\/\/www.savoiaterme.it\/fr\/nuit-du-nouvel-an-au-ristorante-il-savoiardo\/","og_site_name":"Hotel Savoia Therm\u00e6 &amp; Spa","article_modified_time":"2025-11-26T09:31:32+00:00","og_image":[{"width":2000,"height":1000,"url":"https:\/\/www.savoiaterme.it\/wp-content\/uploads\/2025\/11\/immagine-copertina-2000x1000-capodanno-savoia-20205.webp","type":"image\/webp"}],"twitter_card":"summary_large_image","twitter_misc":{"Dur\u00e9e de lecture estim\u00e9e":"2 minutes"},"schema":{"@context":"https:\/\/schema.org","@graph":[{"@type":"WebPage","@id":"https:\/\/www.savoiaterme.it\/fr\/nuit-du-nouvel-an-au-ristorante-il-savoiardo\/","url":"https:\/\/www.savoiaterme.it\/fr\/nuit-du-nouvel-an-au-ristorante-il-savoiardo\/","name":"Nuit du Nouvel An au \u201cRistorante il Savoiardo\u201d - Hotel Savoia Therm\u00e6 &amp; Spa","isPartOf":{"@id":"https:\/\/www.savoiaterme.it\/fr\/#website"},"primaryImageOfPage":{"@id":"https:\/\/www.savoiaterme.it\/fr\/nuit-du-nouvel-an-au-ristorante-il-savoiardo\/#primaryimage"},"image":{"@id":"https:\/\/www.savoiaterme.it\/fr\/nuit-du-nouvel-an-au-ristorante-il-savoiardo\/#primaryimage"},"thumbnailUrl":"https:\/\/www.savoiaterme.it\/wp-content\/uploads\/2025\/11\/immagine-copertina-2000x1000-capodanno-savoia-20205.webp","datePublished":"2025-11-26T08:17:11+00:00","dateModified":"2025-11-26T09:31:32+00:00","breadcrumb":{"@id":"https:\/\/www.savoiaterme.it\/fr\/nuit-du-nouvel-an-au-ristorante-il-savoiardo\/#breadcrumb"},"inLanguage":"fr-FR","potentialAction":[{"@type":"ReadAction","target":["https:\/\/www.savoiaterme.it\/fr\/nuit-du-nouvel-an-au-ristorante-il-savoiardo\/"]}]},{"@type":"ImageObject","inLanguage":"fr-FR","@id":"https:\/\/www.savoiaterme.it\/fr\/nuit-du-nouvel-an-au-ristorante-il-savoiardo\/#primaryimage","url":"https:\/\/www.savoiaterme.it\/wp-content\/uploads\/2025\/11\/immagine-copertina-2000x1000-capodanno-savoia-20205.webp","contentUrl":"https:\/\/www.savoiaterme.it\/wp-content\/uploads\/2025\/11\/immagine-copertina-2000x1000-capodanno-savoia-20205.webp","width":2000,"height":1000},{"@type":"BreadcrumbList","@id":"https:\/\/www.savoiaterme.it\/fr\/nuit-du-nouvel-an-au-ristorante-il-savoiardo\/#breadcrumb","itemListElement":[{"@type":"ListItem","position":1,"name":"","item":"https:\/\/www.savoiaterme.it\/fr\/"},{"@type":"ListItem","position":2,"name":"Nuit du Nouvel An au \u201cRistorante il Savoiardo\u201d"}]},{"@type":"WebSite","@id":"https:\/\/www.savoiaterme.it\/fr\/#website","url":"https:\/\/www.savoiaterme.it\/fr\/","name":"Hotel Savoia Therm\u00e6 &amp; Spa","description":"ABANO TERME","potentialAction":[{"@type":"SearchAction","target":{"@type":"EntryPoint","urlTemplate":"https:\/\/www.savoiaterme.it\/fr\/?s={search_term_string}"},"query-input":{"@type":"PropertyValueSpecification","valueRequired":true,"valueName":"search_term_string"}}],"inLanguage":"fr-FR"}]}},"coauthors":[],"author_meta":{"author_link":"https:\/\/www.savoiaterme.it\/fr\/author\/mattia\/","display_name":"mattia"},"relative_dates":{"created":"Publi\u00e9 5 mois il y a","modified":"Mis \u00e0 jour 5 mois il y a"},"absolute_dates":{"created":"Publi\u00e9 le novembre 26, 2025","modified":"Mise \u00e0 jour le novembre 26, 2025"},"absolute_dates_time":{"created":"Publi\u00e9 le novembre 26, 2025 9:17 am","modified":"Mise \u00e0 jour le novembre 26, 2025 10:31 am"},"featured_img_caption":"","featured_img":"https:\/\/www.savoiaterme.it\/wp-content\/uploads\/2025\/11\/immagine-copertina-2000x1000-capodanno-savoia-20205-1568x784.webp","series_order":"","_links":{"self":[{"href":"https:\/\/www.savoiaterme.it\/fr\/wp-json\/wp\/v2\/pages\/31979","targetHints":{"allow":["GET"]}}],"collection":[{"href":"https:\/\/www.savoiaterme.it\/fr\/wp-json\/wp\/v2\/pages"}],"about":[{"href":"https:\/\/www.savoiaterme.it\/fr\/wp-json\/wp\/v2\/types\/page"}],"author":[{"embeddable":true,"href":"https:\/\/www.savoiaterme.it\/fr\/wp-json\/wp\/v2\/users\/26"}],"replies":[{"embeddable":true,"href":"https:\/\/www.savoiaterme.it\/fr\/wp-json\/wp\/v2\/comments?post=31979"}],"version-history":[{"count":2,"href":"https:\/\/www.savoiaterme.it\/fr\/wp-json\/wp\/v2\/pages\/31979\/revisions"}],"predecessor-version":[{"id":31992,"href":"https:\/\/www.savoiaterme.it\/fr\/wp-json\/wp\/v2\/pages\/31979\/revisions\/31992"}],"wp:featuredmedia":[{"embeddable":true,"href":"https:\/\/www.savoiaterme.it\/fr\/wp-json\/wp\/v2\/media\/31965"}],"wp:attachment":[{"href":"https:\/\/www.savoiaterme.it\/fr\/wp-json\/wp\/v2\/media?parent=31979"}],"curies":[{"name":"wp","href":"https:\/\/api.w.org\/{rel}","templated":true}]}}