{"id":33897,"date":"2026-04-07T09:31:56","date_gmt":"2026-04-07T07:31:56","guid":{"rendered":"https:\/\/www.savoiaterme.it\/pagina-nexi-pay\/"},"modified":"2026-04-13T15:50:28","modified_gmt":"2026-04-13T13:50:28","slug":"paiement-en-ligne","status":"publish","type":"page","link":"https:\/\/www.savoiaterme.it\/fr\/paiement-en-ligne\/","title":{"rendered":"Paiement en ligne"},"content":{"rendered":"<div  class=\"grids-section grids-is-advanced\" style=\"--_gs-gap-desktop:0px 0px;--_gs-m-desktop:0 0 0 0;--_gs-p-desktop:0 0 0 0;--_gs-bg-desktop:transparent none;--_gs-bg-xp-desktop:0px;--_gs-zi-desktop:auto;--_gs-d-desktop:block;--_gs-mw-desktop:calc(100% - 0 - 0);--_gs-gap-tablet:0px 0px;--_gs-m-tablet:0 0 0 0;--_gs-p-tablet:0 0 0 0;--_gs-bg-tablet:transparent none;--_gs-bg-xp-tablet:0px;--_gs-zi-tablet:auto;--_gs-d-tablet:block;--_gs-mw-tablet:calc(100% - 0 - 0);--_gs-gap-mobile:0px 0px;--_gs-m-mobile:0 0 0 0;--_gs-p-mobile:0 0 0 0;--_gs-bg-mobile:transparent none;--_gs-bg-xp-mobile:0px;--_gs-zi-mobile:auto;--_gs-d-mobile:block;--_gs-mw-mobile:calc(100% - 0 - 0);--_gs-columns:12;--_gs-rows:6\"><div class=\"grids-s-w_i\">\n<div class=\"grids-area\" style=\"--_ga-column:3\/11;--_ga-row:2\/6;--_ga-m-desktop:0 0 0 0;--_ga-p-desktop:0 0 0 0;--_ga-bg-desktop:transparent none;--_ga-zi-desktop:auto;--_ga-d-desktop:flex;--_ga-mw-desktop:calc(100% - 0 - 0);--_ga-m-tablet:0 0 0 0;--_ga-p-tablet:0 0 0 0;--_ga-bg-tablet:transparent none;--_ga-zi-tablet:auto;--_ga-d-tablet:flex;--_ga-mw-tablet:calc(100% - 0 - 0);--_ga-m-mobile:0 0 0 0;--_ga-p-mobile:0 0 0 0;--_ga-bg-mobile:transparent none;--_ga-zi-mobile:auto;--_ga-d-mobile:flex;--_ga-mw-mobile:calc(100% - 0 - 0)\">\n\n<h2 class=\"wp-block-heading\">Paiement en ligne s\u00e9curis\u00e9<\/h2>\n\n\n\n<p>Cher invit\u00e9,<\/p>\n\n\n\n<p>pour effectuer un paiement personnalis\u00e9 \u00e0 notre \u00e9tablissement, veuillez passer par notre portail de paiement s\u00e9curis\u00e9.<\/p>\n\n\n\n<p>Avant d&rsquo;effectuer la transaction, veuillez lire attentivement nos conditions de vente et notre politique de confidentialit\u00e9.<\/p>\n\n\n\n<p>Une fois le paiement effectu\u00e9, vous recevrez un avis de confirmation \u00e0 l&rsquo;adresse \u00e9lectronique indiqu\u00e9e.<\/p>\n\n\n\n<p>Nous utilisons le syst\u00e8me Nexi XPay, l&rsquo;un des principaux circuits de paiement en Italie, qui garantit des normes de s\u00e9curit\u00e9 \u00e9lev\u00e9es (PCI-DSS) et la protection des donn\u00e9es sensibles.<\/p>\n\n\n\n<h2 class=\"wp-block-heading\">Donn\u00e9es requises pour le paiement<\/h2>\n\n\n\n<p>Veuillez remplir les champs requis pour proc\u00e9der au paiement s\u00e9curis\u00e9.<\/p>\n\n\n\n<ul class=\"wp-block-list\">\n<li>Indiquez le num\u00e9ro de r\u00e9servation ou un motif de paiement<\/li>\n\n\n\n<li>Saisissez le montant en euros (par exemple 100 ou 100,50).<\/li>\n<\/ul>\n\n\n\n<div style=\"height:50px\" aria-hidden=\"true\" class=\"wp-block-spacer\"><\/div>\n\n\n\t\t<form method=\"post\" action=\"https:\/\/www.savoiaterme.it\/wp-admin\/admin-post.php\" class=\"nexi-xpay-form\" novalidate>\n\t\t\t<input type=\"hidden\" name=\"action\" value=\"nexi_xpay_start_payment\">\n\t\t\t<input type=\"hidden\" id=\"nexi_xpay_nonce\" name=\"nexi_xpay_nonce\" value=\"f8b41f0ecf\" \/><input type=\"hidden\" name=\"_wp_http_referer\" value=\"\/fr\/wp-json\/wp\/v2\/pages\/33897\" \/>\n\t\t\t<p>\n\t\t\t\t<label for=\"snp_first_name\">Nom *<\/label>\n\t\t\t\t<input type=\"text\" id=\"snp_first_name\" name=\"first_name\" required>\n\t\t\t<\/p>\n\n\t\t\t<p>\n\t\t\t\t<label for=\"snp_last_name\">Pr\u00e9nom *<\/label>\n\t\t\t\t<input type=\"text\" id=\"snp_last_name\" name=\"last_name\" required>\n\t\t\t<\/p>\n\n\t\t\t<p>\n\t\t\t\t<label for=\"snp_email\">E-mail *<\/label>\n\t\t\t\t<input type=\"email\" id=\"snp_email\" name=\"email\" required>\n\t\t\t<\/p>\n\n\t\t\t<p>\n\t\t\t\t<label for=\"snp_booking_reference\">Num\u00e9ro de r\u00e9servation \/ motif *<\/label>\n\t\t\t\t<input type=\"text\" id=\"snp_booking_reference\" name=\"booking_reference\" required>\n\t\t\t<\/p>\n\t\t\t\n\t\t\t<p>\n\t\t\t\t<label for=\"snp_amount\">Montant en euros *<\/label>\n\t\t\t\t<input type=\"text\" id=\"snp_amount\" name=\"amount\" required placeholder=\"Es. 100 oppure 100,50\" inputmode=\"decimal\">\n\t\t\t<\/p>\n\n\t\t\t<p>\n\t\t\t\t<label>\n\t\t\t\t\t<input type=\"checkbox\" name=\"privacy_accept\" value=\"1\" required>\n\t\t\t\t\tJe d\u00e9clare avoir lu la <a href=\"https:\/\/www.savoiaterme.it\/fr\/privacy-policy\/\" target=\"_blank\" rel=\"noopener noreferrer\">Politique de confidentialit\u00e9<\/a>.\t\t\t\t<\/label>\n\t\t\t<\/p>\n\n\t\t\t<p>\n\t\t\t\t<label>\n\t\t\t\t\t<input type=\"checkbox\" name=\"terms_accept\" value=\"1\" required>\n\t\t\t\t\tJe d\u00e9clare avoir lu les <a href=\"https:\/\/www.savoiaterme.it\/fr\/conditions-generales-dutilisation\/\" target=\"_blank\" rel=\"noopener noreferrer\">Conditions g\u00e9n\u00e9rales de vente<\/a>.\t\t\t\t<\/label>\n\t\t\t<\/p>\n\n\t\t\t<p>\n\t\t\t\t<button type=\"submit\">Passez au paiement s\u00e9curis\u00e9<\/button>\n\t\t\t<\/p>\n\t\t<\/form>\n\t\t\n\n\n\n<div style=\"height:50px\" aria-hidden=\"true\" class=\"wp-block-spacer\"><\/div>\n\n\n\n<h3 class=\"wp-block-heading\">Informations utiles<\/h3>\n\n\n\n<h4 class=\"wp-block-heading\">M\u00e9thodes accept\u00e9es<\/h4>\n\n\n\n<p>Toutes les principales cartes de cr\u00e9dit et de d\u00e9bit.<\/p>\n\n\n\n<h4 class=\"wp-block-heading\">S\u00e9curit\u00e9<\/h4>\n\n\n\n<p>La transaction s&rsquo;effectue sur les serveurs crypt\u00e9s de Nexi ; aucune information relative \u00e0 la carte n&rsquo;est stock\u00e9e dans nos locaux.<\/p>\n\n\n\n<h4 class=\"wp-block-heading\">Assistance<\/h4>\n\n\n\n<p>En cas de besoin, notre bureau de r\u00e9servation est \u00e0 votre disposition.<\/p>\n\n\n\n<h4 class=\"wp-block-heading\">Note<\/h4>\n\n\n\n<p>En cliquant sur \u00ab\u00a0Proc\u00e9der au paiement s\u00e9curis\u00e9\u00a0\u00bb, vous serez redirig\u00e9 vers la page s\u00e9curis\u00e9e de Nexi pour terminer la transaction.<\/p>\n\n<\/div>\n<\/div><\/div>\n\n\n\n<style class=\"advgb-styles-renderer\">\n.nexi-xpay-form {\n  max-width: 500px;\n  margin: 0;\n}\n\n.nexi-xpay-form p {\n  margin-bottom: 25px;\n   font-family: \"DM Sans\", Sans-serif;\ntext-align:left!important;\n}\n\n.nexi-xpay-form label {\n  font-weight: 600;\n  display: block;\n  margin-bottom: 10px;\n   font-family: \"DM Sans\", Sans-serif;\n}\n\n.nexi-xpay-form input[type=\"text\"],\n.nexi-xpay-form input[type=\"email\"] {\n  width: 100%;\n  padding: 10px;\n  border: 1px solid #ccc;\n  border-radius: 6px;\n   font-family: \"DM Sans\", Sans-serif;\n}\n\n.nexi-xpay-form button {\nmargin:0!important;\n    margin-top:30px!important;\nbackground-color: #86267A!important;\n    font-family: \"DM Sans\", Sans-serif;\n    font-size: 16px;\n    font-weight: 700;\n    text-transform: uppercase;\n    fill: #FFFFFF;\n    color: #FFFFFF;\n    border-color: #86267A;\n    border-style: solid;\n    border-width: 1px 1px 1px 1px;\n    border-radius: 0px 0px 0px 0px;\n    padding: 15px 20px 15px 20px;\n  cursor: pointer;\n}\n\n.nexi-xpay-form button:hover {\n  background-color: #FFFFFF!important;\n    color: #86267A!important;\n}\n<\/style>","protected":false},"excerpt":{"rendered":"","protected":false},"author":29,"featured_media":0,"parent":0,"menu_order":0,"comment_status":"closed","ping_status":"closed","template":"","meta":{"_acf_changed":false,"advgb_blocks_editor_width":"","advgb_blocks_columns_visual_guide":"","footnotes":""},"class_list":["post-33897","page","type-page","status-publish","hentry","entry"],"acf":{"page_custom_gallery":null,"element_single_page":null,"second_element_single_page":null},"yoast_head":"<!-- This site is optimized with the Yoast SEO plugin v25.7 - https:\/\/yoast.com\/wordpress\/plugins\/seo\/ -->\n<title>Paiement en ligne - Hotel Savoia Therm\u00e6 &amp; Spa<\/title>\n<meta name=\"robots\" content=\"index, follow, max-snippet:-1, max-image-preview:large, max-video-preview:-1\" \/>\n<link rel=\"canonical\" href=\"https:\/\/www.savoiaterme.it\/fr\/paiement-en-ligne\/\" \/>\n<meta property=\"og:locale\" content=\"fr_FR\" \/>\n<meta property=\"og:type\" content=\"article\" \/>\n<meta property=\"og:title\" content=\"Paiement en ligne - Hotel Savoia Therm\u00e6 &amp; Spa\" \/>\n<meta property=\"og:url\" content=\"https:\/\/www.savoiaterme.it\/fr\/paiement-en-ligne\/\" \/>\n<meta property=\"og:site_name\" content=\"Hotel Savoia Therm\u00e6 &amp; Spa\" \/>\n<meta property=\"article:modified_time\" content=\"2026-04-13T13:50:28+00:00\" \/>\n<meta name=\"twitter:card\" content=\"summary_large_image\" \/>\n<meta name=\"twitter:label1\" content=\"Dur\u00e9e de lecture estim\u00e9e\" \/>\n\t<meta name=\"twitter:data1\" content=\"1 minute\" \/>\n<script type=\"application\/ld+json\" class=\"yoast-schema-graph\">{\"@context\":\"https:\/\/schema.org\",\"@graph\":[{\"@type\":\"WebPage\",\"@id\":\"https:\/\/www.savoiaterme.it\/fr\/paiement-en-ligne\/\",\"url\":\"https:\/\/www.savoiaterme.it\/fr\/paiement-en-ligne\/\",\"name\":\"Paiement en ligne - Hotel Savoia Therm\u00e6 &amp; Spa\",\"isPartOf\":{\"@id\":\"https:\/\/www.savoiaterme.it\/fr\/#website\"},\"datePublished\":\"2026-04-07T07:31:56+00:00\",\"dateModified\":\"2026-04-13T13:50:28+00:00\",\"breadcrumb\":{\"@id\":\"https:\/\/www.savoiaterme.it\/fr\/paiement-en-ligne\/#breadcrumb\"},\"inLanguage\":\"fr-FR\",\"potentialAction\":[{\"@type\":\"ReadAction\",\"target\":[\"https:\/\/www.savoiaterme.it\/fr\/paiement-en-ligne\/\"]}]},{\"@type\":\"BreadcrumbList\",\"@id\":\"https:\/\/www.savoiaterme.it\/fr\/paiement-en-ligne\/#breadcrumb\",\"itemListElement\":[{\"@type\":\"ListItem\",\"position\":1,\"name\":\"\",\"item\":\"https:\/\/www.savoiaterme.it\/fr\/\"},{\"@type\":\"ListItem\",\"position\":2,\"name\":\"Paiement en ligne\"}]},{\"@type\":\"WebSite\",\"@id\":\"https:\/\/www.savoiaterme.it\/fr\/#website\",\"url\":\"https:\/\/www.savoiaterme.it\/fr\/\",\"name\":\"Hotel Savoia Therm\u00e6 &amp; Spa\",\"description\":\"ABANO TERME\",\"potentialAction\":[{\"@type\":\"SearchAction\",\"target\":{\"@type\":\"EntryPoint\",\"urlTemplate\":\"https:\/\/www.savoiaterme.it\/fr\/?s={search_term_string}\"},\"query-input\":{\"@type\":\"PropertyValueSpecification\",\"valueRequired\":true,\"valueName\":\"search_term_string\"}}],\"inLanguage\":\"fr-FR\"}]}<\/script>\n<!-- \/ Yoast SEO plugin. -->","yoast_head_json":{"title":"Paiement en ligne - Hotel Savoia Therm\u00e6 &amp; Spa","robots":{"index":"index","follow":"follow","max-snippet":"max-snippet:-1","max-image-preview":"max-image-preview:large","max-video-preview":"max-video-preview:-1"},"canonical":"https:\/\/www.savoiaterme.it\/fr\/paiement-en-ligne\/","og_locale":"fr_FR","og_type":"article","og_title":"Paiement en ligne - Hotel Savoia Therm\u00e6 &amp; Spa","og_url":"https:\/\/www.savoiaterme.it\/fr\/paiement-en-ligne\/","og_site_name":"Hotel Savoia Therm\u00e6 &amp; Spa","article_modified_time":"2026-04-13T13:50:28+00:00","twitter_card":"summary_large_image","twitter_misc":{"Dur\u00e9e de lecture estim\u00e9e":"1 minute"},"schema":{"@context":"https:\/\/schema.org","@graph":[{"@type":"WebPage","@id":"https:\/\/www.savoiaterme.it\/fr\/paiement-en-ligne\/","url":"https:\/\/www.savoiaterme.it\/fr\/paiement-en-ligne\/","name":"Paiement en ligne - Hotel Savoia Therm\u00e6 &amp; Spa","isPartOf":{"@id":"https:\/\/www.savoiaterme.it\/fr\/#website"},"datePublished":"2026-04-07T07:31:56+00:00","dateModified":"2026-04-13T13:50:28+00:00","breadcrumb":{"@id":"https:\/\/www.savoiaterme.it\/fr\/paiement-en-ligne\/#breadcrumb"},"inLanguage":"fr-FR","potentialAction":[{"@type":"ReadAction","target":["https:\/\/www.savoiaterme.it\/fr\/paiement-en-ligne\/"]}]},{"@type":"BreadcrumbList","@id":"https:\/\/www.savoiaterme.it\/fr\/paiement-en-ligne\/#breadcrumb","itemListElement":[{"@type":"ListItem","position":1,"name":"","item":"https:\/\/www.savoiaterme.it\/fr\/"},{"@type":"ListItem","position":2,"name":"Paiement en ligne"}]},{"@type":"WebSite","@id":"https:\/\/www.savoiaterme.it\/fr\/#website","url":"https:\/\/www.savoiaterme.it\/fr\/","name":"Hotel Savoia Therm\u00e6 &amp; Spa","description":"ABANO TERME","potentialAction":[{"@type":"SearchAction","target":{"@type":"EntryPoint","urlTemplate":"https:\/\/www.savoiaterme.it\/fr\/?s={search_term_string}"},"query-input":{"@type":"PropertyValueSpecification","valueRequired":true,"valueName":"search_term_string"}}],"inLanguage":"fr-FR"}]}},"coauthors":[],"author_meta":{"author_link":"https:\/\/www.savoiaterme.it\/fr\/author\/stefano-p\/","display_name":"Stefano P."},"relative_dates":{"created":"Publi\u00e9 1 semaine il y a","modified":"Mis \u00e0 jour 2 jours il y a"},"absolute_dates":{"created":"Publi\u00e9 le avril 7, 2026","modified":"Mise \u00e0 jour le avril 13, 2026"},"absolute_dates_time":{"created":"Publi\u00e9 le avril 7, 2026 9:31 am","modified":"Mise \u00e0 jour le avril 13, 2026 3:50 pm"},"featured_img_caption":"","featured_img":false,"series_order":"","_links":{"self":[{"href":"https:\/\/www.savoiaterme.it\/fr\/wp-json\/wp\/v2\/pages\/33897","targetHints":{"allow":["GET"]}}],"collection":[{"href":"https:\/\/www.savoiaterme.it\/fr\/wp-json\/wp\/v2\/pages"}],"about":[{"href":"https:\/\/www.savoiaterme.it\/fr\/wp-json\/wp\/v2\/types\/page"}],"author":[{"embeddable":true,"href":"https:\/\/www.savoiaterme.it\/fr\/wp-json\/wp\/v2\/users\/29"}],"replies":[{"embeddable":true,"href":"https:\/\/www.savoiaterme.it\/fr\/wp-json\/wp\/v2\/comments?post=33897"}],"version-history":[{"count":4,"href":"https:\/\/www.savoiaterme.it\/fr\/wp-json\/wp\/v2\/pages\/33897\/revisions"}],"predecessor-version":[{"id":34090,"href":"https:\/\/www.savoiaterme.it\/fr\/wp-json\/wp\/v2\/pages\/33897\/revisions\/34090"}],"wp:attachment":[{"href":"https:\/\/www.savoiaterme.it\/fr\/wp-json\/wp\/v2\/media?parent=33897"}],"curies":[{"name":"wp","href":"https:\/\/api.w.org\/{rel}","templated":true}]}}