{"id":804,"date":"2021-09-06T15:12:35","date_gmt":"2021-09-06T13:12:35","guid":{"rendered":"https:\/\/www.savoiaterme.it\/?page_id=804"},"modified":"2022-10-14T11:51:42","modified_gmt":"2022-10-14T09:51:42","slug":"sport-golf-co","status":"publish","type":"page","link":"https:\/\/www.savoiaterme.it\/it\/hotel\/attivita\/sport-golf-co\/","title":{"rendered":"Sport, golf &#038; co"},"content":{"rendered":"<div  class=\"grids-section grids-is-advanced alignfull\" style=\"--_gs-gap-desktop:0px 0px;--_gs-m-desktop:0 0 0 0;--_gs-p-desktop:0 0 0 0;--_gs-bg-desktop:#f7f6f8 none;--_gs-bg-xp-desktop:0px;--_gs-zi-desktop:auto;--_gs-d-desktop:block;--_gs-mw-desktop:calc(100% - 0 - 0);--_gs-gap-tablet:0px 0px;--_gs-m-tablet:0 0 0 0;--_gs-p-tablet:0 0 0 0;--_gs-bg-tablet:#f7f6f8 none;--_gs-bg-xp-tablet:0px;--_gs-zi-tablet:auto;--_gs-d-tablet:block;--_gs-mw-tablet:calc(100% - 0 - 0);--_gs-gap-mobile:0px 0px;--_gs-m-mobile:0 0 0 0;--_gs-p-mobile:0 0 0 0;--_gs-bg-mobile:#f7f6f8 none;--_gs-bg-xp-mobile:0px;--_gs-zi-mobile:auto;--_gs-d-mobile:block;--_gs-mw-mobile:calc(100% - 0 - 0);--_gs-columns:12;--_gs-rows:6\"><div class=\"grids-s-w_i\">\n<div class=\"grids-area\" style=\"--_ga-column:2\/12;--_ga-row:1\/5;--_ga-m-desktop:0 0 0 0;--_ga-p-desktop:10px 10px 10px 10px;--_ga-bg-desktop:transparent none;--_ga-zi-desktop:auto;--_ga-d-desktop:flex;--_ga-mw-desktop:calc(100% - 0 - 0);--_ga-m-tablet:0 0 0 0;--_ga-p-tablet:10px 10px 10px 10px;--_ga-bg-tablet:transparent none;--_ga-zi-tablet:auto;--_ga-d-tablet:flex;--_ga-mw-tablet:calc(100% - 0 - 0);--_ga-m-mobile:0 0 0 0;--_ga-p-mobile:10px 10px 10px 10px;--_ga-bg-mobile:transparent none;--_ga-zi-mobile:auto;--_ga-d-mobile:flex;--_ga-mw-mobile:calc(100% - 0 - 0)\">\n\n<p><strong>Respirare aria nuova<\/strong>. Profumo di vacanza e di tempo libero. Inspirare benessere, espirare stress. Stare all\u2019<strong>aria aperta<\/strong>, concedersi del tempo, regalarsi nuovi spazi.<strong> Liberare il corpo liberando la mente<\/strong>. Appassionarsi e abbandonarsi a nuove esperienze.<\/p>\n\n<\/div>\n<\/div><\/div>\n\n<div  class=\"grids-section grids-is-advanced alignfull\" style=\"--_gs-gap-desktop:0px 0px;--_gs-m-desktop:0 0 0 0;--_gs-p-desktop:0 0 0 0;--_gs-bg-desktop:transparent none;--_gs-bg-xp-desktop:0px;--_gs-zi-desktop:auto;--_gs-d-desktop:block;--_gs-mw-desktop:calc(100% - 0 - 0);--_gs-gap-tablet:0px 0px;--_gs-m-tablet:0 0 0 0;--_gs-p-tablet:0 0 0 0;--_gs-bg-tablet:transparent none;--_gs-bg-xp-tablet:0px;--_gs-zi-tablet:auto;--_gs-d-tablet:block;--_gs-mw-tablet:calc(100% - 0 - 0);--_gs-gap-mobile:0px 0px;--_gs-m-mobile:20px 0 20px 0;--_gs-p-mobile:0 0 0 0;--_gs-bg-mobile:transparent none;--_gs-bg-xp-mobile:0px;--_gs-zi-mobile:auto;--_gs-d-mobile:block;--_gs-mw-mobile:calc(100% - 0 - 0);--_gs-columns:12;--_gs-rows:6\"><div class=\"grids-s-w_i\">\n<div class=\"grids-area\" style=\"--_ga-column:2\/7;--_ga-row:1\/7;--_ga-va:center;--_ga-m-desktop:0 20px 0 0;--_ga-p-desktop:0 0 0 0;--_ga-bg-desktop:transparent none;--_ga-zi-desktop:auto;--_ga-d-desktop:flex;--_ga-mw-desktop:calc(100% - 0 - 20px);--_ga-m-tablet:0 20px 0 0;--_ga-p-tablet:0 0 0 0;--_ga-bg-tablet:transparent none;--_ga-zi-tablet:auto;--_ga-d-tablet:flex;--_ga-mw-tablet:calc(100% - 0 - 20px);--_ga-m-mobile:0 20px 0 0;--_ga-p-mobile:20px 0 20px 0;--_ga-bg-mobile:transparent none;--_ga-zi-mobile:auto;--_ga-d-mobile:flex;--_ga-mw-mobile:calc(100% - 0 - 20px)\">\n\n<h2 class=\"wp-block-heading\"><meta charset=\"utf-8\">Easy activities<\/h2>\n\n\n\n<p><meta charset=\"utf-8\"><strong>Giro dei Colli Euganei in bicicletta<\/strong><\/p>\n\n\n\n<p>Per gli amanti della bicicletta, i Colli Euganei offrono molti <strong>itinerari per immergersi nella natura<\/strong> e andare alla scoperta di borghi, castelli e ville e trascorrere una giornata all\u2019aria aperta tra queste meravigliose colline.<br><\/p>\n\n\n\n<p>Tra i giri pi\u00f9 famosi e affascinanti da percorrere troviamo:<\/p>\n\n\n\n<ul class=\"wp-block-list\"><li>L\u2019<strong>anello dei Colli Euganei di 64 km<\/strong>, che offre un giro delle citt\u00e0 murate della Bassa Padova;<\/li><li><strong>La via del Sale e dello Zucchero di 15 km<\/strong>, un percorso lungo le calme acque dei canali un tempo attraversate da grandi imbarcazioni che trasportavano sale e zucchero.<\/li><\/ul>\n\n<\/div>\n\n<div class=\"grids-area\" style=\"--_ga-column:7\/12;--_ga-row:1\/7;--_ga-va:center;--_ga-m-desktop:0 0 0 20px;--_ga-p-desktop:0 0 0 0;--_ga-bg-desktop:transparent none;--_ga-zi-desktop:auto;--_ga-d-desktop:flex;--_ga-mw-desktop:calc(100% - 20px - 0);--_ga-m-tablet:0 0 0 20px;--_ga-p-tablet:0 0 0 0;--_ga-bg-tablet:transparent none;--_ga-zi-tablet:auto;--_ga-d-tablet:flex;--_ga-mw-tablet:calc(100% - 20px - 0);--_ga-m-mobile:0 0 0 0px;--_ga-p-mobile:0 0 0 0;--_ga-bg-mobile:transparent none;--_ga-zi-mobile:auto;--_ga-d-mobile:flex;--_ga-mw-mobile:calc(100% - 0px - 0)\">\n\n<figure class=\"wp-block-image size-large image-background-overlay-effect\"><img style=\"background-color: #4d4e20;\" loading=\"lazy\" decoding=\"async\" width=\"1024\" height=\"683\" src=\"https:\/\/www.savoiaterme.it\/wp-content\/uploads\/2022\/08\/bici-colli-euganei-savoia-terme-abano-01-1024x683.jpg\" alt=\"\" class=\"wp-image-13284\" srcset=\"https:\/\/www.savoiaterme.it\/wp-content\/uploads\/2022\/08\/bici-colli-euganei-savoia-terme-abano-01-1024x683.jpg 1024w, https:\/\/www.savoiaterme.it\/wp-content\/uploads\/2022\/08\/bici-colli-euganei-savoia-terme-abano-01-300x200.jpg 300w, https:\/\/www.savoiaterme.it\/wp-content\/uploads\/2022\/08\/bici-colli-euganei-savoia-terme-abano-01-768x512.jpg 768w, https:\/\/www.savoiaterme.it\/wp-content\/uploads\/2022\/08\/bici-colli-euganei-savoia-terme-abano-01-1536x1024.jpg 1536w, https:\/\/www.savoiaterme.it\/wp-content\/uploads\/2022\/08\/bici-colli-euganei-savoia-terme-abano-01-1568x1045.jpg 1568w, https:\/\/www.savoiaterme.it\/wp-content\/uploads\/2022\/08\/bici-colli-euganei-savoia-terme-abano-01.jpg 1800w\" sizes=\"auto, (max-width: 1024px) 100vw, 1024px\" \/><\/figure>\n\n<\/div>\n<\/div><\/div>\n\n<div  class=\"grids-section grids-is-advanced alignfull\" style=\"--_gs-gap-desktop:0px 0px;--_gs-m-desktop:0 0 0 0;--_gs-p-desktop:0 0 0 0;--_gs-bg-desktop:transparent none;--_gs-bg-xp-desktop:0px;--_gs-zi-desktop:auto;--_gs-d-desktop:block;--_gs-mw-desktop:calc(100% - 0 - 0);--_gs-gap-tablet:0px 0px;--_gs-m-tablet:0 0 0 0;--_gs-p-tablet:0 0 0 0;--_gs-bg-tablet:transparent none;--_gs-bg-xp-tablet:0px;--_gs-zi-tablet:auto;--_gs-d-tablet:block;--_gs-mw-tablet:calc(100% - 0 - 0);--_gs-gap-mobile:0px 0px;--_gs-m-mobile:20px 0 20px 0;--_gs-p-mobile:0 0 0 0;--_gs-bg-mobile:transparent none;--_gs-bg-xp-mobile:0px;--_gs-zi-mobile:auto;--_gs-d-mobile:block;--_gs-mw-mobile:calc(100% - 0 - 0);--_gs-columns:12;--_gs-rows:6\"><div class=\"grids-s-w_i\">\n<div class=\"grids-area\" style=\"--_ga-column:7\/12;--_ga-row:1\/7;--_ga-va:center;--_ga-m-desktop:0 0 0 20px;--_ga-p-desktop:0 0 0 0;--_ga-bg-desktop:transparent none;--_ga-zi-desktop:auto;--_ga-d-desktop:flex;--_ga-mw-desktop:calc(100% - 20px - 0);--_ga-m-tablet:0 0 0 20px;--_ga-p-tablet:0 0 0 0;--_ga-bg-tablet:transparent none;--_ga-zi-tablet:auto;--_ga-d-tablet:flex;--_ga-mw-tablet:calc(100% - 20px - 0);--_ga-m-mobile:0 0 0 0px;--_ga-p-mobile:20px 0 20px 0;--_ga-bg-mobile:transparent none;--_ga-zi-mobile:auto;--_ga-d-mobile:flex;--_ga-mw-mobile:calc(100% - 0px - 0)\">\n\n<h2 class=\"wp-block-heading\">Golf<\/h2>\n\n\n\n<p><meta charset=\"utf-8\">L&#8217;Hotel Savoia Therm\u00e6 &amp; Spa \u00e8 <strong>associato ai migliori Golf Club del Veneto<\/strong> con particolari condizioni per i &#8220;green fees&#8221;. Potrete inoltre prenotare un <strong>servizio Shuttle<\/strong> direttamente dall&#8217;albergo.<br>Cliccando sopra ai nomi di ciascuno dei golf club scoprirete gli <strong>entusiasmanti percorsi<\/strong> e riceverete tutte le informazioni che vi serviranno per completare il vostro \u201csempre verde\u201d soggiorno-vacanza.<\/p>\n\n\n<div  class=\"grids-section grids-is-advanced\" style=\"--_gs-gap-desktop:0px 0px;--_gs-m-desktop:0 0 0 0;--_gs-p-desktop:0 0 0 0;--_gs-bg-desktop:transparent none;--_gs-bg-xp-desktop:0px;--_gs-zi-desktop:auto;--_gs-d-desktop:block;--_gs-mw-desktop:calc(100% - 0 - 0);--_gs-gap-tablet:0px 0px;--_gs-m-tablet:0 0 0 0;--_gs-p-tablet:0 0 0 0;--_gs-bg-tablet:transparent none;--_gs-bg-xp-tablet:0px;--_gs-zi-tablet:auto;--_gs-d-tablet:block;--_gs-mw-tablet:calc(100% - 0 - 0);--_gs-gap-mobile:0px 0px;--_gs-m-mobile:0 0 0 0;--_gs-p-mobile:0 0 0 0;--_gs-bg-mobile:transparent none;--_gs-bg-xp-mobile:0px;--_gs-zi-mobile:auto;--_gs-d-mobile:block;--_gs-mw-mobile:calc(100% - 0 - 0);--_gs-columns:12;--_gs-rows:6\"><div class=\"grids-s-w_i\">\n<div class=\"grids-area\" style=\"--_ga-column:1\/7;--_ga-row:1\/7;--_ga-m-desktop:0 5px 0 0;--_ga-p-desktop:0 0 0 0;--_ga-bg-desktop:transparent none;--_ga-zi-desktop:auto;--_ga-d-desktop:flex;--_ga-mw-desktop:calc(100% - 0 - 5px);--_ga-m-tablet:0 5px 0 0;--_ga-p-tablet:0 0 0 0;--_ga-bg-tablet:transparent none;--_ga-zi-tablet:auto;--_ga-d-tablet:flex;--_ga-mw-tablet:calc(100% - 0 - 5px);--_ga-m-mobile:0 5px 0 0;--_ga-p-mobile:0 0 0 0;--_ga-bg-mobile:transparent none;--_ga-zi-mobile:auto;--_ga-d-mobile:flex;--_ga-mw-mobile:calc(100% - 0 - 5px)\">\n\n<p class=\"has-text-align-left\"><a href=\"https:\/\/www.golfmontecchia.it\/\" target=\"_blank\" rel=\"noreferrer noopener\">Golf della Montecchia (5 km) &gt;<\/a><\/p>\n\n\n\n<p class=\"has-text-align-left\"><a href=\"https:\/\/www.golffrassanelle.it\/\" target=\"_blank\" rel=\"noreferrer noopener\">ASD Golf Club Frassanelle (10 km) &gt;<\/a><\/p>\n\n\n\n<p class=\"has-text-align-left\"><a href=\"https:\/\/www.golfclubpadova.it\/\/\" target=\"_blank\" rel=\"noreferrer noopener\">Golf Club Padova A.S.D. (12 km) &gt;<\/a><\/p>\n\n\n\n<p class=\"has-text-align-left\"><a href=\"http:\/\/www.cadellanave.com\/\" target=\"_blank\" rel=\"noreferrer noopener\">Ca\u2019 della Nave (48 km) &gt;<\/a><\/p>\n\n\n\n<a href=\"\/it\/offerta\/golf-relax-colli-euganei\/\" class=\"btn\">SCOPRI L&#8217;OFFERTA<\/a>\n\n<\/div>\n<\/div><\/div>\n<\/div>\n\n<div class=\"grids-area\" style=\"--_ga-column:2\/7;--_ga-row:1\/7;--_ga-va:center;--_ga-m-desktop:0 20px 0 0;--_ga-p-desktop:0 0 0 0;--_ga-bg-desktop:transparent none;--_ga-zi-desktop:auto;--_ga-d-desktop:flex;--_ga-mw-desktop:calc(100% - 0 - 20px);--_ga-m-tablet:0 20px 0 0;--_ga-p-tablet:0 0 0 0;--_ga-bg-tablet:transparent none;--_ga-zi-tablet:auto;--_ga-d-tablet:flex;--_ga-mw-tablet:calc(100% - 0 - 20px);--_ga-m-mobile:0 0px 0 0;--_ga-p-mobile:0 0 0 0;--_ga-bg-mobile:transparent none;--_ga-zi-mobile:auto;--_ga-d-mobile:flex;--_ga-mw-mobile:calc(100% - 0 - 0px)\">\n\n<figure class=\"wp-block-image size-large image-background-overlay-effect\"><img style=\"background-color: #8f9382;\" loading=\"lazy\" decoding=\"async\" width=\"1024\" height=\"683\" src=\"https:\/\/www.savoiaterme.it\/wp-content\/uploads\/2021\/09\/golf-hotel-savoia-terme-abano-1024x683.jpg\" alt=\"\" class=\"wp-image-827\" srcset=\"https:\/\/www.savoiaterme.it\/wp-content\/uploads\/2021\/09\/golf-hotel-savoia-terme-abano-1024x683.jpg 1024w, https:\/\/www.savoiaterme.it\/wp-content\/uploads\/2021\/09\/golf-hotel-savoia-terme-abano-300x200.jpg 300w, https:\/\/www.savoiaterme.it\/wp-content\/uploads\/2021\/09\/golf-hotel-savoia-terme-abano-768x512.jpg 768w, https:\/\/www.savoiaterme.it\/wp-content\/uploads\/2021\/09\/golf-hotel-savoia-terme-abano-1536x1024.jpg 1536w, https:\/\/www.savoiaterme.it\/wp-content\/uploads\/2021\/09\/golf-hotel-savoia-terme-abano-1568x1045.jpg 1568w, https:\/\/www.savoiaterme.it\/wp-content\/uploads\/2021\/09\/golf-hotel-savoia-terme-abano.jpg 1800w\" sizes=\"auto, (max-width: 1024px) 100vw, 1024px\" \/><\/figure>\n\n<\/div>\n<\/div><\/div>","protected":false},"excerpt":{"rendered":"","protected":false},"author":1,"featured_media":807,"parent":982,"menu_order":0,"comment_status":"closed","ping_status":"closed","template":"","meta":{"_acf_changed":false,"advgb_blocks_editor_width":"","advgb_blocks_columns_visual_guide":"","footnotes":""},"class_list":["post-804","page","type-page","status-publish","has-post-thumbnail","hentry","entry"],"acf":{"page_custom_gallery":null,"element_single_page":null,"second_element_single_page":null},"yoast_head":"<!-- This site is optimized with the Yoast SEO plugin v25.7 - https:\/\/yoast.com\/wordpress\/plugins\/seo\/ -->\n<title>Golf Club associati con noi - Hotel Savoia Therm\u00e6 &amp; Spa<\/title>\n<meta name=\"description\" content=\"L&#039;Hotel Savoia Therm\u00e6 &amp; SPA \u00e8 associato ai migliori Golf Club del Veneto con particolari condizioni per i &quot;green fees&quot;.\" \/>\n<meta name=\"robots\" content=\"index, follow, max-snippet:-1, max-image-preview:large, max-video-preview:-1\" \/>\n<link rel=\"canonical\" href=\"https:\/\/www.savoiaterme.it\/it\/hotel\/attivita\/sport-golf-co\/\" \/>\n<meta property=\"og:locale\" content=\"it_IT\" \/>\n<meta property=\"og:type\" content=\"article\" \/>\n<meta property=\"og:title\" content=\"Golf Club associati con noi - Hotel Savoia Therm\u00e6 &amp; Spa\" \/>\n<meta property=\"og:description\" content=\"L&#039;Hotel Savoia Therm\u00e6 &amp; SPA \u00e8 associato ai migliori Golf Club del Veneto con particolari condizioni per i &quot;green fees&quot;.\" \/>\n<meta property=\"og:url\" content=\"https:\/\/www.savoiaterme.it\/it\/hotel\/attivita\/sport-golf-co\/\" \/>\n<meta property=\"og:site_name\" content=\"Hotel Savoia Therm\u00e6 &amp; Spa\" \/>\n<meta property=\"article:modified_time\" content=\"2022-10-14T09:51:42+00:00\" \/>\n<meta property=\"og:image\" content=\"https:\/\/www.savoiaterme.it\/wp-content\/uploads\/2021\/09\/golf-e-sport-hotel-savoia-terme-abano.jpg\" \/>\n\t<meta property=\"og:image:width\" content=\"2000\" \/>\n\t<meta property=\"og:image:height\" content=\"714\" \/>\n\t<meta property=\"og:image:type\" content=\"image\/jpeg\" \/>\n<meta name=\"twitter:card\" content=\"summary_large_image\" \/>\n<meta name=\"twitter:label1\" content=\"Tempo di lettura stimato\" \/>\n\t<meta name=\"twitter:data1\" content=\"2 minuti\" \/>\n<script type=\"application\/ld+json\" class=\"yoast-schema-graph\">{\"@context\":\"https:\/\/schema.org\",\"@graph\":[{\"@type\":\"WebPage\",\"@id\":\"https:\/\/www.savoiaterme.it\/it\/hotel\/attivita\/sport-golf-co\/\",\"url\":\"https:\/\/www.savoiaterme.it\/it\/hotel\/attivita\/sport-golf-co\/\",\"name\":\"Golf Club associati con noi - Hotel Savoia Therm\u00e6 &amp; Spa\",\"isPartOf\":{\"@id\":\"https:\/\/www.savoiaterme.it\/it\/#website\"},\"primaryImageOfPage\":{\"@id\":\"https:\/\/www.savoiaterme.it\/it\/hotel\/attivita\/sport-golf-co\/#primaryimage\"},\"image\":{\"@id\":\"https:\/\/www.savoiaterme.it\/it\/hotel\/attivita\/sport-golf-co\/#primaryimage\"},\"thumbnailUrl\":\"https:\/\/www.savoiaterme.it\/wp-content\/uploads\/2021\/09\/golf-e-sport-hotel-savoia-terme-abano.jpg\",\"datePublished\":\"2021-09-06T13:12:35+00:00\",\"dateModified\":\"2022-10-14T09:51:42+00:00\",\"description\":\"L'Hotel Savoia Therm\u00e6 & SPA \u00e8 associato ai migliori Golf Club del Veneto con particolari condizioni per i \\\"green fees\\\".\",\"breadcrumb\":{\"@id\":\"https:\/\/www.savoiaterme.it\/it\/hotel\/attivita\/sport-golf-co\/#breadcrumb\"},\"inLanguage\":\"it-IT\",\"potentialAction\":[{\"@type\":\"ReadAction\",\"target\":[\"https:\/\/www.savoiaterme.it\/it\/hotel\/attivita\/sport-golf-co\/\"]}]},{\"@type\":\"ImageObject\",\"inLanguage\":\"it-IT\",\"@id\":\"https:\/\/www.savoiaterme.it\/it\/hotel\/attivita\/sport-golf-co\/#primaryimage\",\"url\":\"https:\/\/www.savoiaterme.it\/wp-content\/uploads\/2021\/09\/golf-e-sport-hotel-savoia-terme-abano.jpg\",\"contentUrl\":\"https:\/\/www.savoiaterme.it\/wp-content\/uploads\/2021\/09\/golf-e-sport-hotel-savoia-terme-abano.jpg\",\"width\":2000,\"height\":714,\"caption\":\"Close up of golf ball on a tee with golf club on the fairway.\"},{\"@type\":\"BreadcrumbList\",\"@id\":\"https:\/\/www.savoiaterme.it\/it\/hotel\/attivita\/sport-golf-co\/#breadcrumb\",\"itemListElement\":[{\"@type\":\"ListItem\",\"position\":1,\"name\":\"\",\"item\":\"https:\/\/www.savoiaterme.it\/it\/\"},{\"@type\":\"ListItem\",\"position\":2,\"name\":\"Hotel Savoia Therm\u00e6 &#038; Spa\",\"item\":\"https:\/\/www.savoiaterme.it\/it\/hotel\/\"},{\"@type\":\"ListItem\",\"position\":3,\"name\":\"Attivit\u00e0\",\"item\":\"https:\/\/www.savoiaterme.it\/it\/hotel\/attivita\/\"},{\"@type\":\"ListItem\",\"position\":4,\"name\":\"Sport, golf &#038; co\"}]},{\"@type\":\"WebSite\",\"@id\":\"https:\/\/www.savoiaterme.it\/it\/#website\",\"url\":\"https:\/\/www.savoiaterme.it\/it\/\",\"name\":\"Hotel Savoia Therm\u00e6 &amp; Spa\",\"description\":\"ABANO TERME\",\"potentialAction\":[{\"@type\":\"SearchAction\",\"target\":{\"@type\":\"EntryPoint\",\"urlTemplate\":\"https:\/\/www.savoiaterme.it\/it\/?s={search_term_string}\"},\"query-input\":{\"@type\":\"PropertyValueSpecification\",\"valueRequired\":true,\"valueName\":\"search_term_string\"}}],\"inLanguage\":\"it-IT\"}]}<\/script>\n<!-- \/ Yoast SEO plugin. -->","yoast_head_json":{"title":"Golf Club associati con noi - Hotel Savoia Therm\u00e6 &amp; Spa","description":"L'Hotel Savoia Therm\u00e6 & SPA \u00e8 associato ai migliori Golf Club del Veneto con particolari condizioni per i \"green fees\".","robots":{"index":"index","follow":"follow","max-snippet":"max-snippet:-1","max-image-preview":"max-image-preview:large","max-video-preview":"max-video-preview:-1"},"canonical":"https:\/\/www.savoiaterme.it\/it\/hotel\/attivita\/sport-golf-co\/","og_locale":"it_IT","og_type":"article","og_title":"Golf Club associati con noi - Hotel Savoia Therm\u00e6 &amp; Spa","og_description":"L'Hotel Savoia Therm\u00e6 & SPA \u00e8 associato ai migliori Golf Club del Veneto con particolari condizioni per i \"green fees\".","og_url":"https:\/\/www.savoiaterme.it\/it\/hotel\/attivita\/sport-golf-co\/","og_site_name":"Hotel Savoia Therm\u00e6 &amp; Spa","article_modified_time":"2022-10-14T09:51:42+00:00","og_image":[{"width":2000,"height":714,"url":"https:\/\/www.savoiaterme.it\/wp-content\/uploads\/2021\/09\/golf-e-sport-hotel-savoia-terme-abano.jpg","type":"image\/jpeg"}],"twitter_card":"summary_large_image","twitter_misc":{"Tempo di lettura stimato":"2 minuti"},"schema":{"@context":"https:\/\/schema.org","@graph":[{"@type":"WebPage","@id":"https:\/\/www.savoiaterme.it\/it\/hotel\/attivita\/sport-golf-co\/","url":"https:\/\/www.savoiaterme.it\/it\/hotel\/attivita\/sport-golf-co\/","name":"Golf Club associati con noi - Hotel Savoia Therm\u00e6 &amp; Spa","isPartOf":{"@id":"https:\/\/www.savoiaterme.it\/it\/#website"},"primaryImageOfPage":{"@id":"https:\/\/www.savoiaterme.it\/it\/hotel\/attivita\/sport-golf-co\/#primaryimage"},"image":{"@id":"https:\/\/www.savoiaterme.it\/it\/hotel\/attivita\/sport-golf-co\/#primaryimage"},"thumbnailUrl":"https:\/\/www.savoiaterme.it\/wp-content\/uploads\/2021\/09\/golf-e-sport-hotel-savoia-terme-abano.jpg","datePublished":"2021-09-06T13:12:35+00:00","dateModified":"2022-10-14T09:51:42+00:00","description":"L'Hotel Savoia Therm\u00e6 & SPA \u00e8 associato ai migliori Golf Club del Veneto con particolari condizioni per i \"green fees\".","breadcrumb":{"@id":"https:\/\/www.savoiaterme.it\/it\/hotel\/attivita\/sport-golf-co\/#breadcrumb"},"inLanguage":"it-IT","potentialAction":[{"@type":"ReadAction","target":["https:\/\/www.savoiaterme.it\/it\/hotel\/attivita\/sport-golf-co\/"]}]},{"@type":"ImageObject","inLanguage":"it-IT","@id":"https:\/\/www.savoiaterme.it\/it\/hotel\/attivita\/sport-golf-co\/#primaryimage","url":"https:\/\/www.savoiaterme.it\/wp-content\/uploads\/2021\/09\/golf-e-sport-hotel-savoia-terme-abano.jpg","contentUrl":"https:\/\/www.savoiaterme.it\/wp-content\/uploads\/2021\/09\/golf-e-sport-hotel-savoia-terme-abano.jpg","width":2000,"height":714,"caption":"Close up of golf ball on a tee with golf club on the fairway."},{"@type":"BreadcrumbList","@id":"https:\/\/www.savoiaterme.it\/it\/hotel\/attivita\/sport-golf-co\/#breadcrumb","itemListElement":[{"@type":"ListItem","position":1,"name":"","item":"https:\/\/www.savoiaterme.it\/it\/"},{"@type":"ListItem","position":2,"name":"Hotel Savoia Therm\u00e6 &#038; Spa","item":"https:\/\/www.savoiaterme.it\/it\/hotel\/"},{"@type":"ListItem","position":3,"name":"Attivit\u00e0","item":"https:\/\/www.savoiaterme.it\/it\/hotel\/attivita\/"},{"@type":"ListItem","position":4,"name":"Sport, golf &#038; co"}]},{"@type":"WebSite","@id":"https:\/\/www.savoiaterme.it\/it\/#website","url":"https:\/\/www.savoiaterme.it\/it\/","name":"Hotel Savoia Therm\u00e6 &amp; Spa","description":"ABANO TERME","potentialAction":[{"@type":"SearchAction","target":{"@type":"EntryPoint","urlTemplate":"https:\/\/www.savoiaterme.it\/it\/?s={search_term_string}"},"query-input":{"@type":"PropertyValueSpecification","valueRequired":true,"valueName":"search_term_string"}}],"inLanguage":"it-IT"}]}},"coauthors":[],"author_meta":{"author_link":"https:\/\/www.savoiaterme.it\/it\/author\/sav014-t3rm294k\/","display_name":"sav014-t3rm294k"},"relative_dates":{"created":"Pubblicato 5 anni fa","modified":"Aggiornato 3 anni fa"},"absolute_dates":{"created":"Pubblicato il Settembre 6, 2021","modified":"Aggiornato il Ottobre 14, 2022"},"absolute_dates_time":{"created":"Pubblicato il Settembre 6, 2021 3:12 pm","modified":"Aggiornato il Ottobre 14, 2022 11:51 am"},"featured_img_caption":"Close up of golf ball on a tee with golf club on the fairway.","featured_img":"https:\/\/www.savoiaterme.it\/wp-content\/uploads\/2021\/09\/golf-e-sport-hotel-savoia-terme-abano-1568x560.jpg","series_order":"","_links":{"self":[{"href":"https:\/\/www.savoiaterme.it\/it\/wp-json\/wp\/v2\/pages\/804","targetHints":{"allow":["GET"]}}],"collection":[{"href":"https:\/\/www.savoiaterme.it\/it\/wp-json\/wp\/v2\/pages"}],"about":[{"href":"https:\/\/www.savoiaterme.it\/it\/wp-json\/wp\/v2\/types\/page"}],"author":[{"embeddable":true,"href":"https:\/\/www.savoiaterme.it\/it\/wp-json\/wp\/v2\/users\/1"}],"replies":[{"embeddable":true,"href":"https:\/\/www.savoiaterme.it\/it\/wp-json\/wp\/v2\/comments?post=804"}],"version-history":[{"count":0,"href":"https:\/\/www.savoiaterme.it\/it\/wp-json\/wp\/v2\/pages\/804\/revisions"}],"up":[{"embeddable":true,"href":"https:\/\/www.savoiaterme.it\/it\/wp-json\/wp\/v2\/pages\/982"}],"wp:featuredmedia":[{"embeddable":true,"href":"https:\/\/www.savoiaterme.it\/it\/wp-json\/wp\/v2\/media\/807"}],"wp:attachment":[{"href":"https:\/\/www.savoiaterme.it\/it\/wp-json\/wp\/v2\/media?parent=804"}],"curies":[{"name":"wp","href":"https:\/\/api.w.org\/{rel}","templated":true}]}}